{"id":14340,"date":"2022-04-05T12:15:40","date_gmt":"2022-04-05T18:15:40","guid":{"rendered":"https:\/\/stack-cprm.valtech.systems\/featherlite\/?post_type=product&#038;p=14340"},"modified":"2022-04-05T12:21:51","modified_gmt":"2022-04-05T18:21:51","slug":"levelok","status":"publish","type":"product","link":"https:\/\/featherliteladders.com\/fr\/product\/niveauok\/","title":{"rendered":"NIVEAUOK"},"content":{"rendered":"<div data-elementor-type=\"product-post\" data-elementor-id=\"14340\" class=\"elementor elementor-14340\">\n\t\t\t\t\t\t\t\t\t<section class=\"elementor-section elementor-top-section elementor-element elementor-element-4dea8011 elementor-section-boxed elementor-section-height-default elementor-section-height-default\" data-id=\"4dea8011\" data-element_type=\"section\">\n\t\t\t\t\t\t<div class=\"elementor-container elementor-column-gap-default\">\n\t\t\t\t\t<div class=\"elementor-column elementor-col-100 elementor-top-column elementor-element elementor-element-3b2860f2\" data-id=\"3b2860f2\" data-element_type=\"column\">\n\t\t\t<div class=\"elementor-widget-wrap elementor-element-populated\">\n\t\t\t\t\t\t\t\t<div class=\"elementor-element elementor-element-697b7797 elementor-widget elementor-widget-text-editor\" data-id=\"697b7797\" data-element_type=\"widget\" data-widget_type=\"text-editor.default\">\n\t\t\t\t<div class=\"elementor-widget-container\">\n\t\t\t<style>\/*! elementor - v3.6.6 - 08-06-2022 *\/\n.elementor-widget-text-editor.elementor-drop-cap-view-stacked .elementor-drop-cap{background-color:#818a91;color:#fff}.elementor-widget-text-editor.elementor-drop-cap-view-framed .elementor-drop-cap{color:#818a91;border:3px solid;background-color:transparent}.elementor-widget-text-editor:not(.elementor-drop-cap-view-default) .elementor-drop-cap{margin-top:8px}.elementor-widget-text-editor:not(.elementor-drop-cap-view-default) .elementor-drop-cap-letter{width:1em;height:1em}.elementor-widget-text-editor .elementor-drop-cap{float:left;text-align:center;line-height:1;font-size:50px}.elementor-widget-text-editor .elementor-drop-cap-letter{display:inline-block}<\/style>\t\t\t\t<h4 class=\"font-family-oswald text-uppercase text-weight-light\"><strong>\u00c9CHELLE\u00a0<span class=\"font-weight-bold\">ACCESSOIRE<\/span><\/strong><\/h4>\n<h2 class=\"font-weight-medium text-uppercase mb-0\">NIVEAUOK<\/h2>\n<h2 class=\"font-weight-light text-uppercase\">21145<\/h2>\nLe Levelok est l&#039;un des niveleurs d&#039;\u00e9chelle les plus faciles \u00e0 utiliser sur le march\u00e9.\n<p class=\"text-weight-bold mb-1\">Disponible pour les \u00e9chelles suivantes :<\/p>\n\n<ul>\n \t<li class=\"d-inline-block\"><a class=\"text-weight-medium mr-3\" href=\"\/fr\/featherlite\/ladder\/6224d\/\">6224D<\/a><\/li>\n \t<li class=\"d-inline-block\"><a class=\"text-weight-medium mr-3\" href=\"\/fr\/featherlite\/ladder\/6220d\/\">6220D<\/a><\/li>\n \t<li class=\"d-inline-block\"><a class=\"text-weight-medium mr-3\" href=\"\/fr\/featherlite\/ladder\/6232d\/\">6232D<\/a><\/li>\n \t<li class=\"d-inline-block\"><a class=\"text-weight-medium mr-3\" href=\"\/fr\/featherlite\/ladder\/6216d\/\">6216D<\/a><\/li>\n \t<li class=\"d-inline-block\"><a class=\"text-weight-medium mr-3\" href=\"\/fr\/featherlite\/ladder\/6228d\/\">6228D<\/a><\/li>\n \t<li class=\"d-inline-block\"><a class=\"text-weight-medium mr-3\" href=\"\/fr\/featherlite\/ladder\/6224\/\">6224<\/a><\/li>\n \t<li class=\"d-inline-block\"><a class=\"text-weight-medium mr-3\" href=\"\/fr\/featherlite\/ladder\/6220\/\">6220<\/a><\/li>\n \t<li class=\"d-inline-block\"><a class=\"text-weight-medium mr-3\" href=\"\/fr\/featherlite\/ladder\/6228\/\">6228<\/a><\/li>\n \t<li class=\"d-inline-block\"><a class=\"text-weight-medium mr-3\" href=\"\/fr\/featherlite\/ladder\/6216\/\">6216<\/a><\/li>\n \t<li class=\"d-inline-block\"><a class=\"text-weight-medium mr-3\" href=\"\/fr\/featherlite\/ladder\/6232\/\">6232<\/a><\/li>\n \t<li class=\"d-inline-block\"><a class=\"text-weight-medium mr-3\" href=\"\/fr\/featherlite\/ladder\/9228d\/\">9228D<\/a><\/li>\n \t<li class=\"d-inline-block\"><a class=\"text-weight-medium mr-3\" href=\"\/fr\/featherlite\/ladder\/9224d\/\">9224D<\/a><\/li>\n \t<li class=\"d-inline-block\"><a class=\"text-weight-medium mr-3\" href=\"\/fr\/featherlite\/ladder\/9220d\/\">9220D<\/a><\/li>\n \t<li class=\"d-inline-block\"><a class=\"text-weight-medium mr-3\" href=\"\/fr\/featherlite\/ladder\/9236d\/\">9236D<\/a><\/li>\n \t<li class=\"d-inline-block\"><a class=\"text-weight-medium mr-3\" href=\"\/fr\/featherlite\/ladder\/9216d\/\">9216D<\/a><\/li>\n \t<li class=\"d-inline-block\"><a class=\"text-weight-medium mr-3\" href=\"\/fr\/featherlite\/ladder\/5610d\/\">5610D<\/a><\/li>\n \t<li class=\"d-inline-block\"><a class=\"text-weight-medium mr-3\" href=\"\/fr\/featherlite\/ladder\/5612d\/\">5612D<\/a><\/li>\n \t<li class=\"d-inline-block\"><a class=\"text-weight-medium mr-3\" href=\"\/fr\/featherlite\/ladder\/5608d\/\">5608D<\/a><\/li>\n \t<li class=\"d-inline-block\"><a class=\"text-weight-medium mr-3\" href=\"\/fr\/featherlite\/ladder\/5614d\/\">5614D<\/a><\/li>\n \t<li class=\"d-inline-block\"><a class=\"text-weight-medium mr-3\" href=\"\/fr\/featherlite\/ladder\/6110\/\">6110<\/a><\/li>\n \t<li class=\"d-inline-block\"><a class=\"text-weight-medium mr-3\" href=\"\/fr\/featherlite\/ladder\/6112\/\">6112<\/a><\/li>\n \t<li class=\"d-inline-block\"><a class=\"text-weight-medium mr-3\" href=\"\/fr\/featherlite\/ladder\/6114\/\">6114<\/a><\/li>\n \t<li class=\"d-inline-block\"><a class=\"text-weight-medium mr-3\" href=\"\/fr\/featherlite\/ladder\/6116\/\">6116<\/a><\/li>\n<\/ul>\t\t\t\t\t\t<\/div>\n\t\t\t\t<\/div>\n\t\t\t\t\t<\/div>\n\t\t<\/div>\n\t\t\t\t\t\t\t<\/div>\n\t\t<\/section>\n\t\t\t\t<section class=\"elementor-section elementor-top-section elementor-element elementor-element-1106de9 elementor-section-boxed elementor-section-height-default elementor-section-height-default\" data-id=\"1106de9\" data-element_type=\"section\">\n\t\t\t\t\t\t<div class=\"elementor-container elementor-column-gap-default\">\n\t\t\t\t\t<div class=\"elementor-column elementor-col-100 elementor-top-column elementor-element elementor-element-0d99f88\" data-id=\"0d99f88\" data-element_type=\"column\">\n\t\t\t<div class=\"elementor-widget-wrap elementor-element-populated\">\n\t\t\t\t\t\t\t\t<div class=\"elementor-element elementor-element-f459b2e elementor-align-center elementor-widget elementor-widget-button\" data-id=\"f459b2e\" data-element_type=\"widget\" data-widget_type=\"button.default\">\n\t\t\t\t<div class=\"elementor-widget-container\">\n\t\t\t\t\t<div class=\"elementor-button-wrapper\">\n\t\t\t<a href=\"https:\/\/featherliteladders.com\/fr\/contactez\/\" class=\"elementor-button-link elementor-button elementor-size-md\" role=\"button\">\n\t\t\t\t\t\t<span class=\"elementor-button-content-wrapper\">\n\t\t\t\t\t\t<span class=\"elementor-button-text\">O\u00f9 acheter<\/span>\n\t\t<\/span>\n\t\t\t\t\t<\/a>\n\t\t<\/div>\n\t\t\t\t<\/div>\n\t\t\t\t<\/div>\n\t\t\t\t\t<\/div>\n\t\t<\/div>\n\t\t\t\t\t\t\t<\/div>\n\t\t<\/section>\n\t\t\t\t\t\t\t<\/div>","protected":false},"excerpt":{"rendered":"<p>Le Levelok est l&#039;un des niveleurs d&#039;\u00e9chelle les plus faciles \u00e0 utiliser sur le march\u00e9.<\/p>","protected":false},"featured_media":0,"comment_status":"open","ping_status":"closed","template":"","meta":[],"product_cat":[202],"product_tag":[],"class_list":["post-14340","product","type-product","status-publish","hentry","product_cat-ladder-accessory"],"aioseo_notices":[],"_links":{"self":[{"href":"https:\/\/featherliteladders.com\/fr\/wp-json\/wp\/v2\/product\/14340","targetHints":{"allow":["GET"]}}],"collection":[{"href":"https:\/\/featherliteladders.com\/fr\/wp-json\/wp\/v2\/product"}],"about":[{"href":"https:\/\/featherliteladders.com\/fr\/wp-json\/wp\/v2\/types\/product"}],"replies":[{"embeddable":true,"href":"https:\/\/featherliteladders.com\/fr\/wp-json\/wp\/v2\/comments?post=14340"}],"version-history":[{"count":0,"href":"https:\/\/featherliteladders.com\/fr\/wp-json\/wp\/v2\/product\/14340\/revisions"}],"wp:attachment":[{"href":"https:\/\/featherliteladders.com\/fr\/wp-json\/wp\/v2\/media?parent=14340"}],"wp:term":[{"taxonomy":"product_cat","embeddable":true,"href":"https:\/\/featherliteladders.com\/fr\/wp-json\/wp\/v2\/product_cat?post=14340"},{"taxonomy":"product_tag","embeddable":true,"href":"https:\/\/featherliteladders.com\/fr\/wp-json\/wp\/v2\/product_tag?post=14340"}],"curies":[{"name":"wp","href":"https:\/\/api.w.org\/{rel}","templated":true}]}}