{"id":13590,"date":"2022-03-31T01:23:26","date_gmt":"2022-03-31T07:23:26","guid":{"rendered":"https:\/\/stack-cprm.valtech.systems\/featherlite\/?post_type=product&#038;p=13590"},"modified":"2022-07-06T00:19:17","modified_gmt":"2022-07-06T06:19:17","slug":"6508-aa","status":"publish","type":"product","link":"https:\/\/featherliteladders.com\/fr\/product\/6508-aa\/","title":{"rendered":"6508-AA"},"content":{"rendered":"<div data-elementor-type=\"product-post\" data-elementor-id=\"13590\" class=\"elementor elementor-13590\">\n\t\t\t\t\t\t\t\t\t<section class=\"elementor-section elementor-top-section elementor-element elementor-element-627caaa5 elementor-section-boxed elementor-section-height-default elementor-section-height-default\" data-id=\"627caaa5\" data-element_type=\"section\">\n\t\t\t\t\t\t<div class=\"elementor-container elementor-column-gap-default\">\n\t\t\t\t\t<div class=\"elementor-column elementor-col-100 elementor-top-column elementor-element elementor-element-54c537d1\" data-id=\"54c537d1\" data-element_type=\"column\">\n\t\t\t<div class=\"elementor-widget-wrap elementor-element-populated\">\n\t\t\t\t\t\t\t\t<div class=\"elementor-element elementor-element-4a63204c elementor-widget elementor-widget-text-editor\" data-id=\"4a63204c\" data-element_type=\"widget\" data-widget_type=\"text-editor.default\">\n\t\t\t\t<div class=\"elementor-widget-container\">\n\t\t\t<style>\/*! elementor - v3.6.6 - 08-06-2022 *\/\n.elementor-widget-text-editor.elementor-drop-cap-view-stacked .elementor-drop-cap{background-color:#818a91;color:#fff}.elementor-widget-text-editor.elementor-drop-cap-view-framed .elementor-drop-cap{color:#818a91;border:3px solid;background-color:transparent}.elementor-widget-text-editor:not(.elementor-drop-cap-view-default) .elementor-drop-cap{margin-top:8px}.elementor-widget-text-editor:not(.elementor-drop-cap-view-default) .elementor-drop-cap-letter{width:1em;height:1em}.elementor-widget-text-editor .elementor-drop-cap{float:left;text-align:center;line-height:1;font-size:50px}.elementor-widget-text-editor .elementor-drop-cap-letter{display:inline-block}<\/style>\t\t\t\t<h4 class=\"font-family-oswald text-uppercase text-weight-light\"><strong>S\u00c9RIE\u00a0<span class=\"font-weight-bold\">6500-AA<\/span><\/strong><\/h4><h2 class=\"font-weight-medium text-uppercase mb-0\">6508-AA 8&#8242; SUPER-HEAVY DUTY<\/h2><h2 class=\"font-weight-light text-uppercase\">ESCABEAU EN FIBRE DE VERRE<\/h2><p class=\"font-weight-bold text-uppercase\">SATISFAIT OU D\u00c9PASSE CSA GRADE 1AA, ANSI TYPE IAA<\/p><p>Cet escabeau \u00e0 plate-forme industrielle Featherlite de 8 pieds a une capacit\u00e9 de charge de 375 lb, class\u00e9e ANSI Type IAA. Il est dot\u00e9 d&#039;une plate-forme antid\u00e9rapante mince et sans espace avec un garde-corps sup\u00e9rieur. Cette \u00e9chelle est \u00e9quip\u00e9e de renforts \u00e0 gousset robustes, de bottes antid\u00e9rapantes robustes, de renforts d&#039;\u00e9pandage enveloppants et d&#039;une construction de marches rivet\u00e9es. L&#039;escabeau \u00e0 plate-forme Featherlite 6508-AA respecte ou d\u00e9passe les normes de s\u00e9curit\u00e9 \u00e9tablies par ANSI, CSA et OSHA.<\/p><ul><li>Plate-forme large<\/li><li>Bras d&#039;\u00e9cartement enveloppants<\/li><li>Botte robuste<\/li><\/ul>\t\t\t\t\t\t<\/div>\n\t\t\t\t<\/div>\n\t\t\t\t\t<\/div>\n\t\t<\/div>\n\t\t\t\t\t\t\t<\/div>\n\t\t<\/section>\n\t\t\t\t<section class=\"elementor-section elementor-top-section elementor-element elementor-element-132e336 elementor-section-boxed elementor-section-height-default elementor-section-height-default\" data-id=\"132e336\" data-element_type=\"section\">\n\t\t\t\t\t\t<div class=\"elementor-container elementor-column-gap-default\">\n\t\t\t\t\t<div class=\"elementor-column elementor-col-100 elementor-top-column elementor-element elementor-element-2185fcf\" data-id=\"2185fcf\" data-element_type=\"column\">\n\t\t\t<div class=\"elementor-widget-wrap elementor-element-populated\">\n\t\t\t\t\t\t\t\t<div class=\"elementor-element elementor-element-8136720 elementor-widget elementor-widget-html\" data-id=\"8136720\" data-element_type=\"widget\" data-widget_type=\"html.default\">\n\t\t\t\t<div class=\"elementor-widget-container\">\n\t\t\t<div class=\"ps-widget\" ps-sku=\"6508-AA\" ps-config=\"5bb63c77444db30018a6552e\"><\/div>\t\t<\/div>\n\t\t\t\t<\/div>\n\t\t\t\t\t<\/div>\n\t\t<\/div>\n\t\t\t\t\t\t\t<\/div>\n\t\t<\/section>\n\t\t\t\t\t\t\t<\/div>","protected":false},"excerpt":{"rendered":"<p>Cet escabeau \u00e0 plate-forme industrielle Featherlite de 8 pieds a une capacit\u00e9 de charge de 375 lb, class\u00e9e ANSI Type IAA. Il est dot\u00e9 d&#039;une plate-forme antid\u00e9rapante mince et sans espace avec un garde-corps sup\u00e9rieur.<\/p>","protected":false},"featured_media":13600,"comment_status":"open","ping_status":"closed","template":"","meta":[],"product_cat":[195,192],"product_tag":[207],"class_list":["post-13590","product","type-product","status-publish","has-post-thumbnail","hentry","product_cat-platformladders","product_cat-stepladders","product_tag-375lb"],"aioseo_notices":[],"_links":{"self":[{"href":"https:\/\/featherliteladders.com\/fr\/wp-json\/wp\/v2\/product\/13590","targetHints":{"allow":["GET"]}}],"collection":[{"href":"https:\/\/featherliteladders.com\/fr\/wp-json\/wp\/v2\/product"}],"about":[{"href":"https:\/\/featherliteladders.com\/fr\/wp-json\/wp\/v2\/types\/product"}],"replies":[{"embeddable":true,"href":"https:\/\/featherliteladders.com\/fr\/wp-json\/wp\/v2\/comments?post=13590"}],"version-history":[{"count":0,"href":"https:\/\/featherliteladders.com\/fr\/wp-json\/wp\/v2\/product\/13590\/revisions"}],"wp:featuredmedia":[{"embeddable":true,"href":"https:\/\/featherliteladders.com\/fr\/wp-json\/wp\/v2\/media\/13600"}],"wp:attachment":[{"href":"https:\/\/featherliteladders.com\/fr\/wp-json\/wp\/v2\/media?parent=13590"}],"wp:term":[{"taxonomy":"product_cat","embeddable":true,"href":"https:\/\/featherliteladders.com\/fr\/wp-json\/wp\/v2\/product_cat?post=13590"},{"taxonomy":"product_tag","embeddable":true,"href":"https:\/\/featherliteladders.com\/fr\/wp-json\/wp\/v2\/product_tag?post=13590"}],"curies":[{"name":"wp","href":"https:\/\/api.w.org\/{rel}","templated":true}]}}