{"id":13274,"date":"2022-03-30T16:21:48","date_gmt":"2022-03-30T22:21:48","guid":{"rendered":"https:\/\/stack-cprm.valtech.systems\/featherlite\/?post_type=product&#038;p=13274"},"modified":"2022-04-07T00:01:49","modified_gmt":"2022-04-07T06:01:49","slug":"5616d","status":"publish","type":"product","link":"https:\/\/featherliteladders.com\/fr\/product\/5616d\/","title":{"rendered":"5616D"},"content":{"rendered":"<div data-elementor-type=\"product-post\" data-elementor-id=\"13274\" class=\"elementor elementor-13274\">\n\t\t\t\t\t\t\t\t\t<section class=\"elementor-section elementor-top-section elementor-element elementor-element-6216117d elementor-section-boxed elementor-section-height-default elementor-section-height-default\" data-id=\"6216117d\" data-element_type=\"section\">\n\t\t\t\t\t\t<div class=\"elementor-container elementor-column-gap-default\">\n\t\t\t\t\t<div class=\"elementor-column elementor-col-100 elementor-top-column elementor-element elementor-element-4603aef8\" data-id=\"4603aef8\" data-element_type=\"column\">\n\t\t\t<div class=\"elementor-widget-wrap elementor-element-populated\">\n\t\t\t\t\t\t\t\t<div class=\"elementor-element elementor-element-1e2a2e4a elementor-widget elementor-widget-text-editor\" data-id=\"1e2a2e4a\" data-element_type=\"widget\" data-widget_type=\"text-editor.default\">\n\t\t\t\t<div class=\"elementor-widget-container\">\n\t\t\t<style>\/*! elementor - v3.6.6 - 08-06-2022 *\/\n.elementor-widget-text-editor.elementor-drop-cap-view-stacked .elementor-drop-cap{background-color:#818a91;color:#fff}.elementor-widget-text-editor.elementor-drop-cap-view-framed .elementor-drop-cap{color:#818a91;border:3px solid;background-color:transparent}.elementor-widget-text-editor:not(.elementor-drop-cap-view-default) .elementor-drop-cap{margin-top:8px}.elementor-widget-text-editor:not(.elementor-drop-cap-view-default) .elementor-drop-cap-letter{width:1em;height:1em}.elementor-widget-text-editor .elementor-drop-cap{float:left;text-align:center;line-height:1;font-size:50px}.elementor-widget-text-editor .elementor-drop-cap-letter{display:inline-block}<\/style>\t\t\t\t<h4 class=\"font-family-oswald text-uppercase text-weight-light\"><strong>S\u00c9RIE\u00a0<span class=\"font-weight-bold\">5600D<\/span><\/strong><\/h4><h2 class=\"font-weight-medium text-uppercase mb-0\">5616D 16&#8242; SUPER-HEAVY DUTY<\/h2><h2 class=\"font-weight-light text-uppercase\">RALLONGE EN FIBRE DE VERRE<\/h2><p class=\"font-weight-bold text-uppercase\">SATISFAIT OU D\u00c9PASSE CSA GRADE 1AA, ANSI TYPE IAA<\/p><p>Cette \u00e9chelle simple en fibre de verre Featherlite de 16 pieds a une capacit\u00e9 de charge de 375 lb, class\u00e9e ANSI Type IAA. Cette \u00e9chelle comprend des plaques de connexion en aluminium robuste, des \u00e9chelons en forme de D, des embouts de rail r\u00e9sistants aux rayures et des chaussures de s\u00e9curit\u00e9 pivotantes avec botte enti\u00e8rement en m\u00e9tal. L&#039;\u00e9chelle droite Featherlite 5616D respecte ou d\u00e9passe les normes de s\u00e9curit\u00e9 \u00e9tablies par ANSI, CSA et OSHA.<\/p><ul><li>Embouts non marquants<\/li><li>\u00c9chelon rivet\u00e9 au rail<\/li><li>Pied robuste<\/li><\/ul>\t\t\t\t\t\t<\/div>\n\t\t\t\t<\/div>\n\t\t\t\t\t<\/div>\n\t\t<\/div>\n\t\t\t\t\t\t\t<\/div>\n\t\t<\/section>\n\t\t\t\t<section class=\"elementor-section elementor-top-section elementor-element elementor-element-276805b elementor-section-boxed elementor-section-height-default elementor-section-height-default\" data-id=\"276805b\" data-element_type=\"section\">\n\t\t\t\t\t\t<div class=\"elementor-container elementor-column-gap-default\">\n\t\t\t\t\t<div class=\"elementor-column elementor-col-100 elementor-top-column elementor-element elementor-element-7fc16af\" data-id=\"7fc16af\" data-element_type=\"column\">\n\t\t\t<div class=\"elementor-widget-wrap elementor-element-populated\">\n\t\t\t\t\t\t\t\t<div class=\"elementor-element elementor-element-762c122 elementor-widget elementor-widget-html\" data-id=\"762c122\" data-element_type=\"widget\" data-widget_type=\"html.default\">\n\t\t\t\t<div class=\"elementor-widget-container\">\n\t\t\t<div class=\"ps-widget\" ps-sku=\"5616D\" ps-config=\"5bb63c77444db30018a6552e\"><\/div>\r\n\t\t<\/div>\n\t\t\t\t<\/div>\n\t\t\t\t\t<\/div>\n\t\t<\/div>\n\t\t\t\t\t\t\t<\/div>\n\t\t<\/section>\n\t\t\t\t\t\t\t<\/div>","protected":false},"excerpt":{"rendered":"<p>Cette \u00e9chelle simple en fibre de verre Featherlite de 16 pieds a une capacit\u00e9 de charge de 375 lb, class\u00e9e ANSI Type IAA. Cette \u00e9chelle comprend des plaques de connexion en aluminium robuste, des \u00e9chelons en forme de D, des embouts de rail r\u00e9sistants aux rayures et des chaussures de s\u00e9curit\u00e9 pivotantes avec botte enti\u00e8rement en m\u00e9tal.<\/p>","protected":false},"featured_media":13283,"comment_status":"open","ping_status":"closed","template":"","meta":[],"product_cat":[194],"product_tag":[207],"class_list":["post-13274","product","type-product","status-publish","has-post-thumbnail","hentry","product_cat-extension-straightladders","product_tag-375lb"],"aioseo_notices":[],"_links":{"self":[{"href":"https:\/\/featherliteladders.com\/fr\/wp-json\/wp\/v2\/product\/13274","targetHints":{"allow":["GET"]}}],"collection":[{"href":"https:\/\/featherliteladders.com\/fr\/wp-json\/wp\/v2\/product"}],"about":[{"href":"https:\/\/featherliteladders.com\/fr\/wp-json\/wp\/v2\/types\/product"}],"replies":[{"embeddable":true,"href":"https:\/\/featherliteladders.com\/fr\/wp-json\/wp\/v2\/comments?post=13274"}],"version-history":[{"count":0,"href":"https:\/\/featherliteladders.com\/fr\/wp-json\/wp\/v2\/product\/13274\/revisions"}],"wp:featuredmedia":[{"embeddable":true,"href":"https:\/\/featherliteladders.com\/fr\/wp-json\/wp\/v2\/media\/13283"}],"wp:attachment":[{"href":"https:\/\/featherliteladders.com\/fr\/wp-json\/wp\/v2\/media?parent=13274"}],"wp:term":[{"taxonomy":"product_cat","embeddable":true,"href":"https:\/\/featherliteladders.com\/fr\/wp-json\/wp\/v2\/product_cat?post=13274"},{"taxonomy":"product_tag","embeddable":true,"href":"https:\/\/featherliteladders.com\/fr\/wp-json\/wp\/v2\/product_tag?post=13274"}],"curies":[{"name":"wp","href":"https:\/\/api.w.org\/{rel}","templated":true}]}}