{"id":13134,"date":"2022-03-30T12:16:20","date_gmt":"2022-03-30T18:16:20","guid":{"rendered":"https:\/\/stack-cprm.valtech.systems\/featherlite\/?post_type=product&#038;p=13134"},"modified":"2022-04-07T00:11:53","modified_gmt":"2022-04-07T06:11:53","slug":"6608-aa","status":"publish","type":"product","link":"https:\/\/featherliteladders.com\/fr\/product\/6608-aa\/","title":{"rendered":"6608-AA"},"content":{"rendered":"<div data-elementor-type=\"product-post\" data-elementor-id=\"13134\" class=\"elementor elementor-13134\">\n\t\t\t\t\t\t\t\t\t<section class=\"elementor-section elementor-top-section elementor-element elementor-element-4dea8011 elementor-section-boxed elementor-section-height-default elementor-section-height-default\" data-id=\"4dea8011\" data-element_type=\"section\">\n\t\t\t\t\t\t<div class=\"elementor-container elementor-column-gap-default\">\n\t\t\t\t\t<div class=\"elementor-column elementor-col-100 elementor-top-column elementor-element elementor-element-3b2860f2\" data-id=\"3b2860f2\" data-element_type=\"column\">\n\t\t\t<div class=\"elementor-widget-wrap elementor-element-populated\">\n\t\t\t\t\t\t\t\t<div class=\"elementor-element elementor-element-697b7797 elementor-widget elementor-widget-text-editor\" data-id=\"697b7797\" data-element_type=\"widget\" data-widget_type=\"text-editor.default\">\n\t\t\t\t<div class=\"elementor-widget-container\">\n\t\t\t<style>\/*! elementor - v3.6.6 - 08-06-2022 *\/\n.elementor-widget-text-editor.elementor-drop-cap-view-stacked .elementor-drop-cap{background-color:#818a91;color:#fff}.elementor-widget-text-editor.elementor-drop-cap-view-framed .elementor-drop-cap{color:#818a91;border:3px solid;background-color:transparent}.elementor-widget-text-editor:not(.elementor-drop-cap-view-default) .elementor-drop-cap{margin-top:8px}.elementor-widget-text-editor:not(.elementor-drop-cap-view-default) .elementor-drop-cap-letter{width:1em;height:1em}.elementor-widget-text-editor .elementor-drop-cap{float:left;text-align:center;line-height:1;font-size:50px}.elementor-widget-text-editor .elementor-drop-cap-letter{display:inline-block}<\/style>\t\t\t\t<h4 class=\"font-family-oswald text-uppercase text-weight-light\"><strong>S\u00c9RIE\u00a0<span class=\"font-weight-bold\">6600-AA<\/span><\/strong><\/h4><h2 class=\"font-weight-medium text-uppercase mb-0\">6608-AA 8&#8242; SUPER-HEAVY DUTY<\/h2><h2 class=\"font-weight-light text-uppercase\">ESCABEAU EN FIBRE DE VERRE<\/h2><p class=\"font-weight-bold text-uppercase\">SATISFAIT OU D\u00c9PASSE CSA GRADE 1AA, ANSI TYPE IAA<\/p><p>Cet escabeau avant double industriel en fibre de verre non conductrice Featherlite de 8 pieds a une capacit\u00e9 de charge de 375 lb par c\u00f4t\u00e9, class\u00e9 ANSI Type IA. Cette \u00e9chelle est \u00e9quip\u00e9e de bottes antid\u00e9rapantes robustes, d&#039;un renfort de gousset robuste, d&#039;un dessus en aluminium, de charni\u00e8res en acier \u00e9pais, de croisillons enveloppants et d&#039;une construction \u00e0 double rivet. Les escabeaux avant doubles permettent \u00e0 deux utilisateurs de travailler simultan\u00e9ment sur la m\u00eame \u00e9chelle pour accomplir facilement des t\u00e2ches qui seraient plus difficiles pour une seule personne. L&#039;escabeau avant double Featherlite 6608-AA respecte ou d\u00e9passe les normes de s\u00e9curit\u00e9 \u00e9tablies par ANSI, CSA et OSHA. Mod\u00e8le 6607-AA affich\u00e9.<\/p><ul><li>Dessus en m\u00e9tal<\/li><li>Bras d&#039;\u00e9cartement enveloppants<\/li><li>Botte robuste<\/li><\/ul>\t\t\t\t\t\t<\/div>\n\t\t\t\t<\/div>\n\t\t\t\t\t<\/div>\n\t\t<\/div>\n\t\t\t\t\t\t\t<\/div>\n\t\t<\/section>\n\t\t\t\t<section class=\"elementor-section elementor-top-section elementor-element elementor-element-42f081b elementor-section-boxed elementor-section-height-default elementor-section-height-default\" data-id=\"42f081b\" data-element_type=\"section\">\n\t\t\t\t\t\t<div class=\"elementor-container elementor-column-gap-default\">\n\t\t\t\t\t<div class=\"elementor-column elementor-col-100 elementor-top-column elementor-element elementor-element-888a6e8\" data-id=\"888a6e8\" data-element_type=\"column\">\n\t\t\t<div class=\"elementor-widget-wrap elementor-element-populated\">\n\t\t\t\t\t\t\t\t<div class=\"elementor-element elementor-element-d5840b7 elementor-widget elementor-widget-html\" data-id=\"d5840b7\" data-element_type=\"widget\" data-widget_type=\"html.default\">\n\t\t\t\t<div class=\"elementor-widget-container\">\n\t\t\t<div class=\"ps-widget\" ps-sku=\"6608-AA\" ps-config=\"5bb63c77444db30018a6552e\"><\/div>\t\t<\/div>\n\t\t\t\t<\/div>\n\t\t\t\t\t<\/div>\n\t\t<\/div>\n\t\t\t\t\t\t\t<\/div>\n\t\t<\/section>\n\t\t\t\t\t\t\t<\/div>","protected":false},"excerpt":{"rendered":"<p>Cet escabeau avant double industriel en fibre de verre non conductrice Featherlite de 8 pieds a une capacit\u00e9 de charge de 375 lb par c\u00f4t\u00e9, class\u00e9 ANSI Type IA.<\/p>","protected":false},"featured_media":13140,"comment_status":"open","ping_status":"closed","template":"","meta":[],"product_cat":[192],"product_tag":[207],"class_list":["post-13134","product","type-product","status-publish","has-post-thumbnail","hentry","product_cat-stepladders","product_tag-375lb"],"aioseo_notices":[],"_links":{"self":[{"href":"https:\/\/featherliteladders.com\/fr\/wp-json\/wp\/v2\/product\/13134","targetHints":{"allow":["GET"]}}],"collection":[{"href":"https:\/\/featherliteladders.com\/fr\/wp-json\/wp\/v2\/product"}],"about":[{"href":"https:\/\/featherliteladders.com\/fr\/wp-json\/wp\/v2\/types\/product"}],"replies":[{"embeddable":true,"href":"https:\/\/featherliteladders.com\/fr\/wp-json\/wp\/v2\/comments?post=13134"}],"version-history":[{"count":0,"href":"https:\/\/featherliteladders.com\/fr\/wp-json\/wp\/v2\/product\/13134\/revisions"}],"wp:featuredmedia":[{"embeddable":true,"href":"https:\/\/featherliteladders.com\/fr\/wp-json\/wp\/v2\/media\/13140"}],"wp:attachment":[{"href":"https:\/\/featherliteladders.com\/fr\/wp-json\/wp\/v2\/media?parent=13134"}],"wp:term":[{"taxonomy":"product_cat","embeddable":true,"href":"https:\/\/featherliteladders.com\/fr\/wp-json\/wp\/v2\/product_cat?post=13134"},{"taxonomy":"product_tag","embeddable":true,"href":"https:\/\/featherliteladders.com\/fr\/wp-json\/wp\/v2\/product_tag?post=13134"}],"curies":[{"name":"wp","href":"https:\/\/api.w.org\/{rel}","templated":true}]}}