{"id":13096,"date":"2022-03-29T16:26:48","date_gmt":"2022-03-29T22:26:48","guid":{"rendered":"https:\/\/stack-cprm.valtech.systems\/featherlite\/?post_type=product&#038;p=13096"},"modified":"2022-07-06T00:26:26","modified_gmt":"2022-07-06T06:26:26","slug":"6512-aa","status":"publish","type":"product","link":"https:\/\/featherliteladders.com\/fr\/product\/6512-aa\/","title":{"rendered":"6512-AA"},"content":{"rendered":"<div data-elementor-type=\"product-post\" data-elementor-id=\"13096\" class=\"elementor elementor-13096\">\n\t\t\t\t\t\t\t\t\t<section class=\"elementor-section elementor-top-section elementor-element elementor-element-2baee843 elementor-section-boxed elementor-section-height-default elementor-section-height-default\" data-id=\"2baee843\" data-element_type=\"section\">\n\t\t\t\t\t\t<div class=\"elementor-container elementor-column-gap-default\">\n\t\t\t\t\t<div class=\"elementor-column elementor-col-100 elementor-top-column elementor-element elementor-element-668bb2a3\" data-id=\"668bb2a3\" data-element_type=\"column\">\n\t\t\t<div class=\"elementor-widget-wrap elementor-element-populated\">\n\t\t\t\t\t\t\t\t<div class=\"elementor-element elementor-element-1f0fa78b elementor-widget elementor-widget-text-editor\" data-id=\"1f0fa78b\" data-element_type=\"widget\" data-widget_type=\"text-editor.default\">\n\t\t\t\t<div class=\"elementor-widget-container\">\n\t\t\t<style>\/*! elementor - v3.6.6 - 08-06-2022 *\/\n.elementor-widget-text-editor.elementor-drop-cap-view-stacked .elementor-drop-cap{background-color:#818a91;color:#fff}.elementor-widget-text-editor.elementor-drop-cap-view-framed .elementor-drop-cap{color:#818a91;border:3px solid;background-color:transparent}.elementor-widget-text-editor:not(.elementor-drop-cap-view-default) .elementor-drop-cap{margin-top:8px}.elementor-widget-text-editor:not(.elementor-drop-cap-view-default) .elementor-drop-cap-letter{width:1em;height:1em}.elementor-widget-text-editor .elementor-drop-cap{float:left;text-align:center;line-height:1;font-size:50px}.elementor-widget-text-editor .elementor-drop-cap-letter{display:inline-block}<\/style>\t\t\t\t<h4 class=\"font-family-oswald text-uppercase text-weight-light\"><strong>S\u00c9RIE\u00a0<span class=\"font-weight-bold\">6500-AA<\/span><\/strong><\/h4><h2 class=\"font-weight-medium text-uppercase mb-0\">6512-AA 12&#8242; SUPER-HEAVY DUTY<\/h2><h2 class=\"font-weight-light text-uppercase\">ESCABEAU EN FIBRE DE VERRE<\/h2><p class=\"font-weight-bold text-uppercase\">SATISFAIT OU D\u00c9PASSE CSA GRADE 1AA, ANSI TYPE IAA<\/p><p>Cet escabeau \u00e0 plate-forme industrielle Featherlite de 12 pieds a une capacit\u00e9 de charge de 375 lb, class\u00e9 ANSI Type IAA. Il est dot\u00e9 d&#039;une plate-forme antid\u00e9rapante mince et sans espace avec un garde-corps sup\u00e9rieur. Cette \u00e9chelle est \u00e9quip\u00e9e de renforts \u00e0 gousset robustes, de bottes antid\u00e9rapantes robustes, de renforts d&#039;\u00e9pandage enveloppants et d&#039;une construction de marches rivet\u00e9es. L&#039;escabeau \u00e0 plate-forme Featherlite 6512-AA respecte ou d\u00e9passe les normes de s\u00e9curit\u00e9 \u00e9tablies par ANSI, CSA et OSHA. Mod\u00e8le 6506-AA affich\u00e9.<\/p><ul><li>Plate-forme large<\/li><li>Bras d&#039;\u00e9cartement enveloppants<\/li><li>Botte robuste<\/li><\/ul>\t\t\t\t\t\t<\/div>\n\t\t\t\t<\/div>\n\t\t\t\t\t<\/div>\n\t\t<\/div>\n\t\t\t\t\t\t\t<\/div>\n\t\t<\/section>\n\t\t\t\t<section class=\"elementor-section elementor-top-section elementor-element elementor-element-ab647b1 elementor-section-boxed elementor-section-height-default elementor-section-height-default\" data-id=\"ab647b1\" data-element_type=\"section\">\n\t\t\t\t\t\t<div class=\"elementor-container elementor-column-gap-default\">\n\t\t\t\t\t<div class=\"elementor-column elementor-col-100 elementor-top-column elementor-element elementor-element-e873e5c\" data-id=\"e873e5c\" data-element_type=\"column\">\n\t\t\t<div class=\"elementor-widget-wrap elementor-element-populated\">\n\t\t\t\t\t\t\t\t<div class=\"elementor-element elementor-element-5ebc462 elementor-widget elementor-widget-html\" data-id=\"5ebc462\" data-element_type=\"widget\" data-widget_type=\"html.default\">\n\t\t\t\t<div class=\"elementor-widget-container\">\n\t\t\t<div class=\"ps-widget\" ps-sku=\"6512-AA\" ps-config=\"5bb63c77444db30018a6552e\"><\/div>\t\t<\/div>\n\t\t\t\t<\/div>\n\t\t\t\t\t<\/div>\n\t\t<\/div>\n\t\t\t\t\t\t\t<\/div>\n\t\t<\/section>\n\t\t\t\t\t\t\t<\/div>","protected":false},"excerpt":{"rendered":"<p>Cet escabeau \u00e0 plate-forme industrielle Featherlite de 12 pieds a une capacit\u00e9 de charge de 375 lb, class\u00e9 ANSI Type IAA. Il est dot\u00e9 d&#039;une plate-forme antid\u00e9rapante mince et sans espace avec un garde-corps sup\u00e9rieur.<\/p>","protected":false},"featured_media":13104,"comment_status":"open","ping_status":"closed","template":"","meta":[],"product_cat":[195,192],"product_tag":[207],"class_list":["post-13096","product","type-product","status-publish","has-post-thumbnail","hentry","product_cat-platformladders","product_cat-stepladders","product_tag-375lb"],"aioseo_notices":[],"_links":{"self":[{"href":"https:\/\/featherliteladders.com\/fr\/wp-json\/wp\/v2\/product\/13096","targetHints":{"allow":["GET"]}}],"collection":[{"href":"https:\/\/featherliteladders.com\/fr\/wp-json\/wp\/v2\/product"}],"about":[{"href":"https:\/\/featherliteladders.com\/fr\/wp-json\/wp\/v2\/types\/product"}],"replies":[{"embeddable":true,"href":"https:\/\/featherliteladders.com\/fr\/wp-json\/wp\/v2\/comments?post=13096"}],"version-history":[{"count":0,"href":"https:\/\/featherliteladders.com\/fr\/wp-json\/wp\/v2\/product\/13096\/revisions"}],"wp:featuredmedia":[{"embeddable":true,"href":"https:\/\/featherliteladders.com\/fr\/wp-json\/wp\/v2\/media\/13104"}],"wp:attachment":[{"href":"https:\/\/featherliteladders.com\/fr\/wp-json\/wp\/v2\/media?parent=13096"}],"wp:term":[{"taxonomy":"product_cat","embeddable":true,"href":"https:\/\/featherliteladders.com\/fr\/wp-json\/wp\/v2\/product_cat?post=13096"},{"taxonomy":"product_tag","embeddable":true,"href":"https:\/\/featherliteladders.com\/fr\/wp-json\/wp\/v2\/product_tag?post=13096"}],"curies":[{"name":"wp","href":"https:\/\/api.w.org\/{rel}","templated":true}]}}