{"id":12575,"date":"2022-03-25T13:17:18","date_gmt":"2022-03-25T19:17:18","guid":{"rendered":"https:\/\/stack-cprm.valtech.systems\/featherlite\/?post_type=product&#038;p=12575"},"modified":"2022-04-06T23:58:08","modified_gmt":"2022-04-07T05:58:08","slug":"4240d","status":"publish","type":"product","link":"https:\/\/featherliteladders.com\/fr\/product\/4240d\/","title":{"rendered":"4240D"},"content":{"rendered":"<div data-elementor-type=\"product-post\" data-elementor-id=\"12575\" class=\"elementor elementor-12575\">\n\t\t\t\t\t\t\t\t\t<section class=\"elementor-section elementor-top-section elementor-element elementor-element-6aea0d5c elementor-section-boxed elementor-section-height-default elementor-section-height-default\" data-id=\"6aea0d5c\" data-element_type=\"section\">\n\t\t\t\t\t\t<div class=\"elementor-container elementor-column-gap-default\">\n\t\t\t\t\t<div class=\"elementor-column elementor-col-100 elementor-top-column elementor-element elementor-element-60a1098c\" data-id=\"60a1098c\" data-element_type=\"column\">\n\t\t\t<div class=\"elementor-widget-wrap elementor-element-populated\">\n\t\t\t\t\t\t\t\t<div class=\"elementor-element elementor-element-10449e5d elementor-widget elementor-widget-text-editor\" data-id=\"10449e5d\" data-element_type=\"widget\" data-widget_type=\"text-editor.default\">\n\t\t\t\t<div class=\"elementor-widget-container\">\n\t\t\t<style>\/*! elementor - v3.6.6 - 08-06-2022 *\/\n.elementor-widget-text-editor.elementor-drop-cap-view-stacked .elementor-drop-cap{background-color:#818a91;color:#fff}.elementor-widget-text-editor.elementor-drop-cap-view-framed .elementor-drop-cap{color:#818a91;border:3px solid;background-color:transparent}.elementor-widget-text-editor:not(.elementor-drop-cap-view-default) .elementor-drop-cap{margin-top:8px}.elementor-widget-text-editor:not(.elementor-drop-cap-view-default) .elementor-drop-cap-letter{width:1em;height:1em}.elementor-widget-text-editor .elementor-drop-cap{float:left;text-align:center;line-height:1;font-size:50px}.elementor-widget-text-editor .elementor-drop-cap-letter{display:inline-block}<\/style>\t\t\t\t<h4><strong>S\u00c9RIE 4200D<\/strong><\/h4><h2 class=\"font-weight-medium text-uppercase mb-0\">4240D 40&#8242; EXTRA-HEAVY DUTY<\/h2><h3 class=\"font-weight-light text-uppercase\">RALLONGE EN ALUMINIUM<\/h3><p class=\"font-weight-bold text-uppercase\">SATISFAIT OU D\u00c9PASSE CSA GRADE 1A, ANSI TYPE IA<\/p><p>Cette \u00e9chelle \u00e0 coulisse industrielle en aluminium Featherlite de 40 pieds a une capacit\u00e9 de charge de 300 lb, class\u00e9e ANSI Type IA. Il est \u00e9quip\u00e9 du verrou \u00e0 \u00e9chelon MAXLOCK, con\u00e7u sur mesure \u00e0 partir d&#039;un polym\u00e8re mol\u00e9culaire avanc\u00e9 brevet\u00e9, MAXLOCK est le verrou \u00e0 \u00e9chelon le plus solide, le plus r\u00e9sistant et le plus l\u00e9ger jamais fabriqu\u00e9. Cette \u00e9chelle comprend le syst\u00e8me brevet\u00e9 QuickLatch RungLock qui fournit une m\u00e9thode simple et intuitive pour fixer les sections de braguette et de base de l&#039;\u00e9chelle lorsqu&#039;elle est d\u00e9ploy\u00e9e. Cette \u00e9chelle comprend \u00e9galement des guides coulissants ext\u00e9rieurs, des \u00e9chelons en forme de D enti\u00e8rement dentel\u00e9s pour une surface antid\u00e9rapante, des embouts de rail r\u00e9sistants aux rayures, une corde et une poulie et des chaussures de s\u00e9curit\u00e9 pivotantes. L&#039;\u00e9chelle \u00e0 coulisse en aluminium Featherlite 4240D respecte ou d\u00e9passe les normes de s\u00e9curit\u00e9 \u00e9tablies par ANSI, CSA et OSHA.<\/p><ul><li>Conception de section de bo\u00eete<\/li><li>Poulie mont\u00e9e sur le c\u00f4t\u00e9<\/li><li>Rung D<\/li><li>Comprend notre MAXLOCK con\u00e7u sur mesure qui est fabriqu\u00e9 \u00e0 partir d&#039;un polym\u00e8re mol\u00e9culaire brevet\u00e9 et avanc\u00e9. Notre MAXLOCK est le cadenas \u00e0 \u00e9chelons le plus solide et le plus l\u00e9ger jamais fabriqu\u00e9<\/li><\/ul>\t\t\t\t\t\t<\/div>\n\t\t\t\t<\/div>\n\t\t\t\t\t<\/div>\n\t\t<\/div>\n\t\t\t\t\t\t\t<\/div>\n\t\t<\/section>\n\t\t\t\t<section class=\"elementor-section elementor-top-section elementor-element elementor-element-dd50071 elementor-section-boxed elementor-section-height-default elementor-section-height-default\" data-id=\"dd50071\" data-element_type=\"section\">\n\t\t\t\t\t\t<div class=\"elementor-container elementor-column-gap-default\">\n\t\t\t\t\t<div class=\"elementor-column elementor-col-100 elementor-top-column elementor-element elementor-element-056f1d0\" data-id=\"056f1d0\" data-element_type=\"column\">\n\t\t\t<div class=\"elementor-widget-wrap elementor-element-populated\">\n\t\t\t\t\t\t\t\t<div class=\"elementor-element elementor-element-37a7495 elementor-widget elementor-widget-html\" data-id=\"37a7495\" data-element_type=\"widget\" data-widget_type=\"html.default\">\n\t\t\t\t<div class=\"elementor-widget-container\">\n\t\t\t<div class=\"ps-widget\" ps-sku=\"4240D\" ps-config=\"5bb63c77444db30018a6552e\"><\/div>\t\t<\/div>\n\t\t\t\t<\/div>\n\t\t\t\t\t<\/div>\n\t\t<\/div>\n\t\t\t\t\t\t\t<\/div>\n\t\t<\/section>\n\t\t\t\t\t\t\t<\/div>","protected":false},"excerpt":{"rendered":"<p>Cette \u00e9chelle \u00e0 coulisse industrielle en aluminium Featherlite de 40 pieds a une capacit\u00e9 de charge de 300 lb, class\u00e9e ANSI Type IA.<\/p>","protected":false},"featured_media":12149,"comment_status":"open","ping_status":"closed","template":"","meta":[],"product_cat":[194],"product_tag":[206],"class_list":["post-12575","product","type-product","status-publish","has-post-thumbnail","hentry","product_cat-extension-straightladders","product_tag-300lb"],"aioseo_notices":[],"_links":{"self":[{"href":"https:\/\/featherliteladders.com\/fr\/wp-json\/wp\/v2\/product\/12575","targetHints":{"allow":["GET"]}}],"collection":[{"href":"https:\/\/featherliteladders.com\/fr\/wp-json\/wp\/v2\/product"}],"about":[{"href":"https:\/\/featherliteladders.com\/fr\/wp-json\/wp\/v2\/types\/product"}],"replies":[{"embeddable":true,"href":"https:\/\/featherliteladders.com\/fr\/wp-json\/wp\/v2\/comments?post=12575"}],"version-history":[{"count":0,"href":"https:\/\/featherliteladders.com\/fr\/wp-json\/wp\/v2\/product\/12575\/revisions"}],"wp:featuredmedia":[{"embeddable":true,"href":"https:\/\/featherliteladders.com\/fr\/wp-json\/wp\/v2\/media\/12149"}],"wp:attachment":[{"href":"https:\/\/featherliteladders.com\/fr\/wp-json\/wp\/v2\/media?parent=12575"}],"wp:term":[{"taxonomy":"product_cat","embeddable":true,"href":"https:\/\/featherliteladders.com\/fr\/wp-json\/wp\/v2\/product_cat?post=12575"},{"taxonomy":"product_tag","embeddable":true,"href":"https:\/\/featherliteladders.com\/fr\/wp-json\/wp\/v2\/product_tag?post=12575"}],"curies":[{"name":"wp","href":"https:\/\/api.w.org\/{rel}","templated":true}]}}