{"id":12564,"date":"2022-03-25T13:17:07","date_gmt":"2022-03-25T19:17:07","guid":{"rendered":"https:\/\/stack-cprm.valtech.systems\/featherlite\/?post_type=product&#038;p=12564"},"modified":"2022-07-06T00:22:45","modified_gmt":"2022-07-06T06:22:45","slug":"6505","status":"publish","type":"product","link":"https:\/\/featherliteladders.com\/fr\/product\/6505\/","title":{"rendered":"6505"},"content":{"rendered":"<div data-elementor-type=\"product-post\" data-elementor-id=\"12564\" class=\"elementor elementor-12564\">\n\t\t\t\t\t\t\t\t\t<section class=\"elementor-section elementor-top-section elementor-element elementor-element-26f55a8c elementor-section-boxed elementor-section-height-default elementor-section-height-default\" data-id=\"26f55a8c\" data-element_type=\"section\">\n\t\t\t\t\t\t<div class=\"elementor-container elementor-column-gap-default\">\n\t\t\t\t\t<div class=\"elementor-column elementor-col-100 elementor-top-column elementor-element elementor-element-3764dfc4\" data-id=\"3764dfc4\" data-element_type=\"column\">\n\t\t\t<div class=\"elementor-widget-wrap elementor-element-populated\">\n\t\t\t\t\t\t\t\t<div class=\"elementor-element elementor-element-4e90650a elementor-widget elementor-widget-text-editor\" data-id=\"4e90650a\" data-element_type=\"widget\" data-widget_type=\"text-editor.default\">\n\t\t\t\t<div class=\"elementor-widget-container\">\n\t\t\t<style>\/*! elementor - v3.6.6 - 08-06-2022 *\/\n.elementor-widget-text-editor.elementor-drop-cap-view-stacked .elementor-drop-cap{background-color:#818a91;color:#fff}.elementor-widget-text-editor.elementor-drop-cap-view-framed .elementor-drop-cap{color:#818a91;border:3px solid;background-color:transparent}.elementor-widget-text-editor:not(.elementor-drop-cap-view-default) .elementor-drop-cap{margin-top:8px}.elementor-widget-text-editor:not(.elementor-drop-cap-view-default) .elementor-drop-cap-letter{width:1em;height:1em}.elementor-widget-text-editor .elementor-drop-cap{float:left;text-align:center;line-height:1;font-size:50px}.elementor-widget-text-editor .elementor-drop-cap-letter{display:inline-block}<\/style>\t\t\t\t<h4><strong>S\u00c9RIE 6500<\/strong><\/h4><h2 class=\"font-weight-medium text-uppercase mb-0\">6505 5&#8242; EXTRA-HEAVY DUTY<\/h2><h3 class=\"font-weight-light text-uppercase\">ESCABEAU EN FIBRE DE VERRE<\/h3><p class=\"font-weight-bold text-uppercase\">SATISFAIT OU D\u00c9PASSE CSA GRADE 1A, ANSI TYPE IA<\/p><p>Cet escabeau \u00e0 plate-forme industrielle Featherlite de 5 pieds a une capacit\u00e9 de charge de 300 lb, class\u00e9e ANSI Type IA. Il est dot\u00e9 d&#039;une plate-forme antid\u00e9rapante mince et sans espace avec un garde-corps sup\u00e9rieur. Cette \u00e9chelle est \u00e9quip\u00e9e de renforts \u00e0 gousset robustes, de bottes antid\u00e9rapantes robustes, de renforts d&#039;\u00e9pandage enveloppants et d&#039;une construction \u00e0 double rivet. L&#039;escabeau \u00e0 plate-forme Featherlite 6505 respecte ou d\u00e9passe les normes de s\u00e9curit\u00e9 \u00e9tablies par ANSI, CSA et OSHA. Mod\u00e8le 6506 affich\u00e9.<\/p><ul><li>Garde-corps sup\u00e9rieur<\/li><li>Bras d&#039;\u00e9cartement enveloppants<\/li><li>Bottes r\u00e9sistantes<\/li><\/ul>\t\t\t\t\t\t<\/div>\n\t\t\t\t<\/div>\n\t\t\t\t\t<\/div>\n\t\t<\/div>\n\t\t\t\t\t\t\t<\/div>\n\t\t<\/section>\n\t\t\t\t<section class=\"elementor-section elementor-top-section elementor-element elementor-element-382e44d elementor-section-boxed elementor-section-height-default elementor-section-height-default\" data-id=\"382e44d\" data-element_type=\"section\">\n\t\t\t\t\t\t<div class=\"elementor-container elementor-column-gap-default\">\n\t\t\t\t\t<div class=\"elementor-column elementor-col-100 elementor-top-column elementor-element elementor-element-313b131\" data-id=\"313b131\" data-element_type=\"column\">\n\t\t\t<div class=\"elementor-widget-wrap elementor-element-populated\">\n\t\t\t\t\t\t\t\t<div class=\"elementor-element elementor-element-5a009b6 elementor-widget elementor-widget-html\" data-id=\"5a009b6\" data-element_type=\"widget\" data-widget_type=\"html.default\">\n\t\t\t\t<div class=\"elementor-widget-container\">\n\t\t\t<div class=\"ps-widget\" ps-sku=\"6505\" ps-config=\"5bb63c77444db30018a6552e\"><\/div>\t\t<\/div>\n\t\t\t\t<\/div>\n\t\t\t\t\t<\/div>\n\t\t<\/div>\n\t\t\t\t\t\t\t<\/div>\n\t\t<\/section>\n\t\t\t\t\t\t\t<\/div>","protected":false},"excerpt":{"rendered":"<p>Cet escabeau \u00e0 plate-forme industrielle Featherlite de 5 pieds a une capacit\u00e9 de charge de 300 lb, class\u00e9e ANSI Type IA. Il est dot\u00e9 d&#039;une plate-forme antid\u00e9rapante mince et sans espace avec un garde-corps sup\u00e9rieur.<\/p>","protected":false},"featured_media":12138,"comment_status":"open","ping_status":"closed","template":"","meta":[],"product_cat":[195,192],"product_tag":[206],"class_list":["post-12564","product","type-product","status-publish","has-post-thumbnail","hentry","product_cat-platformladders","product_cat-stepladders","product_tag-300lb"],"aioseo_notices":[],"_links":{"self":[{"href":"https:\/\/featherliteladders.com\/fr\/wp-json\/wp\/v2\/product\/12564","targetHints":{"allow":["GET"]}}],"collection":[{"href":"https:\/\/featherliteladders.com\/fr\/wp-json\/wp\/v2\/product"}],"about":[{"href":"https:\/\/featherliteladders.com\/fr\/wp-json\/wp\/v2\/types\/product"}],"replies":[{"embeddable":true,"href":"https:\/\/featherliteladders.com\/fr\/wp-json\/wp\/v2\/comments?post=12564"}],"version-history":[{"count":0,"href":"https:\/\/featherliteladders.com\/fr\/wp-json\/wp\/v2\/product\/12564\/revisions"}],"wp:featuredmedia":[{"embeddable":true,"href":"https:\/\/featherliteladders.com\/fr\/wp-json\/wp\/v2\/media\/12138"}],"wp:attachment":[{"href":"https:\/\/featherliteladders.com\/fr\/wp-json\/wp\/v2\/media?parent=12564"}],"wp:term":[{"taxonomy":"product_cat","embeddable":true,"href":"https:\/\/featherliteladders.com\/fr\/wp-json\/wp\/v2\/product_cat?post=12564"},{"taxonomy":"product_tag","embeddable":true,"href":"https:\/\/featherliteladders.com\/fr\/wp-json\/wp\/v2\/product_tag?post=12564"}],"curies":[{"name":"wp","href":"https:\/\/api.w.org\/{rel}","templated":true}]}}