{"id":12563,"date":"2022-03-25T13:17:07","date_gmt":"2022-03-25T19:17:07","guid":{"rendered":"https:\/\/stack-cprm.valtech.systems\/featherlite\/?post_type=product&#038;p=12563"},"modified":"2022-04-06T23:26:26","modified_gmt":"2022-04-07T05:26:26","slug":"6114","status":"publish","type":"product","link":"https:\/\/featherliteladders.com\/fr\/product\/6114\/","title":{"rendered":"6114"},"content":{"rendered":"<div data-elementor-type=\"product-post\" data-elementor-id=\"12563\" class=\"elementor elementor-12563\">\n\t\t\t\t\t\t\t\t\t<section class=\"elementor-section elementor-top-section elementor-element elementor-element-603c15ec elementor-section-boxed elementor-section-height-default elementor-section-height-default\" data-id=\"603c15ec\" data-element_type=\"section\">\n\t\t\t\t\t\t<div class=\"elementor-container elementor-column-gap-default\">\n\t\t\t\t\t<div class=\"elementor-column elementor-col-100 elementor-top-column elementor-element elementor-element-70c5abad\" data-id=\"70c5abad\" data-element_type=\"column\">\n\t\t\t<div class=\"elementor-widget-wrap elementor-element-populated\">\n\t\t\t\t\t\t\t\t<div class=\"elementor-element elementor-element-63ac25d4 elementor-widget elementor-widget-text-editor\" data-id=\"63ac25d4\" data-element_type=\"widget\" data-widget_type=\"text-editor.default\">\n\t\t\t\t<div class=\"elementor-widget-container\">\n\t\t\t<style>\/*! elementor - v3.6.6 - 08-06-2022 *\/\n.elementor-widget-text-editor.elementor-drop-cap-view-stacked .elementor-drop-cap{background-color:#818a91;color:#fff}.elementor-widget-text-editor.elementor-drop-cap-view-framed .elementor-drop-cap{color:#818a91;border:3px solid;background-color:transparent}.elementor-widget-text-editor:not(.elementor-drop-cap-view-default) .elementor-drop-cap{margin-top:8px}.elementor-widget-text-editor:not(.elementor-drop-cap-view-default) .elementor-drop-cap-letter{width:1em;height:1em}.elementor-widget-text-editor .elementor-drop-cap{float:left;text-align:center;line-height:1;font-size:50px}.elementor-widget-text-editor .elementor-drop-cap-letter{display:inline-block}<\/style>\t\t\t\t<h4><strong>S\u00c9RIE 6100<\/strong><\/h4><h2 class=\"font-weight-medium text-uppercase mb-0\">6114 14&#8242; SUPER-HEAVY DUTY<\/h2><h3 class=\"font-weight-light text-uppercase\">RALLONGE EN FIBRE DE VERRE<\/h3><p class=\"font-weight-bold text-uppercase\">SATISFAIT OU D\u00c9PASSE CSA GRADE 1AA, ANSI TYPE IAA<\/p><p>Cette \u00e9chelle simple en fibre de verre Featherlite de 14 pieds a une capacit\u00e9 de charge de 375 lb, class\u00e9e ANSI Type IAA. Cette \u00e9chelle comprend des plaques de connexion en aluminium robuste, des \u00e9chelons en forme de D, des embouts de rail r\u00e9sistants aux rayures et des chaussures de s\u00e9curit\u00e9 pivotantes avec botte enti\u00e8rement en m\u00e9tal. L&#039;\u00e9chelle droite Featherlite 6114 respecte ou d\u00e9passe les normes de s\u00e9curit\u00e9 \u00e9tablies par ANSI, CSA et OSHA.<\/p><ul><li>Embouts non marquants<\/li><li>\u00c9chelon rivet\u00e9 au rail<\/li><li>Ensemble de pied 1 pi\u00e8ce<\/li><\/ul>\t\t\t\t\t\t<\/div>\n\t\t\t\t<\/div>\n\t\t\t\t\t<\/div>\n\t\t<\/div>\n\t\t\t\t\t\t\t<\/div>\n\t\t<\/section>\n\t\t\t\t<section class=\"elementor-section elementor-top-section elementor-element elementor-element-b801bff elementor-section-boxed elementor-section-height-default elementor-section-height-default\" data-id=\"b801bff\" data-element_type=\"section\">\n\t\t\t\t\t\t<div class=\"elementor-container elementor-column-gap-default\">\n\t\t\t\t\t<div class=\"elementor-column elementor-col-100 elementor-top-column elementor-element elementor-element-ae8d046\" data-id=\"ae8d046\" data-element_type=\"column\">\n\t\t\t<div class=\"elementor-widget-wrap elementor-element-populated\">\n\t\t\t\t\t\t\t\t<div class=\"elementor-element elementor-element-b9aa973 elementor-widget elementor-widget-html\" data-id=\"b9aa973\" data-element_type=\"widget\" data-widget_type=\"html.default\">\n\t\t\t\t<div class=\"elementor-widget-container\">\n\t\t\t<div class=\"ps-widget\" ps-sku=\"6114\" ps-config=\"5bb63c77444db30018a6552e\"><\/div>\t\t<\/div>\n\t\t\t\t<\/div>\n\t\t\t\t\t<\/div>\n\t\t<\/div>\n\t\t\t\t\t\t\t<\/div>\n\t\t<\/section>\n\t\t\t\t\t\t\t<\/div>","protected":false},"excerpt":{"rendered":"<p>Cette \u00e9chelle simple en fibre de verre Featherlite de 14 pieds a une capacit\u00e9 de charge de 375 lb, class\u00e9e ANSI Type IAA. Cette \u00e9chelle comprend des plaques de connexion en aluminium robuste, des \u00e9chelons en forme de D, des embouts de rail r\u00e9sistants aux rayures et des chaussures de s\u00e9curit\u00e9 pivotantes avec botte enti\u00e8rement en m\u00e9tal.<\/p>","protected":false},"featured_media":12137,"comment_status":"open","ping_status":"closed","template":"","meta":[],"product_cat":[194],"product_tag":[207],"class_list":["post-12563","product","type-product","status-publish","has-post-thumbnail","hentry","product_cat-extension-straightladders","product_tag-375lb"],"aioseo_notices":[],"_links":{"self":[{"href":"https:\/\/featherliteladders.com\/fr\/wp-json\/wp\/v2\/product\/12563","targetHints":{"allow":["GET"]}}],"collection":[{"href":"https:\/\/featherliteladders.com\/fr\/wp-json\/wp\/v2\/product"}],"about":[{"href":"https:\/\/featherliteladders.com\/fr\/wp-json\/wp\/v2\/types\/product"}],"replies":[{"embeddable":true,"href":"https:\/\/featherliteladders.com\/fr\/wp-json\/wp\/v2\/comments?post=12563"}],"version-history":[{"count":0,"href":"https:\/\/featherliteladders.com\/fr\/wp-json\/wp\/v2\/product\/12563\/revisions"}],"wp:featuredmedia":[{"embeddable":true,"href":"https:\/\/featherliteladders.com\/fr\/wp-json\/wp\/v2\/media\/12137"}],"wp:attachment":[{"href":"https:\/\/featherliteladders.com\/fr\/wp-json\/wp\/v2\/media?parent=12563"}],"wp:term":[{"taxonomy":"product_cat","embeddable":true,"href":"https:\/\/featherliteladders.com\/fr\/wp-json\/wp\/v2\/product_cat?post=12563"},{"taxonomy":"product_tag","embeddable":true,"href":"https:\/\/featherliteladders.com\/fr\/wp-json\/wp\/v2\/product_tag?post=12563"}],"curies":[{"name":"wp","href":"https:\/\/api.w.org\/{rel}","templated":true}]}}