{"id":12556,"date":"2022-03-25T13:17:06","date_gmt":"2022-03-25T19:17:06","guid":{"rendered":"https:\/\/stack-cprm.valtech.systems\/featherlite\/?post_type=product&#038;p=12556"},"modified":"2022-04-07T00:25:21","modified_gmt":"2022-04-07T06:25:21","slug":"fl-2120-24","status":"publish","type":"product","link":"https:\/\/featherliteladders.com\/fr\/product\/fl-2120-24\/","title":{"rendered":"FL-2120-24"},"content":{"rendered":"<div data-elementor-type=\"product-post\" data-elementor-id=\"12556\" class=\"elementor elementor-12556\">\n\t\t\t\t\t\t\t\t\t<section class=\"elementor-section elementor-top-section elementor-element elementor-element-36146cae elementor-section-boxed elementor-section-height-default elementor-section-height-default\" data-id=\"36146cae\" data-element_type=\"section\">\n\t\t\t\t\t\t<div class=\"elementor-container elementor-column-gap-default\">\n\t\t\t\t\t<div class=\"elementor-column elementor-col-100 elementor-top-column elementor-element elementor-element-23d15ef1\" data-id=\"23d15ef1\" data-element_type=\"column\">\n\t\t\t<div class=\"elementor-widget-wrap elementor-element-populated\">\n\t\t\t\t\t\t\t\t<div class=\"elementor-element elementor-element-30478199 elementor-widget elementor-widget-text-editor\" data-id=\"30478199\" data-element_type=\"widget\" data-widget_type=\"text-editor.default\">\n\t\t\t\t<div class=\"elementor-widget-container\">\n\t\t\t<style>\/*! elementor - v3.6.6 - 08-06-2022 *\/\n.elementor-widget-text-editor.elementor-drop-cap-view-stacked .elementor-drop-cap{background-color:#818a91;color:#fff}.elementor-widget-text-editor.elementor-drop-cap-view-framed .elementor-drop-cap{color:#818a91;border:3px solid;background-color:transparent}.elementor-widget-text-editor:not(.elementor-drop-cap-view-default) .elementor-drop-cap{margin-top:8px}.elementor-widget-text-editor:not(.elementor-drop-cap-view-default) .elementor-drop-cap-letter{width:1em;height:1em}.elementor-widget-text-editor .elementor-drop-cap{float:left;text-align:center;line-height:1;font-size:50px}.elementor-widget-text-editor .elementor-drop-cap-letter{display:inline-block}<\/style>\t\t\t\t<h4><strong>S\u00c9RIE FL-2120<\/strong><\/h4><h2 class=\"font-weight-medium text-uppercase mb-0\">FL-2120-24 24&#8242; HEAVY DUTY<\/h2><h3 class=\"font-weight-light text-uppercase\">RALLONGE EN ALUMINIUM<\/h3><p class=\"font-weight-bold text-uppercase\">SATISFAIT OU D\u00c9PASSE CSA GRADE 1, ANSI TYPE I<\/p><p>Cette \u00e9chelle extensible en aluminium Featherlite de 24 pieds a une capacit\u00e9 de charge de 250 lb, class\u00e9e Type I. Cette \u00e9chelle comprend des guides coulissants ext\u00e9rieurs, des \u00e9chelons en forme de D enti\u00e8rement dentel\u00e9s pour une surface antid\u00e9rapante, des embouts de rail r\u00e9sistants aux rayures, une corde et une poulie, et une s\u00e9curit\u00e9 pivotante chaussures \u00e0 utiliser comme semelle ou en position cramponn\u00e9e. L&#039;\u00e9chelle d&#039;extension en aluminium Featherlite FL-2120-24 respecte ou d\u00e9passe les normes de s\u00e9curit\u00e9 \u00e9tablies par ANSI, CSA et OSHA.<\/p><ul><li>\u00c9chelons en forme de D<\/li><li>Capuchons d&#039;extr\u00e9mit\u00e9 de rail r\u00e9sistants aux chocs<\/li><li>Chaussures de s\u00e9curit\u00e9 pivotantes<\/li><li>Corde et poulie incluses<\/li><li>Comprend notre MAXLOCK con\u00e7u sur mesure qui est fabriqu\u00e9 \u00e0 partir d&#039;un polym\u00e8re mol\u00e9culaire brevet\u00e9 et avanc\u00e9. Notre MAXLOCK est le cadenas \u00e0 \u00e9chelons le plus solide et le plus l\u00e9ger jamais fabriqu\u00e9<\/li><\/ul>\t\t\t\t\t\t<\/div>\n\t\t\t\t<\/div>\n\t\t\t\t\t<\/div>\n\t\t<\/div>\n\t\t\t\t\t\t\t<\/div>\n\t\t<\/section>\n\t\t\t\t<section class=\"elementor-section elementor-top-section elementor-element elementor-element-6a83794 elementor-section-boxed elementor-section-height-default elementor-section-height-default\" data-id=\"6a83794\" data-element_type=\"section\">\n\t\t\t\t\t\t<div class=\"elementor-container elementor-column-gap-default\">\n\t\t\t\t\t<div class=\"elementor-column elementor-col-100 elementor-top-column elementor-element elementor-element-493d0d0\" data-id=\"493d0d0\" data-element_type=\"column\">\n\t\t\t<div class=\"elementor-widget-wrap elementor-element-populated\">\n\t\t\t\t\t\t\t\t<div class=\"elementor-element elementor-element-243490c elementor-widget elementor-widget-html\" data-id=\"243490c\" data-element_type=\"widget\" data-widget_type=\"html.default\">\n\t\t\t\t<div class=\"elementor-widget-container\">\n\t\t\t<div class=\"ps-widget\" ps-sku=\"FL-2120-24\" ps-config=\"5bb63c77444db30018a6552e\"><\/div>\t\t<\/div>\n\t\t\t\t<\/div>\n\t\t\t\t\t<\/div>\n\t\t<\/div>\n\t\t\t\t\t\t\t<\/div>\n\t\t<\/section>\n\t\t\t\t\t\t\t<\/div>","protected":false},"excerpt":{"rendered":"<p>Cette \u00e9chelle \u00e0 coulisse en aluminium Featherlite de 24 pieds a une capacit\u00e9 de charge de 250 lb, class\u00e9e Type I.<\/p>","protected":false},"featured_media":12130,"comment_status":"open","ping_status":"closed","template":"","meta":[],"product_cat":[194],"product_tag":[205],"class_list":["post-12556","product","type-product","status-publish","has-post-thumbnail","hentry","product_cat-extension-straightladders","product_tag-250lb"],"aioseo_notices":[],"_links":{"self":[{"href":"https:\/\/featherliteladders.com\/fr\/wp-json\/wp\/v2\/product\/12556","targetHints":{"allow":["GET"]}}],"collection":[{"href":"https:\/\/featherliteladders.com\/fr\/wp-json\/wp\/v2\/product"}],"about":[{"href":"https:\/\/featherliteladders.com\/fr\/wp-json\/wp\/v2\/types\/product"}],"replies":[{"embeddable":true,"href":"https:\/\/featherliteladders.com\/fr\/wp-json\/wp\/v2\/comments?post=12556"}],"version-history":[{"count":0,"href":"https:\/\/featherliteladders.com\/fr\/wp-json\/wp\/v2\/product\/12556\/revisions"}],"wp:featuredmedia":[{"embeddable":true,"href":"https:\/\/featherliteladders.com\/fr\/wp-json\/wp\/v2\/media\/12130"}],"wp:attachment":[{"href":"https:\/\/featherliteladders.com\/fr\/wp-json\/wp\/v2\/media?parent=12556"}],"wp:term":[{"taxonomy":"product_cat","embeddable":true,"href":"https:\/\/featherliteladders.com\/fr\/wp-json\/wp\/v2\/product_cat?post=12556"},{"taxonomy":"product_tag","embeddable":true,"href":"https:\/\/featherliteladders.com\/fr\/wp-json\/wp\/v2\/product_tag?post=12556"}],"curies":[{"name":"wp","href":"https:\/\/api.w.org\/{rel}","templated":true}]}}