{"id":12552,"date":"2022-03-25T13:17:06","date_gmt":"2022-03-25T19:17:06","guid":{"rendered":"https:\/\/stack-cprm.valtech.systems\/featherlite\/?post_type=product&#038;p=12552"},"modified":"2022-04-06T23:15:31","modified_gmt":"2022-04-07T05:15:31","slug":"4112","status":"publish","type":"product","link":"https:\/\/featherliteladders.com\/fr\/product\/4112\/","title":{"rendered":"4112"},"content":{"rendered":"<div data-elementor-type=\"product-post\" data-elementor-id=\"12552\" class=\"elementor elementor-12552\">\n\t\t\t\t\t\t\t\t\t<section class=\"elementor-section elementor-top-section elementor-element elementor-element-330a56e7 elementor-section-boxed elementor-section-height-default elementor-section-height-default\" data-id=\"330a56e7\" data-element_type=\"section\">\n\t\t\t\t\t\t<div class=\"elementor-container elementor-column-gap-default\">\n\t\t\t\t\t<div class=\"elementor-column elementor-col-100 elementor-top-column elementor-element elementor-element-5a4a11fe\" data-id=\"5a4a11fe\" data-element_type=\"column\">\n\t\t\t<div class=\"elementor-widget-wrap elementor-element-populated\">\n\t\t\t\t\t\t\t\t<div class=\"elementor-element elementor-element-9a57b7d elementor-widget elementor-widget-text-editor\" data-id=\"9a57b7d\" data-element_type=\"widget\" data-widget_type=\"text-editor.default\">\n\t\t\t\t<div class=\"elementor-widget-container\">\n\t\t\t<style>\/*! elementor - v3.6.6 - 08-06-2022 *\/\n.elementor-widget-text-editor.elementor-drop-cap-view-stacked .elementor-drop-cap{background-color:#818a91;color:#fff}.elementor-widget-text-editor.elementor-drop-cap-view-framed .elementor-drop-cap{color:#818a91;border:3px solid;background-color:transparent}.elementor-widget-text-editor:not(.elementor-drop-cap-view-default) .elementor-drop-cap{margin-top:8px}.elementor-widget-text-editor:not(.elementor-drop-cap-view-default) .elementor-drop-cap-letter{width:1em;height:1em}.elementor-widget-text-editor .elementor-drop-cap{float:left;text-align:center;line-height:1;font-size:50px}.elementor-widget-text-editor .elementor-drop-cap-letter{display:inline-block}<\/style>\t\t\t\t<h4><strong>S\u00c9RIE 4100<\/strong><\/h4><h2 class=\"font-weight-medium text-uppercase mb-0\">4112 12&#8242; EXTRA-HEAVY DUTY<\/h2><h3 class=\"font-weight-light text-uppercase\">RALLONGE EN ALUMINIUM<\/h3><p class=\"font-weight-bold text-uppercase\">SATISFAIT OU D\u00c9PASSE CSA GRADE 1A, ANSI TYPE IA<\/p><p>This Featherlite 12 foot aluminum single ladder has a load capacity of 300 lbs, rated ANSI Type IA. This ladder features full &#8220;box beam&#8221; construction, round shaped rungs, mar-resistant rail end caps, and swivel safety shoes. The Featherlite 4112 Single ladder meets or exceeds the safety standards set by ANSI, CSA, and OSHA.<\/p><ul><li>Conception de section de bo\u00eete<\/li><li>Chaussure pivotante<\/li><li>Tapis rond en aluminium<\/li><\/ul>\t\t\t\t\t\t<\/div>\n\t\t\t\t<\/div>\n\t\t\t\t\t<\/div>\n\t\t<\/div>\n\t\t\t\t\t\t\t<\/div>\n\t\t<\/section>\n\t\t\t\t<section class=\"elementor-section elementor-top-section elementor-element elementor-element-9763c36 elementor-section-boxed elementor-section-height-default elementor-section-height-default\" data-id=\"9763c36\" data-element_type=\"section\">\n\t\t\t\t\t\t<div class=\"elementor-container elementor-column-gap-default\">\n\t\t\t\t\t<div class=\"elementor-column elementor-col-100 elementor-top-column elementor-element elementor-element-ac8e5ac\" data-id=\"ac8e5ac\" data-element_type=\"column\">\n\t\t\t<div class=\"elementor-widget-wrap elementor-element-populated\">\n\t\t\t\t\t\t\t\t<div class=\"elementor-element elementor-element-5a784f3 elementor-widget elementor-widget-html\" data-id=\"5a784f3\" data-element_type=\"widget\" data-widget_type=\"html.default\">\n\t\t\t\t<div class=\"elementor-widget-container\">\n\t\t\t<div class=\"ps-widget\" ps-sku=\"4112\" ps-config=\"5bb63c77444db30018a6552e\"><\/div>\t\t<\/div>\n\t\t\t\t<\/div>\n\t\t\t\t\t<\/div>\n\t\t<\/div>\n\t\t\t\t\t\t\t<\/div>\n\t\t<\/section>\n\t\t\t\t\t\t\t<\/div>","protected":false},"excerpt":{"rendered":"<p>Cette \u00e9chelle simple en aluminium Featherlite de 12 pieds a une capacit\u00e9 de charge de 300 lb, class\u00e9e ANSI Type IA.<\/p>","protected":false},"featured_media":12116,"comment_status":"open","ping_status":"closed","template":"","meta":[],"product_cat":[194],"product_tag":[206],"class_list":["post-12552","product","type-product","status-publish","has-post-thumbnail","hentry","product_cat-extension-straightladders","product_tag-300lb"],"aioseo_notices":[],"_links":{"self":[{"href":"https:\/\/featherliteladders.com\/fr\/wp-json\/wp\/v2\/product\/12552","targetHints":{"allow":["GET"]}}],"collection":[{"href":"https:\/\/featherliteladders.com\/fr\/wp-json\/wp\/v2\/product"}],"about":[{"href":"https:\/\/featherliteladders.com\/fr\/wp-json\/wp\/v2\/types\/product"}],"replies":[{"embeddable":true,"href":"https:\/\/featherliteladders.com\/fr\/wp-json\/wp\/v2\/comments?post=12552"}],"version-history":[{"count":0,"href":"https:\/\/featherliteladders.com\/fr\/wp-json\/wp\/v2\/product\/12552\/revisions"}],"wp:featuredmedia":[{"embeddable":true,"href":"https:\/\/featherliteladders.com\/fr\/wp-json\/wp\/v2\/media\/12116"}],"wp:attachment":[{"href":"https:\/\/featherliteladders.com\/fr\/wp-json\/wp\/v2\/media?parent=12552"}],"wp:term":[{"taxonomy":"product_cat","embeddable":true,"href":"https:\/\/featherliteladders.com\/fr\/wp-json\/wp\/v2\/product_cat?post=12552"},{"taxonomy":"product_tag","embeddable":true,"href":"https:\/\/featherliteladders.com\/fr\/wp-json\/wp\/v2\/product_tag?post=12552"}],"curies":[{"name":"wp","href":"https:\/\/api.w.org\/{rel}","templated":true}]}}