{"id":12549,"date":"2022-03-25T13:17:05","date_gmt":"2022-03-25T19:17:05","guid":{"rendered":"https:\/\/stack-cprm.valtech.systems\/featherlite\/?post_type=product&#038;p=12549"},"modified":"2022-04-07T00:15:35","modified_gmt":"2022-04-07T06:15:35","slug":"6810-aa","status":"publish","type":"product","link":"https:\/\/featherliteladders.com\/fr\/product\/6810-aa\/","title":{"rendered":"6810-AA"},"content":{"rendered":"<div data-elementor-type=\"product-post\" data-elementor-id=\"12549\" class=\"elementor elementor-12549\">\n\t\t\t\t\t\t\t\t\t<section class=\"elementor-section elementor-top-section elementor-element elementor-element-7fcdf8a elementor-section-boxed elementor-section-height-default elementor-section-height-default\" data-id=\"7fcdf8a\" data-element_type=\"section\">\n\t\t\t\t\t\t<div class=\"elementor-container elementor-column-gap-default\">\n\t\t\t\t\t<div class=\"elementor-column elementor-col-100 elementor-top-column elementor-element elementor-element-73eb18f0\" data-id=\"73eb18f0\" data-element_type=\"column\">\n\t\t\t<div class=\"elementor-widget-wrap elementor-element-populated\">\n\t\t\t\t\t\t\t\t<div class=\"elementor-element elementor-element-3b01db17 elementor-widget elementor-widget-text-editor\" data-id=\"3b01db17\" data-element_type=\"widget\" data-widget_type=\"text-editor.default\">\n\t\t\t\t<div class=\"elementor-widget-container\">\n\t\t\t<style>\/*! elementor - v3.6.6 - 08-06-2022 *\/\n.elementor-widget-text-editor.elementor-drop-cap-view-stacked .elementor-drop-cap{background-color:#818a91;color:#fff}.elementor-widget-text-editor.elementor-drop-cap-view-framed .elementor-drop-cap{color:#818a91;border:3px solid;background-color:transparent}.elementor-widget-text-editor:not(.elementor-drop-cap-view-default) .elementor-drop-cap{margin-top:8px}.elementor-widget-text-editor:not(.elementor-drop-cap-view-default) .elementor-drop-cap-letter{width:1em;height:1em}.elementor-widget-text-editor .elementor-drop-cap{float:left;text-align:center;line-height:1;font-size:50px}.elementor-widget-text-editor .elementor-drop-cap-letter{display:inline-block}<\/style>\t\t\t\t<h4><strong>S\u00c9RIE 6800-AA<\/strong><\/h4><h2 class=\"font-weight-medium text-uppercase mb-0\">6810-AA 10&#8242; SUPER-HEAVY DUTY<\/h2><h3 class=\"font-weight-light text-uppercase\">ESCABEAU EN FIBRE DE VERRE<\/h3><p class=\"font-weight-bold text-uppercase\">SATISFAIT OU D\u00c9PASSE CSA GRADE 1AA, ANSI TYPE IAA<\/p><p>Cet escabeau en fibre de verre non conducteur Featherlite de 10 pieds a une capacit\u00e9 de charge de 375 lb, class\u00e9 ANSI Type IAA. Cette \u00e9chelle est \u00e9quip\u00e9e d&#039;un dessus multifonctionnel avec des fentes pour outils, d&#039;un renfort de gousset robuste, de bottes robustes, de renforts d&#039;\u00e9pandage enveloppants et d&#039;une construction \u00e0 double rivet. L&#039;escabeau Featherlite 6810-AA respecte ou d\u00e9passe les normes de s\u00e9curit\u00e9 \u00e9tablies par ANSI, CSA et OSHA.<\/p><ul><li>Dessus avec fentes pour outils<\/li><li>Bras d&#039;\u00e9cartement enveloppants<\/li><li>Contreventement de gousset robuste<\/li><li>Botte robuste<\/li><\/ul>\t\t\t\t\t\t<\/div>\n\t\t\t\t<\/div>\n\t\t\t\t\t<\/div>\n\t\t<\/div>\n\t\t\t\t\t\t\t<\/div>\n\t\t<\/section>\n\t\t\t\t<section class=\"elementor-section elementor-top-section elementor-element elementor-element-5b85c6d elementor-section-boxed elementor-section-height-default elementor-section-height-default\" data-id=\"5b85c6d\" data-element_type=\"section\">\n\t\t\t\t\t\t<div class=\"elementor-container elementor-column-gap-default\">\n\t\t\t\t\t<div class=\"elementor-column elementor-col-100 elementor-top-column elementor-element elementor-element-3cad140\" data-id=\"3cad140\" data-element_type=\"column\">\n\t\t\t<div class=\"elementor-widget-wrap elementor-element-populated\">\n\t\t\t\t\t\t\t\t<div class=\"elementor-element elementor-element-077a148 elementor-widget elementor-widget-html\" data-id=\"077a148\" data-element_type=\"widget\" data-widget_type=\"html.default\">\n\t\t\t\t<div class=\"elementor-widget-container\">\n\t\t\t<div class=\"ps-widget\" ps-sku=\"6810-AA\" ps-config=\"5bb63c77444db30018a6552e\"><\/div>\t\t<\/div>\n\t\t\t\t<\/div>\n\t\t\t\t\t<\/div>\n\t\t<\/div>\n\t\t\t\t\t\t\t<\/div>\n\t\t<\/section>\n\t\t\t\t\t\t\t<\/div>","protected":false},"excerpt":{"rendered":"<p>Cet escabeau en fibre de verre non conductrice Featherlite de 10 pieds a une capacit\u00e9 de charge de 375 lb, class\u00e9 ANSI Type IAA.<\/p>","protected":false},"featured_media":12113,"comment_status":"open","ping_status":"closed","template":"","meta":[],"product_cat":[192],"product_tag":[207],"class_list":["post-12549","product","type-product","status-publish","has-post-thumbnail","hentry","product_cat-stepladders","product_tag-375lb"],"aioseo_notices":[],"_links":{"self":[{"href":"https:\/\/featherliteladders.com\/fr\/wp-json\/wp\/v2\/product\/12549","targetHints":{"allow":["GET"]}}],"collection":[{"href":"https:\/\/featherliteladders.com\/fr\/wp-json\/wp\/v2\/product"}],"about":[{"href":"https:\/\/featherliteladders.com\/fr\/wp-json\/wp\/v2\/types\/product"}],"replies":[{"embeddable":true,"href":"https:\/\/featherliteladders.com\/fr\/wp-json\/wp\/v2\/comments?post=12549"}],"version-history":[{"count":0,"href":"https:\/\/featherliteladders.com\/fr\/wp-json\/wp\/v2\/product\/12549\/revisions"}],"wp:featuredmedia":[{"embeddable":true,"href":"https:\/\/featherliteladders.com\/fr\/wp-json\/wp\/v2\/media\/12113"}],"wp:attachment":[{"href":"https:\/\/featherliteladders.com\/fr\/wp-json\/wp\/v2\/media?parent=12549"}],"wp:term":[{"taxonomy":"product_cat","embeddable":true,"href":"https:\/\/featherliteladders.com\/fr\/wp-json\/wp\/v2\/product_cat?post=12549"},{"taxonomy":"product_tag","embeddable":true,"href":"https:\/\/featherliteladders.com\/fr\/wp-json\/wp\/v2\/product_tag?post=12549"}],"curies":[{"name":"wp","href":"https:\/\/api.w.org\/{rel}","templated":true}]}}