{"id":12536,"date":"2022-03-25T13:17:04","date_gmt":"2022-03-25T19:17:04","guid":{"rendered":"https:\/\/stack-cprm.valtech.systems\/featherlite\/?post_type=product&#038;p=12536"},"modified":"2022-04-06T23:03:25","modified_gmt":"2022-04-07T05:03:25","slug":"2240","status":"publish","type":"product","link":"https:\/\/featherliteladders.com\/fr\/product\/2240\/","title":{"rendered":"2240"},"content":{"rendered":"<div data-elementor-type=\"product-post\" data-elementor-id=\"12536\" class=\"elementor elementor-12536\">\n\t\t\t\t\t\t\t\t\t<section class=\"elementor-section elementor-top-section elementor-element elementor-element-9b228c4 elementor-section-boxed elementor-section-height-default elementor-section-height-default\" data-id=\"9b228c4\" data-element_type=\"section\">\n\t\t\t\t\t\t<div class=\"elementor-container elementor-column-gap-default\">\n\t\t\t\t\t<div class=\"elementor-column elementor-col-100 elementor-top-column elementor-element elementor-element-7405c984\" data-id=\"7405c984\" data-element_type=\"column\">\n\t\t\t<div class=\"elementor-widget-wrap elementor-element-populated\">\n\t\t\t\t\t\t\t\t<div class=\"elementor-element elementor-element-460ebcf8 elementor-widget elementor-widget-text-editor\" data-id=\"460ebcf8\" data-element_type=\"widget\" data-widget_type=\"text-editor.default\">\n\t\t\t\t<div class=\"elementor-widget-container\">\n\t\t\t<style>\/*! elementor - v3.6.6 - 08-06-2022 *\/\n.elementor-widget-text-editor.elementor-drop-cap-view-stacked .elementor-drop-cap{background-color:#818a91;color:#fff}.elementor-widget-text-editor.elementor-drop-cap-view-framed .elementor-drop-cap{color:#818a91;border:3px solid;background-color:transparent}.elementor-widget-text-editor:not(.elementor-drop-cap-view-default) .elementor-drop-cap{margin-top:8px}.elementor-widget-text-editor:not(.elementor-drop-cap-view-default) .elementor-drop-cap-letter{width:1em;height:1em}.elementor-widget-text-editor .elementor-drop-cap{float:left;text-align:center;line-height:1;font-size:50px}.elementor-widget-text-editor .elementor-drop-cap-letter{display:inline-block}<\/style>\t\t\t\t<h4><strong>S\u00c9RIE 2200<\/strong><\/h4><h2 class=\"font-weight-medium text-uppercase mb-0\">2240 40&#8242; MEDIUM DUTY<\/h2><h3 class=\"font-weight-light text-uppercase\">RALLONGE EN ALUMINIUM<\/h3><p class=\"font-weight-bold text-uppercase\">SATISFAIT OU D\u00c9PASSE CSA GRADE 2, ANSI TYPE II<\/p><p>Cette \u00e9chelle \u00e0 coulisse en aluminium Featherlite de 40 pieds a une capacit\u00e9 de charge de 225 lb, class\u00e9e ANSI Type II. Cette \u00e9chelle comprend le syst\u00e8me brevet\u00e9 QuickLatch RungLock qui fournit une m\u00e9thode simple et intuitive pour fixer les sections de braguette et de base de l&#039;\u00e9chelle lorsqu&#039;elle est d\u00e9ploy\u00e9e. Il comporte \u00e9galement des \u00e9chelons en forme de D enti\u00e8rement dentel\u00e9s pour une surface antid\u00e9rapante, des embouts de rail r\u00e9sistants aux rayures et des chaussures de s\u00e9curit\u00e9 pivotantes antid\u00e9rapantes. L&#039;\u00e9chelle \u00e0 coulisse en aluminium Featherlite 2240 respecte ou d\u00e9passe les normes de s\u00e9curit\u00e9 \u00e9tablies par ANSI, CSA et OSHA.<\/p><ul><li>Poulie en aluminium<\/li><li>Verrouillage de l&#039;\u00e9chelon<\/li><li>Chaussure antid\u00e9rapante<\/li><\/ul>\t\t\t\t\t\t<\/div>\n\t\t\t\t<\/div>\n\t\t\t\t\t<\/div>\n\t\t<\/div>\n\t\t\t\t\t\t\t<\/div>\n\t\t<\/section>\n\t\t\t\t<section class=\"elementor-section elementor-top-section elementor-element elementor-element-f7f95a5 elementor-section-boxed elementor-section-height-default elementor-section-height-default\" data-id=\"f7f95a5\" data-element_type=\"section\">\n\t\t\t\t\t\t<div class=\"elementor-container elementor-column-gap-default\">\n\t\t\t\t\t<div class=\"elementor-column elementor-col-100 elementor-top-column elementor-element elementor-element-65918f9\" data-id=\"65918f9\" data-element_type=\"column\">\n\t\t\t<div class=\"elementor-widget-wrap elementor-element-populated\">\n\t\t\t\t\t\t\t\t<div class=\"elementor-element elementor-element-a28b295 elementor-widget elementor-widget-html\" data-id=\"a28b295\" data-element_type=\"widget\" data-widget_type=\"html.default\">\n\t\t\t\t<div class=\"elementor-widget-container\">\n\t\t\t<div class=\"ps-widget\" ps-sku=\"2240\" ps-config=\"5bb63c77444db30018a6552e\"><\/div>\t\t<\/div>\n\t\t\t\t<\/div>\n\t\t\t\t\t<\/div>\n\t\t<\/div>\n\t\t\t\t\t\t\t<\/div>\n\t\t<\/section>\n\t\t\t\t\t\t\t<\/div>","protected":false},"excerpt":{"rendered":"<p>Cette \u00e9chelle \u00e0 coulisse en aluminium Featherlite de 40 pieds a une capacit\u00e9 de charge de 225 lb, class\u00e9e ANSI Type II. Cette \u00e9chelle comprend le syst\u00e8me brevet\u00e9 QuickLatch RungLock qui fournit une m\u00e9thode simple et intuitive pour fixer les sections de braguette et de base de l&#039;\u00e9chelle lorsqu&#039;elle est d\u00e9ploy\u00e9e.<\/p>","protected":false},"featured_media":12091,"comment_status":"open","ping_status":"closed","template":"","meta":[],"product_cat":[194],"product_tag":[203],"class_list":["post-12536","product","type-product","status-publish","has-post-thumbnail","hentry","product_cat-extension-straightladders","product_tag-225lb"],"aioseo_notices":[],"_links":{"self":[{"href":"https:\/\/featherliteladders.com\/fr\/wp-json\/wp\/v2\/product\/12536","targetHints":{"allow":["GET"]}}],"collection":[{"href":"https:\/\/featherliteladders.com\/fr\/wp-json\/wp\/v2\/product"}],"about":[{"href":"https:\/\/featherliteladders.com\/fr\/wp-json\/wp\/v2\/types\/product"}],"replies":[{"embeddable":true,"href":"https:\/\/featherliteladders.com\/fr\/wp-json\/wp\/v2\/comments?post=12536"}],"version-history":[{"count":0,"href":"https:\/\/featherliteladders.com\/fr\/wp-json\/wp\/v2\/product\/12536\/revisions"}],"wp:featuredmedia":[{"embeddable":true,"href":"https:\/\/featherliteladders.com\/fr\/wp-json\/wp\/v2\/media\/12091"}],"wp:attachment":[{"href":"https:\/\/featherliteladders.com\/fr\/wp-json\/wp\/v2\/media?parent=12536"}],"wp:term":[{"taxonomy":"product_cat","embeddable":true,"href":"https:\/\/featherliteladders.com\/fr\/wp-json\/wp\/v2\/product_cat?post=12536"},{"taxonomy":"product_tag","embeddable":true,"href":"https:\/\/featherliteladders.com\/fr\/wp-json\/wp\/v2\/product_tag?post=12536"}],"curies":[{"name":"wp","href":"https:\/\/api.w.org\/{rel}","templated":true}]}}