{"id":12496,"date":"2022-03-25T13:16:42","date_gmt":"2022-03-25T19:16:42","guid":{"rendered":"https:\/\/stack-cprm.valtech.systems\/featherlite\/?post_type=product&#038;p=12496"},"modified":"2022-04-06T23:03:57","modified_gmt":"2022-04-07T05:03:57","slug":"2404","status":"publish","type":"product","link":"https:\/\/featherliteladders.com\/fr\/product\/2404\/","title":{"rendered":"2404"},"content":{"rendered":"<div data-elementor-type=\"product-post\" data-elementor-id=\"12496\" class=\"elementor elementor-12496\">\n\t\t\t\t\t\t\t\t\t<section class=\"elementor-section elementor-top-section elementor-element elementor-element-75ab3bff elementor-section-boxed elementor-section-height-default elementor-section-height-default\" data-id=\"75ab3bff\" data-element_type=\"section\">\n\t\t\t\t\t\t<div class=\"elementor-container elementor-column-gap-default\">\n\t\t\t\t\t<div class=\"elementor-column elementor-col-100 elementor-top-column elementor-element elementor-element-2e197fd6\" data-id=\"2e197fd6\" data-element_type=\"column\">\n\t\t\t<div class=\"elementor-widget-wrap elementor-element-populated\">\n\t\t\t\t\t\t\t\t<div class=\"elementor-element elementor-element-6fc432e0 elementor-widget elementor-widget-text-editor\" data-id=\"6fc432e0\" data-element_type=\"widget\" data-widget_type=\"text-editor.default\">\n\t\t\t\t<div class=\"elementor-widget-container\">\n\t\t\t<style>\/*! elementor - v3.6.6 - 08-06-2022 *\/\n.elementor-widget-text-editor.elementor-drop-cap-view-stacked .elementor-drop-cap{background-color:#818a91;color:#fff}.elementor-widget-text-editor.elementor-drop-cap-view-framed .elementor-drop-cap{color:#818a91;border:3px solid;background-color:transparent}.elementor-widget-text-editor:not(.elementor-drop-cap-view-default) .elementor-drop-cap{margin-top:8px}.elementor-widget-text-editor:not(.elementor-drop-cap-view-default) .elementor-drop-cap-letter{width:1em;height:1em}.elementor-widget-text-editor .elementor-drop-cap{float:left;text-align:center;line-height:1;font-size:50px}.elementor-widget-text-editor .elementor-drop-cap-letter{display:inline-block}<\/style>\t\t\t\t<h4><strong>S\u00c9RIE 2400<\/strong><\/h4><h2 class=\"font-weight-medium text-uppercase mb-0\">2404 4&#8242; MEDIUM DUTY<\/h2><h3 class=\"font-weight-light text-uppercase\">ESCABEAU EN ALUMINIUM<\/h3><p class=\"font-weight-bold text-uppercase\">SATISFAIT OU D\u00c9PASSE CSA GRADE 2, ANSI TYPE II<\/p><p>This Featherlite 4 foot lightweight aluminum step ladder has a load capacity of 225lb, rated ANSI Type II. This ladder is equipped with a molded top with handyman&#8217;s tool slots, molded pail shelf, slip-resistant rubber feet, steel gusset bracing, and pinch-resistant spreader braces. This ladder is ideal for painting. The Featherlite 2404 step ladder meets or exceeds the safety standards set by ANSI, CSA, and OSHA.<\/p><ul><li>Dessus avec fentes pour outils<\/li><li>\u00c9tag\u00e8re \u00e0 seau<\/li><li>Chaussure antid\u00e9rapante<\/li><\/ul>\t\t\t\t\t\t<\/div>\n\t\t\t\t<\/div>\n\t\t\t\t\t<\/div>\n\t\t<\/div>\n\t\t\t\t\t\t\t<\/div>\n\t\t<\/section>\n\t\t\t\t<section class=\"elementor-section elementor-top-section elementor-element elementor-element-aa6a2a5 elementor-section-boxed elementor-section-height-default elementor-section-height-default\" data-id=\"aa6a2a5\" data-element_type=\"section\">\n\t\t\t\t\t\t<div class=\"elementor-container elementor-column-gap-default\">\n\t\t\t\t\t<div class=\"elementor-column elementor-col-100 elementor-top-column elementor-element elementor-element-12627e9\" data-id=\"12627e9\" data-element_type=\"column\">\n\t\t\t<div class=\"elementor-widget-wrap elementor-element-populated\">\n\t\t\t\t\t\t\t\t<div class=\"elementor-element elementor-element-c514f00 elementor-widget elementor-widget-html\" data-id=\"c514f00\" data-element_type=\"widget\" data-widget_type=\"html.default\">\n\t\t\t\t<div class=\"elementor-widget-container\">\n\t\t\t<div class=\"ps-widget\" ps-sku=\"2404\" ps-config=\"5bb63c77444db30018a6552e\"><\/div>\t\t<\/div>\n\t\t\t\t<\/div>\n\t\t\t\t\t<\/div>\n\t\t<\/div>\n\t\t\t\t\t\t\t<\/div>\n\t\t<\/section>\n\t\t\t\t\t\t\t<\/div>","protected":false},"excerpt":{"rendered":"<p>Cet escabeau en aluminium l\u00e9ger Featherlite de 4 pieds a une capacit\u00e9 de charge de 225 lb, class\u00e9 ANSI Type II.<\/p>","protected":false},"featured_media":12004,"comment_status":"open","ping_status":"closed","template":"","meta":[],"product_cat":[192],"product_tag":[203],"class_list":["post-12496","product","type-product","status-publish","has-post-thumbnail","hentry","product_cat-stepladders","product_tag-225lb"],"aioseo_notices":[],"_links":{"self":[{"href":"https:\/\/featherliteladders.com\/fr\/wp-json\/wp\/v2\/product\/12496","targetHints":{"allow":["GET"]}}],"collection":[{"href":"https:\/\/featherliteladders.com\/fr\/wp-json\/wp\/v2\/product"}],"about":[{"href":"https:\/\/featherliteladders.com\/fr\/wp-json\/wp\/v2\/types\/product"}],"replies":[{"embeddable":true,"href":"https:\/\/featherliteladders.com\/fr\/wp-json\/wp\/v2\/comments?post=12496"}],"version-history":[{"count":0,"href":"https:\/\/featherliteladders.com\/fr\/wp-json\/wp\/v2\/product\/12496\/revisions"}],"wp:featuredmedia":[{"embeddable":true,"href":"https:\/\/featherliteladders.com\/fr\/wp-json\/wp\/v2\/media\/12004"}],"wp:attachment":[{"href":"https:\/\/featherliteladders.com\/fr\/wp-json\/wp\/v2\/media?parent=12496"}],"wp:term":[{"taxonomy":"product_cat","embeddable":true,"href":"https:\/\/featherliteladders.com\/fr\/wp-json\/wp\/v2\/product_cat?post=12496"},{"taxonomy":"product_tag","embeddable":true,"href":"https:\/\/featherliteladders.com\/fr\/wp-json\/wp\/v2\/product_tag?post=12496"}],"curies":[{"name":"wp","href":"https:\/\/api.w.org\/{rel}","templated":true}]}}