{"id":12494,"date":"2022-03-25T13:16:42","date_gmt":"2022-03-25T19:16:42","guid":{"rendered":"https:\/\/stack-cprm.valtech.systems\/featherlite\/?post_type=product&#038;p=12494"},"modified":"2022-04-07T00:43:41","modified_gmt":"2022-04-07T06:43:41","slug":"fxs6912","status":"publish","type":"product","link":"https:\/\/featherliteladders.com\/fr\/product\/fxs6912\/","title":{"rendered":"FXS6912"},"content":{"rendered":"<div data-elementor-type=\"product-post\" data-elementor-id=\"12494\" class=\"elementor elementor-12494\">\n\t\t\t\t\t\t\t\t\t<section class=\"elementor-section elementor-top-section elementor-element elementor-element-4839d206 elementor-section-boxed elementor-section-height-default elementor-section-height-default\" data-id=\"4839d206\" data-element_type=\"section\">\n\t\t\t\t\t\t<div class=\"elementor-container elementor-column-gap-default\">\n\t\t\t\t\t<div class=\"elementor-column elementor-col-100 elementor-top-column elementor-element elementor-element-6791bfb7\" data-id=\"6791bfb7\" data-element_type=\"column\">\n\t\t\t<div class=\"elementor-widget-wrap elementor-element-populated\">\n\t\t\t\t\t\t\t\t<div class=\"elementor-element elementor-element-713b6e3c elementor-widget elementor-widget-text-editor\" data-id=\"713b6e3c\" data-element_type=\"widget\" data-widget_type=\"text-editor.default\">\n\t\t\t\t<div class=\"elementor-widget-container\">\n\t\t\t<style>\/*! elementor - v3.6.6 - 08-06-2022 *\/\n.elementor-widget-text-editor.elementor-drop-cap-view-stacked .elementor-drop-cap{background-color:#818a91;color:#fff}.elementor-widget-text-editor.elementor-drop-cap-view-framed .elementor-drop-cap{color:#818a91;border:3px solid;background-color:transparent}.elementor-widget-text-editor:not(.elementor-drop-cap-view-default) .elementor-drop-cap{margin-top:8px}.elementor-widget-text-editor:not(.elementor-drop-cap-view-default) .elementor-drop-cap-letter{width:1em;height:1em}.elementor-widget-text-editor .elementor-drop-cap{float:left;text-align:center;line-height:1;font-size:50px}.elementor-widget-text-editor .elementor-drop-cap-letter{display:inline-block}<\/style>\t\t\t\t<h4><strong>S\u00c9RIE FXS6900<\/strong><\/h4><h2 class=\"font-weight-medium text-uppercase mb-0\">FXS6912 12&#8242; EXTRA-HEAVY DUTY<\/h2><h3 class=\"font-weight-light text-uppercase\">MARCHE CROIS\u00c9E EN FIBRE DE VERRE<\/h3><p class=\"font-weight-bold text-uppercase\">SATISFAIT OU D\u00c9PASSE CSA GRADE 1A, ANSI TYPE IA<\/p><p>Engineered to excel in a variety of environments, Featherlite&#8217;s Cross-Step FXS6912 ladder features an intelligent 2-in-1 design that lets you get closer to the action in any work area. Convertible to either a step or a shelf-straight ladder, this versatile tool is ready made for every job, allowing you to use the best configuration for whatever work calls for. It can be leaned against poles, corners or walls thanks to the ProTop unique shape and slip-resistant grip. This ladder lets you dominate the worksites with quick, easy access to hard-to-reach places. This Featherlite FXS6912 Cross Step ladder meets or exceeds the safety standards set by ANSI, CSA, and OSHA.<\/p><ul><li>Capacit\u00e9 de charge de 300 lb<\/li><li>Class\u00e9 Type IA<\/li><li>Se convertit d&#039;un escabeau en une \u00e9chelle d&#039;\u00e9tag\u00e8re pour une combinaison 2 en 1<\/li><li>Le ProTop en forme de V permet \u00e0 l&#039;\u00e9chelle de s&#039;appuyer contre les murs<\/li><li>B\u00e2timents et poteaux<\/li><li>ProTop avec plusieurs emplacements pour outils<\/li><li>Work 6&#8243; closer to any area<\/li><\/ul>\t\t\t\t\t\t<\/div>\n\t\t\t\t<\/div>\n\t\t\t\t\t<\/div>\n\t\t<\/div>\n\t\t\t\t\t\t\t<\/div>\n\t\t<\/section>\n\t\t\t\t<section class=\"elementor-section elementor-top-section elementor-element elementor-element-a97bc61 elementor-section-boxed elementor-section-height-default elementor-section-height-default\" data-id=\"a97bc61\" data-element_type=\"section\">\n\t\t\t\t\t\t<div class=\"elementor-container elementor-column-gap-default\">\n\t\t\t\t\t<div class=\"elementor-column elementor-col-100 elementor-top-column elementor-element elementor-element-9da1b97\" data-id=\"9da1b97\" data-element_type=\"column\">\n\t\t\t<div class=\"elementor-widget-wrap elementor-element-populated\">\n\t\t\t\t\t\t\t\t<div class=\"elementor-element elementor-element-9b5966a elementor-widget elementor-widget-html\" data-id=\"9b5966a\" data-element_type=\"widget\" data-widget_type=\"html.default\">\n\t\t\t\t<div class=\"elementor-widget-container\">\n\t\t\t<div class=\"ps-widget\" ps-sku=\"FXS6912\" ps-config=\"5bb63c77444db30018a6552e\"><\/div>\t\t<\/div>\n\t\t\t\t<\/div>\n\t\t\t\t\t<\/div>\n\t\t<\/div>\n\t\t\t\t\t\t\t<\/div>\n\t\t<\/section>\n\t\t\t\t\t\t\t<\/div>","protected":false},"excerpt":{"rendered":"<p>Engineered to excel in a variety of environments, Featherlite&#8217;s Cross-Step FXS6912 ladder features an intelligent 2-in-1 design that lets you get closer to the action in any work area.<\/p>","protected":false},"featured_media":12002,"comment_status":"open","ping_status":"closed","template":"","meta":[],"product_cat":[199],"product_tag":[206],"class_list":["post-12494","product","type-product","status-publish","has-post-thumbnail","hentry","product_cat-cross-step-ladders","product_tag-300lb"],"aioseo_notices":[],"_links":{"self":[{"href":"https:\/\/featherliteladders.com\/fr\/wp-json\/wp\/v2\/product\/12494","targetHints":{"allow":["GET"]}}],"collection":[{"href":"https:\/\/featherliteladders.com\/fr\/wp-json\/wp\/v2\/product"}],"about":[{"href":"https:\/\/featherliteladders.com\/fr\/wp-json\/wp\/v2\/types\/product"}],"replies":[{"embeddable":true,"href":"https:\/\/featherliteladders.com\/fr\/wp-json\/wp\/v2\/comments?post=12494"}],"version-history":[{"count":0,"href":"https:\/\/featherliteladders.com\/fr\/wp-json\/wp\/v2\/product\/12494\/revisions"}],"wp:featuredmedia":[{"embeddable":true,"href":"https:\/\/featherliteladders.com\/fr\/wp-json\/wp\/v2\/media\/12002"}],"wp:attachment":[{"href":"https:\/\/featherliteladders.com\/fr\/wp-json\/wp\/v2\/media?parent=12494"}],"wp:term":[{"taxonomy":"product_cat","embeddable":true,"href":"https:\/\/featherliteladders.com\/fr\/wp-json\/wp\/v2\/product_cat?post=12494"},{"taxonomy":"product_tag","embeddable":true,"href":"https:\/\/featherliteladders.com\/fr\/wp-json\/wp\/v2\/product_tag?post=12494"}],"curies":[{"name":"wp","href":"https:\/\/api.w.org\/{rel}","templated":true}]}}