{"id":12489,"date":"2022-03-25T13:16:41","date_gmt":"2022-03-25T19:16:41","guid":{"rendered":"https:\/\/stack-cprm.valtech.systems\/featherlite\/?post_type=product&#038;p=12489"},"modified":"2024-08-19T09:35:40","modified_gmt":"2024-08-19T15:35:40","slug":"2708","status":"publish","type":"product","link":"https:\/\/featherliteladders.com\/fr\/product\/2708\/","title":{"rendered":"2708"},"content":{"rendered":"<div data-elementor-type=\"product-post\" data-elementor-id=\"12489\" class=\"elementor elementor-12489\">\n\t\t\t\t\t\t\t\t\t<section class=\"elementor-section elementor-top-section elementor-element elementor-element-31e290bf elementor-section-boxed elementor-section-height-default elementor-section-height-default\" data-id=\"31e290bf\" data-element_type=\"section\">\n\t\t\t\t\t\t<div class=\"elementor-container elementor-column-gap-default\">\n\t\t\t\t\t<div class=\"elementor-column elementor-col-100 elementor-top-column elementor-element elementor-element-685371cc\" data-id=\"685371cc\" data-element_type=\"column\">\n\t\t\t<div class=\"elementor-widget-wrap elementor-element-populated\">\n\t\t\t\t\t\t\t\t<div class=\"elementor-element elementor-element-74d93954 elementor-widget elementor-widget-text-editor\" data-id=\"74d93954\" data-element_type=\"widget\" data-widget_type=\"text-editor.default\">\n\t\t\t\t<div class=\"elementor-widget-container\">\n\t\t\t<style>\/*! elementor - v3.6.6 - 08-06-2022 *\/\n.elementor-widget-text-editor.elementor-drop-cap-view-stacked .elementor-drop-cap{background-color:#818a91;color:#fff}.elementor-widget-text-editor.elementor-drop-cap-view-framed .elementor-drop-cap{color:#818a91;border:3px solid;background-color:transparent}.elementor-widget-text-editor:not(.elementor-drop-cap-view-default) .elementor-drop-cap{margin-top:8px}.elementor-widget-text-editor:not(.elementor-drop-cap-view-default) .elementor-drop-cap-letter{width:1em;height:1em}.elementor-widget-text-editor .elementor-drop-cap{float:left;text-align:center;line-height:1;font-size:50px}.elementor-widget-text-editor .elementor-drop-cap-letter{display:inline-block}<\/style>\t\t\t\t<h4><strong>S\u00c9RIE 2700<\/strong><\/h4><h2 class=\"font-weight-medium text-uppercase mb-0\">2708 8&#8242; HEAVY DUTY<\/h2><h3 class=\"font-weight-light text-uppercase\">ALUMINIUM POLYVALENT<\/h3><p class=\"font-weight-bold text-uppercase\">SATISFAIT OU D\u00c9PASSE CSA GRADE 1, ANSI TYPE I<\/p><p>Cette \u00e9chelle combin\u00e9e en aluminium Featherlite de 8 pieds a une capacit\u00e9 de charge de 250 lb, class\u00e9e Type I. Cette \u00e9chelle vous permet de travailler dans 3 positions diff\u00e9rentes. Escabeau, \u00e9chelle \u00e0 coulisse et \u00e9chelle d&#039;escalier. Il est dot\u00e9 d&#039;\u00e9pandeurs ext\u00e9rieurs anti-pincement, d&#039;embouts de rail r\u00e9sistants aux rayures et de patins antid\u00e9rapants. L&#039;\u00e9chelle combin\u00e9e en aluminium Featherlite 2708 respecte ou d\u00e9passe les normes de s\u00e9curit\u00e9 \u00e9tablies par ANSI, CSA et OSHA.<\/p><ul><li>\u00c9chelle 3 en 1<\/li><li>Marcher<\/li><li>Escalier<\/li><li>Extension<\/li><\/ul>\t\t\t\t\t\t<\/div>\n\t\t\t\t<\/div>\n\t\t\t\t\t<\/div>\n\t\t<\/div>\n\t\t\t\t\t\t\t<\/div>\n\t\t<\/section>\n\t\t\t\t<section class=\"elementor-section elementor-top-section elementor-element elementor-element-ea47c12 elementor-section-boxed elementor-section-height-default elementor-section-height-default\" data-id=\"ea47c12\" data-element_type=\"section\">\n\t\t\t\t\t\t<div class=\"elementor-container elementor-column-gap-default\">\n\t\t\t\t\t<div class=\"elementor-column elementor-col-100 elementor-top-column elementor-element elementor-element-06513c4\" data-id=\"06513c4\" data-element_type=\"column\">\n\t\t\t<div class=\"elementor-widget-wrap elementor-element-populated\">\n\t\t\t\t\t\t\t\t<div class=\"elementor-element elementor-element-ea836a7 elementor-widget elementor-widget-html\" data-id=\"ea836a7\" data-element_type=\"widget\" data-widget_type=\"html.default\">\n\t\t\t\t<div class=\"elementor-widget-container\">\n\t\t\t<div class=\"ps-widget\" ps-sku=\"2708\" ps-config=\"5bb63c77444db30018a6552e\"><\/div>\t\t<\/div>\n\t\t\t\t<\/div>\n\t\t\t\t\t<\/div>\n\t\t<\/div>\n\t\t\t\t\t\t\t<\/div>\n\t\t<\/section>\n\t\t\t\t\t\t\t<\/div>","protected":false},"excerpt":{"rendered":"<p>Cette \u00e9chelle combin\u00e9e en aluminium Featherlite de 8 pieds a une capacit\u00e9 de charge de 250 lb, class\u00e9e Type I. Cette \u00e9chelle vous permet de travailler dans 3 positions diff\u00e9rentes.<\/p>","protected":false},"featured_media":17340,"comment_status":"open","ping_status":"closed","template":"","meta":[],"product_cat":[74],"product_tag":[205],"class_list":["post-12489","product","type-product","status-publish","has-post-thumbnail","hentry","product_cat-multipurpose-ladders","product_tag-250lb"],"aioseo_notices":[],"_links":{"self":[{"href":"https:\/\/featherliteladders.com\/fr\/wp-json\/wp\/v2\/product\/12489","targetHints":{"allow":["GET"]}}],"collection":[{"href":"https:\/\/featherliteladders.com\/fr\/wp-json\/wp\/v2\/product"}],"about":[{"href":"https:\/\/featherliteladders.com\/fr\/wp-json\/wp\/v2\/types\/product"}],"replies":[{"embeddable":true,"href":"https:\/\/featherliteladders.com\/fr\/wp-json\/wp\/v2\/comments?post=12489"}],"version-history":[{"count":0,"href":"https:\/\/featherliteladders.com\/fr\/wp-json\/wp\/v2\/product\/12489\/revisions"}],"wp:featuredmedia":[{"embeddable":true,"href":"https:\/\/featherliteladders.com\/fr\/wp-json\/wp\/v2\/media\/17340"}],"wp:attachment":[{"href":"https:\/\/featherliteladders.com\/fr\/wp-json\/wp\/v2\/media?parent=12489"}],"wp:term":[{"taxonomy":"product_cat","embeddable":true,"href":"https:\/\/featherliteladders.com\/fr\/wp-json\/wp\/v2\/product_cat?post=12489"},{"taxonomy":"product_tag","embeddable":true,"href":"https:\/\/featherliteladders.com\/fr\/wp-json\/wp\/v2\/product_tag?post=12489"}],"curies":[{"name":"wp","href":"https:\/\/api.w.org\/{rel}","templated":true}]}}