{"id":12485,"date":"2022-03-25T13:16:41","date_gmt":"2022-03-25T19:16:41","guid":{"rendered":"https:\/\/stack-cprm.valtech.systems\/featherlite\/?post_type=product&#038;p=12485"},"modified":"2022-04-07T00:02:56","modified_gmt":"2022-04-07T06:02:56","slug":"6220d","status":"publish","type":"product","link":"https:\/\/featherliteladders.com\/fr\/product\/6220d\/","title":{"rendered":"6220D"},"content":{"rendered":"<div data-elementor-type=\"product-post\" data-elementor-id=\"12485\" class=\"elementor elementor-12485\">\n\t\t\t\t\t\t\t\t\t<section class=\"elementor-section elementor-top-section elementor-element elementor-element-274f538b elementor-section-boxed elementor-section-height-default elementor-section-height-default\" data-id=\"274f538b\" data-element_type=\"section\">\n\t\t\t\t\t\t<div class=\"elementor-container elementor-column-gap-default\">\n\t\t\t\t\t<div class=\"elementor-column elementor-col-100 elementor-top-column elementor-element elementor-element-6d7d1c4e\" data-id=\"6d7d1c4e\" data-element_type=\"column\">\n\t\t\t<div class=\"elementor-widget-wrap elementor-element-populated\">\n\t\t\t\t\t\t\t\t<div class=\"elementor-element elementor-element-11e7259b elementor-widget elementor-widget-text-editor\" data-id=\"11e7259b\" data-element_type=\"widget\" data-widget_type=\"text-editor.default\">\n\t\t\t\t<div class=\"elementor-widget-container\">\n\t\t\t<style>\/*! elementor - v3.6.6 - 08-06-2022 *\/\n.elementor-widget-text-editor.elementor-drop-cap-view-stacked .elementor-drop-cap{background-color:#818a91;color:#fff}.elementor-widget-text-editor.elementor-drop-cap-view-framed .elementor-drop-cap{color:#818a91;border:3px solid;background-color:transparent}.elementor-widget-text-editor:not(.elementor-drop-cap-view-default) .elementor-drop-cap{margin-top:8px}.elementor-widget-text-editor:not(.elementor-drop-cap-view-default) .elementor-drop-cap-letter{width:1em;height:1em}.elementor-widget-text-editor .elementor-drop-cap{float:left;text-align:center;line-height:1;font-size:50px}.elementor-widget-text-editor .elementor-drop-cap-letter{display:inline-block}<\/style>\t\t\t\t<h4><strong>S\u00c9RIE 6200D<\/strong><\/h4><h2 class=\"font-weight-medium text-uppercase mb-0\">6220D 20&#8242; SUPER-HEAVY DUTY<\/h2><h3 class=\"font-weight-light text-uppercase\">RALLONGE EN FIBRE DE VERRE<\/h3><p class=\"font-weight-bold text-uppercase\">SATISFAIT OU D\u00c9PASSE CSA GRADE 1AA, ANSI TYPE IAA<\/p><p>Cette \u00e9chelle \u00e0 rallonge en fibre de verre ultra-r\u00e9sistante Featherlite de 20 pieds a une capacit\u00e9 de charge de 375 lb, class\u00e9e ANSI Type IAA. L&#039;\u00e9chelle est \u00e9quip\u00e9e de verrous de barreaux en fonte robustes. L&#039;\u00e9chelle comprend des guides coulissants ext\u00e9rieurs, des plaques de connexion en aluminium, des \u00e9chelons en forme de D enti\u00e8rement dentel\u00e9s pour une surface antid\u00e9rapante, des embouts de rail non marquants, une corde et une poulie, et une botte en m\u00e9tal robuste avec des chaussures de s\u00e9curit\u00e9 pivotantes en acier \u00e0 utiliser avec la bande de roulement vers le bas ou en position cramponn\u00e9e. L&#039;\u00e9chelle \u00e0 rallonge en fibre de verre Featherlite 6220D respecte ou d\u00e9passe les normes de s\u00e9curit\u00e9 \u00e9tablies par ANSI, CSA et OSHA.<\/p><ul><li>\u00c9chelon rivet\u00e9 au rail<\/li><li>Relever de l&#039;avant<\/li><li>Ensemble de pied 1 pi\u00e8ce<\/li><li>Serrures \u00e0 \u00e9chelons en fonte robustes<\/li><\/ul>\t\t\t\t\t\t<\/div>\n\t\t\t\t<\/div>\n\t\t\t\t\t<\/div>\n\t\t<\/div>\n\t\t\t\t\t\t\t<\/div>\n\t\t<\/section>\n\t\t\t\t<section class=\"elementor-section elementor-top-section elementor-element elementor-element-b3d979c elementor-section-boxed elementor-section-height-default elementor-section-height-default\" data-id=\"b3d979c\" data-element_type=\"section\">\n\t\t\t\t\t\t<div class=\"elementor-container elementor-column-gap-default\">\n\t\t\t\t\t<div class=\"elementor-column elementor-col-100 elementor-top-column elementor-element elementor-element-337913e\" data-id=\"337913e\" data-element_type=\"column\">\n\t\t\t<div class=\"elementor-widget-wrap elementor-element-populated\">\n\t\t\t\t\t\t\t\t<div class=\"elementor-element elementor-element-a936643 elementor-widget elementor-widget-html\" data-id=\"a936643\" data-element_type=\"widget\" data-widget_type=\"html.default\">\n\t\t\t\t<div class=\"elementor-widget-container\">\n\t\t\t<div class=\"ps-widget\" ps-sku=\"6220D\" ps-config=\"5bb63c77444db30018a6552e\"><\/div>\t\t<\/div>\n\t\t\t\t<\/div>\n\t\t\t\t\t<\/div>\n\t\t<\/div>\n\t\t\t\t\t\t\t<\/div>\n\t\t<\/section>\n\t\t\t\t\t\t\t<\/div>","protected":false},"excerpt":{"rendered":"<p>Cette \u00e9chelle \u00e0 rallonge en fibre de verre ultra-r\u00e9sistante Featherlite de 20 pieds a une capacit\u00e9 de charge de 375 lb, class\u00e9e ANSI Type IAA. L&#039;\u00e9chelle est \u00e9quip\u00e9e de verrous en fonte robustes.<\/p>","protected":false},"featured_media":11985,"comment_status":"open","ping_status":"closed","template":"","meta":[],"product_cat":[194],"product_tag":[207],"class_list":["post-12485","product","type-product","status-publish","has-post-thumbnail","hentry","product_cat-extension-straightladders","product_tag-375lb"],"aioseo_notices":[],"_links":{"self":[{"href":"https:\/\/featherliteladders.com\/fr\/wp-json\/wp\/v2\/product\/12485","targetHints":{"allow":["GET"]}}],"collection":[{"href":"https:\/\/featherliteladders.com\/fr\/wp-json\/wp\/v2\/product"}],"about":[{"href":"https:\/\/featherliteladders.com\/fr\/wp-json\/wp\/v2\/types\/product"}],"replies":[{"embeddable":true,"href":"https:\/\/featherliteladders.com\/fr\/wp-json\/wp\/v2\/comments?post=12485"}],"version-history":[{"count":0,"href":"https:\/\/featherliteladders.com\/fr\/wp-json\/wp\/v2\/product\/12485\/revisions"}],"wp:featuredmedia":[{"embeddable":true,"href":"https:\/\/featherliteladders.com\/fr\/wp-json\/wp\/v2\/media\/11985"}],"wp:attachment":[{"href":"https:\/\/featherliteladders.com\/fr\/wp-json\/wp\/v2\/media?parent=12485"}],"wp:term":[{"taxonomy":"product_cat","embeddable":true,"href":"https:\/\/featherliteladders.com\/fr\/wp-json\/wp\/v2\/product_cat?post=12485"},{"taxonomy":"product_tag","embeddable":true,"href":"https:\/\/featherliteladders.com\/fr\/wp-json\/wp\/v2\/product_tag?post=12485"}],"curies":[{"name":"wp","href":"https:\/\/api.w.org\/{rel}","templated":true}]}}