{"id":12474,"date":"2022-03-25T13:16:30","date_gmt":"2022-03-25T19:16:30","guid":{"rendered":"https:\/\/stack-cprm.valtech.systems\/featherlite\/?post_type=product&#038;p=12474"},"modified":"2022-04-13T14:49:37","modified_gmt":"2022-04-13T20:49:37","slug":"fl-2220-24","status":"publish","type":"product","link":"https:\/\/featherliteladders.com\/fr\/product\/fl-2220-24\/","title":{"rendered":"FL-2220-24"},"content":{"rendered":"<div data-elementor-type=\"product-post\" data-elementor-id=\"12474\" class=\"elementor elementor-12474\">\n\t\t\t\t\t\t\t\t\t<section class=\"elementor-section elementor-top-section elementor-element elementor-element-1285e91e elementor-section-boxed elementor-section-height-default elementor-section-height-default\" data-id=\"1285e91e\" data-element_type=\"section\">\n\t\t\t\t\t\t<div class=\"elementor-container elementor-column-gap-default\">\n\t\t\t\t\t<div class=\"elementor-column elementor-col-100 elementor-top-column elementor-element elementor-element-178c4dfb\" data-id=\"178c4dfb\" data-element_type=\"column\">\n\t\t\t<div class=\"elementor-widget-wrap elementor-element-populated\">\n\t\t\t\t\t\t\t\t<div class=\"elementor-element elementor-element-3d7bc503 elementor-widget elementor-widget-text-editor\" data-id=\"3d7bc503\" data-element_type=\"widget\" data-widget_type=\"text-editor.default\">\n\t\t\t\t<div class=\"elementor-widget-container\">\n\t\t\t<style>\/*! elementor - v3.6.6 - 08-06-2022 *\/\n.elementor-widget-text-editor.elementor-drop-cap-view-stacked .elementor-drop-cap{background-color:#818a91;color:#fff}.elementor-widget-text-editor.elementor-drop-cap-view-framed .elementor-drop-cap{color:#818a91;border:3px solid;background-color:transparent}.elementor-widget-text-editor:not(.elementor-drop-cap-view-default) .elementor-drop-cap{margin-top:8px}.elementor-widget-text-editor:not(.elementor-drop-cap-view-default) .elementor-drop-cap-letter{width:1em;height:1em}.elementor-widget-text-editor .elementor-drop-cap{float:left;text-align:center;line-height:1;font-size:50px}.elementor-widget-text-editor .elementor-drop-cap-letter{display:inline-block}<\/style>\t\t\t\t<h4><strong>S\u00c9RIE FL-2220<\/strong><\/h4><h2 class=\"font-weight-medium text-uppercase mb-0\">FL-2220-24 24&#8242; MEDIUM DUTY<\/h2><h2 class=\"font-weight-light text-uppercase\">RALLONGE EN ALUMINIUM<\/h2><p class=\"font-weight-bold text-uppercase\">SATISFAIT OU D\u00c9PASSE CSA GRADE 2, ANSI TYPE II<\/p><p>Cette \u00e9chelle \u00e0 coulisse en aluminium Featherlite de 24 pieds a une capacit\u00e9 de charge de 225 lb, class\u00e9e Type II. Cette \u00e9chelle comporte des \u00e9chelons en forme de D enti\u00e8rement dentel\u00e9s pour une surface antid\u00e9rapante, des embouts de rail r\u00e9sistants aux rayures, une corde et une poulie et des chaussures de s\u00e9curit\u00e9 antid\u00e9rapantes. L&#039;\u00e9chelle d&#039;extension en aluminium Featherlite FL-2220-24 respecte ou d\u00e9passe les normes de s\u00e9curit\u00e9 \u00e9tablies par ANSI, CSA et OSHA.<\/p><ul><li>\u00c9chelons en forme de D<\/li><li>Capuchons d&#039;extr\u00e9mit\u00e9 de rail r\u00e9sistants aux chocs<\/li><li>Chaussures de s\u00e9curit\u00e9 antid\u00e9rapantes<\/li><li>Corde et poulie incluses<\/li><li>Comprend notre MAXLOCK con\u00e7u sur mesure qui est fabriqu\u00e9 \u00e0 partir d&#039;un polym\u00e8re mol\u00e9culaire brevet\u00e9 et avanc\u00e9. Notre MAXLOCK est le cadenas \u00e0 \u00e9chelons le plus solide et le plus l\u00e9ger jamais fabriqu\u00e9<\/li><\/ul>\t\t\t\t\t\t<\/div>\n\t\t\t\t<\/div>\n\t\t\t\t\t<\/div>\n\t\t<\/div>\n\t\t\t\t\t\t\t<\/div>\n\t\t<\/section>\n\t\t\t\t<section class=\"elementor-section elementor-top-section elementor-element elementor-element-184f50b elementor-section-boxed elementor-section-height-default elementor-section-height-default\" data-id=\"184f50b\" data-element_type=\"section\">\n\t\t\t\t\t\t<div class=\"elementor-container elementor-column-gap-default\">\n\t\t\t\t\t<div class=\"elementor-column elementor-col-100 elementor-top-column elementor-element elementor-element-9481fbc\" data-id=\"9481fbc\" data-element_type=\"column\">\n\t\t\t<div class=\"elementor-widget-wrap elementor-element-populated\">\n\t\t\t\t\t\t\t\t<div class=\"elementor-element elementor-element-7661074 elementor-widget elementor-widget-html\" data-id=\"7661074\" data-element_type=\"widget\" data-widget_type=\"html.default\">\n\t\t\t\t<div class=\"elementor-widget-container\">\n\t\t\t<div class=\"ps-widget\" ps-sku=\"FL-2220-24\" ps-config=\"5bb63c77444db30018a6552e\"><\/div>\t\t<\/div>\n\t\t\t\t<\/div>\n\t\t\t\t\t<\/div>\n\t\t<\/div>\n\t\t\t\t\t\t\t<\/div>\n\t\t<\/section>\n\t\t\t\t\t\t\t<\/div>","protected":false},"excerpt":{"rendered":"<p>Cette \u00e9chelle \u00e0 coulisse en aluminium Featherlite de 24 pieds a une capacit\u00e9 de charge de 225 lb, class\u00e9e Type II. Cette \u00e9chelle comporte des \u00e9chelons en forme de D enti\u00e8rement dentel\u00e9s pour une surface antid\u00e9rapante, des embouts de rail r\u00e9sistants aux rayures, une corde et une poulie et des chaussures de s\u00e9curit\u00e9 antid\u00e9rapantes.<\/p>","protected":false},"featured_media":11966,"comment_status":"open","ping_status":"closed","template":"","meta":[],"product_cat":[194],"product_tag":[203],"class_list":["post-12474","product","type-product","status-publish","has-post-thumbnail","hentry","product_cat-extension-straightladders","product_tag-225lb"],"aioseo_notices":[],"_links":{"self":[{"href":"https:\/\/featherliteladders.com\/fr\/wp-json\/wp\/v2\/product\/12474","targetHints":{"allow":["GET"]}}],"collection":[{"href":"https:\/\/featherliteladders.com\/fr\/wp-json\/wp\/v2\/product"}],"about":[{"href":"https:\/\/featherliteladders.com\/fr\/wp-json\/wp\/v2\/types\/product"}],"replies":[{"embeddable":true,"href":"https:\/\/featherliteladders.com\/fr\/wp-json\/wp\/v2\/comments?post=12474"}],"version-history":[{"count":0,"href":"https:\/\/featherliteladders.com\/fr\/wp-json\/wp\/v2\/product\/12474\/revisions"}],"wp:featuredmedia":[{"embeddable":true,"href":"https:\/\/featherliteladders.com\/fr\/wp-json\/wp\/v2\/media\/11966"}],"wp:attachment":[{"href":"https:\/\/featherliteladders.com\/fr\/wp-json\/wp\/v2\/media?parent=12474"}],"wp:term":[{"taxonomy":"product_cat","embeddable":true,"href":"https:\/\/featherliteladders.com\/fr\/wp-json\/wp\/v2\/product_cat?post=12474"},{"taxonomy":"product_tag","embeddable":true,"href":"https:\/\/featherliteladders.com\/fr\/wp-json\/wp\/v2\/product_tag?post=12474"}],"curies":[{"name":"wp","href":"https:\/\/api.w.org\/{rel}","templated":true}]}}