{"id":12468,"date":"2022-03-25T13:16:30","date_gmt":"2022-03-25T19:16:30","guid":{"rendered":"https:\/\/stack-cprm.valtech.systems\/featherlite\/?post_type=product&#038;p=12468"},"modified":"2022-04-13T14:31:39","modified_gmt":"2022-04-13T20:31:39","slug":"fl-2032-03","status":"publish","type":"product","link":"https:\/\/featherliteladders.com\/fr\/product\/fl-2032-03\/","title":{"rendered":"FL-2032-03"},"content":{"rendered":"<div data-elementor-type=\"product-post\" data-elementor-id=\"12468\" class=\"elementor elementor-12468\">\n\t\t\t\t\t\t\t\t\t<section class=\"elementor-section elementor-top-section elementor-element elementor-element-4fa27975 elementor-section-boxed elementor-section-height-default elementor-section-height-default\" data-id=\"4fa27975\" data-element_type=\"section\">\n\t\t\t\t\t\t<div class=\"elementor-container elementor-column-gap-default\">\n\t\t\t\t\t<div class=\"elementor-column elementor-col-100 elementor-top-column elementor-element elementor-element-18b9bbeb\" data-id=\"18b9bbeb\" data-element_type=\"column\">\n\t\t\t<div class=\"elementor-widget-wrap elementor-element-populated\">\n\t\t\t\t\t\t\t\t<div class=\"elementor-element elementor-element-4a226a33 elementor-widget elementor-widget-text-editor\" data-id=\"4a226a33\" data-element_type=\"widget\" data-widget_type=\"text-editor.default\">\n\t\t\t\t<div class=\"elementor-widget-container\">\n\t\t\t<style>\/*! elementor - v3.6.6 - 08-06-2022 *\/\n.elementor-widget-text-editor.elementor-drop-cap-view-stacked .elementor-drop-cap{background-color:#818a91;color:#fff}.elementor-widget-text-editor.elementor-drop-cap-view-framed .elementor-drop-cap{color:#818a91;border:3px solid;background-color:transparent}.elementor-widget-text-editor:not(.elementor-drop-cap-view-default) .elementor-drop-cap{margin-top:8px}.elementor-widget-text-editor:not(.elementor-drop-cap-view-default) .elementor-drop-cap-letter{width:1em;height:1em}.elementor-widget-text-editor .elementor-drop-cap{float:left;text-align:center;line-height:1;font-size:50px}.elementor-widget-text-editor .elementor-drop-cap-letter{display:inline-block}<\/style>\t\t\t\t<h4><strong>S\u00c9RIE FL-2032<\/strong><\/h4><h2 class=\"font-weight-medium text-uppercase mb-0\">FL-2032-03 3&#8242;<\/h2><h3 class=\"font-weight-light text-uppercase\">DOUBLE EN ALUMINIUM<\/h3><p>Ce chevalet de sciage en aluminium Featherlite de 3 pieds combine deux outils essentiels pour cr\u00e9er une large surface l\u00e9g\u00e8re et un outil de support pour le sciage et d&#039;autres t\u00e2ches. Ce chevalet est \u00e9quip\u00e9 de pieds en caoutchouc antid\u00e9rapants, de charni\u00e8res en acier \u00e9pais et d&#039;un renfort de gousset robuste.<\/p><ul><li>Surface de travail extra-large<\/li><li>Pieds en caoutchouc antid\u00e9rapants<\/li><li>Bras d&#039;\u00e9cartement ext\u00e9rieurs<\/li><\/ul>\t\t\t\t\t\t<\/div>\n\t\t\t\t<\/div>\n\t\t\t\t\t<\/div>\n\t\t<\/div>\n\t\t\t\t\t\t\t<\/div>\n\t\t<\/section>\n\t\t\t\t<section class=\"elementor-section elementor-top-section elementor-element elementor-element-8d75976 elementor-section-boxed elementor-section-height-default elementor-section-height-default\" data-id=\"8d75976\" data-element_type=\"section\">\n\t\t\t\t\t\t<div class=\"elementor-container elementor-column-gap-default\">\n\t\t\t\t\t<div class=\"elementor-column elementor-col-100 elementor-top-column elementor-element elementor-element-f39f995\" data-id=\"f39f995\" data-element_type=\"column\">\n\t\t\t<div class=\"elementor-widget-wrap elementor-element-populated\">\n\t\t\t\t\t\t\t\t<div class=\"elementor-element elementor-element-f0af9a2 elementor-widget elementor-widget-html\" data-id=\"f0af9a2\" data-element_type=\"widget\" data-widget_type=\"html.default\">\n\t\t\t\t<div class=\"elementor-widget-container\">\n\t\t\t<div class=\"ps-widget\" ps-sku=\"FL-2032-03\" ps-config=\"5bb63c77444db30018a6552e\"><\/div>\t\t<\/div>\n\t\t\t\t<\/div>\n\t\t\t\t\t<\/div>\n\t\t<\/div>\n\t\t\t\t\t\t\t<\/div>\n\t\t<\/section>\n\t\t\t\t\t\t\t<\/div>","protected":false},"excerpt":{"rendered":"<p>Ce chevalet de sciage en aluminium Featherlite de 3 pieds combine deux outils essentiels pour cr\u00e9er une large surface l\u00e9g\u00e8re et un outil de support pour le sciage et d&#039;autres t\u00e2ches.<\/p>","protected":false},"featured_media":11961,"comment_status":"open","ping_status":"closed","template":"","meta":[],"product_cat":[198],"product_tag":[206],"class_list":["post-12468","product","type-product","status-publish","has-post-thumbnail","hentry","product_cat-twin","product_tag-300lb"],"aioseo_notices":[],"_links":{"self":[{"href":"https:\/\/featherliteladders.com\/fr\/wp-json\/wp\/v2\/product\/12468","targetHints":{"allow":["GET"]}}],"collection":[{"href":"https:\/\/featherliteladders.com\/fr\/wp-json\/wp\/v2\/product"}],"about":[{"href":"https:\/\/featherliteladders.com\/fr\/wp-json\/wp\/v2\/types\/product"}],"replies":[{"embeddable":true,"href":"https:\/\/featherliteladders.com\/fr\/wp-json\/wp\/v2\/comments?post=12468"}],"version-history":[{"count":0,"href":"https:\/\/featherliteladders.com\/fr\/wp-json\/wp\/v2\/product\/12468\/revisions"}],"wp:featuredmedia":[{"embeddable":true,"href":"https:\/\/featherliteladders.com\/fr\/wp-json\/wp\/v2\/media\/11961"}],"wp:attachment":[{"href":"https:\/\/featherliteladders.com\/fr\/wp-json\/wp\/v2\/media?parent=12468"}],"wp:term":[{"taxonomy":"product_cat","embeddable":true,"href":"https:\/\/featherliteladders.com\/fr\/wp-json\/wp\/v2\/product_cat?post=12468"},{"taxonomy":"product_tag","embeddable":true,"href":"https:\/\/featherliteladders.com\/fr\/wp-json\/wp\/v2\/product_tag?post=12468"}],"curies":[{"name":"wp","href":"https:\/\/api.w.org\/{rel}","templated":true}]}}