{"id":12466,"date":"2022-03-25T13:16:30","date_gmt":"2022-03-25T19:16:30","guid":{"rendered":"https:\/\/stack-cprm.valtech.systems\/featherlite\/?post_type=product&#038;p=12466"},"modified":"2022-12-05T14:05:05","modified_gmt":"2022-12-05T20:05:05","slug":"6305","status":"publish","type":"product","link":"https:\/\/featherliteladders.com\/fr\/product\/6305\/","title":{"rendered":"6305"},"content":{"rendered":"<div data-elementor-type=\"product-post\" data-elementor-id=\"12466\" class=\"elementor elementor-12466\">\n\t\t\t\t\t\t\t\t\t<section class=\"elementor-section elementor-top-section elementor-element elementor-element-380c7e6b elementor-section-boxed elementor-section-height-default elementor-section-height-default\" data-id=\"380c7e6b\" data-element_type=\"section\">\n\t\t\t\t\t\t<div class=\"elementor-container elementor-column-gap-default\">\n\t\t\t\t\t<div class=\"elementor-column elementor-col-100 elementor-top-column elementor-element elementor-element-4d2e40a7\" data-id=\"4d2e40a7\" data-element_type=\"column\">\n\t\t\t<div class=\"elementor-widget-wrap elementor-element-populated\">\n\t\t\t\t\t\t\t\t<div class=\"elementor-element elementor-element-6216c5dc elementor-widget elementor-widget-text-editor\" data-id=\"6216c5dc\" data-element_type=\"widget\" data-widget_type=\"text-editor.default\">\n\t\t\t\t<div class=\"elementor-widget-container\">\n\t\t\t<style>\/*! elementor - v3.6.6 - 08-06-2022 *\/\n.elementor-widget-text-editor.elementor-drop-cap-view-stacked .elementor-drop-cap{background-color:#818a91;color:#fff}.elementor-widget-text-editor.elementor-drop-cap-view-framed .elementor-drop-cap{color:#818a91;border:3px solid;background-color:transparent}.elementor-widget-text-editor:not(.elementor-drop-cap-view-default) .elementor-drop-cap{margin-top:8px}.elementor-widget-text-editor:not(.elementor-drop-cap-view-default) .elementor-drop-cap-letter{width:1em;height:1em}.elementor-widget-text-editor .elementor-drop-cap{float:left;text-align:center;line-height:1;font-size:50px}.elementor-widget-text-editor .elementor-drop-cap-letter{display:inline-block}<\/style>\t\t\t\t<h4><strong>S\u00c9RIE 6300<\/strong><\/h4><h2 class=\"font-weight-medium text-uppercase mb-0\">6305 5&#8242; HEAVY DUTY<\/h2><h3 class=\"font-weight-light text-uppercase\">ESCABEAU EN FIBRE DE VERRE<\/h3><p class=\"font-weight-bold text-uppercase\">SATISFAIT OU D\u00c9PASSE CSA GRADE 1, ANSI TYPE I<\/p><p>Cet escabeau en fibre de verre non conducteur Featherlite de 5 pieds a une capacit\u00e9 de charge de 250 lb, class\u00e9 ANSI Type I. Cette \u00e9chelle est \u00e9quip\u00e9e d&#039;un dessus moul\u00e9, d&#039;un renfort \u00e0 gousset robuste, de patins antid\u00e9rapants, de renforts d&#039;\u00e9pandage r\u00e9sistants au pincement, de renforts arri\u00e8re larges , et construction \u00e0 double rivet. L&#039;escabeau Featherlite 6305 respecte ou d\u00e9passe les normes de s\u00e9curit\u00e9 \u00e9tablies par ANSI, CSA et OSHA. Mod\u00e8le 6306 affich\u00e9.<\/p><ul><li>Haut moul\u00e9<\/li><li>Bande de roulement antid\u00e9rapante<\/li><li>Chaussure antid\u00e9rapante<\/li><\/ul>\t\t\t\t\t\t<\/div>\n\t\t\t\t<\/div>\n\t\t\t\t\t<\/div>\n\t\t<\/div>\n\t\t\t\t\t\t\t<\/div>\n\t\t<\/section>\n\t\t\t\t<section class=\"elementor-section elementor-top-section elementor-element elementor-element-29f8db5 elementor-section-boxed elementor-section-height-default elementor-section-height-default\" data-id=\"29f8db5\" data-element_type=\"section\">\n\t\t\t\t\t\t<div class=\"elementor-container elementor-column-gap-default\">\n\t\t\t\t\t<div class=\"elementor-column elementor-col-100 elementor-top-column elementor-element elementor-element-b6beeb1\" data-id=\"b6beeb1\" data-element_type=\"column\">\n\t\t\t<div class=\"elementor-widget-wrap elementor-element-populated\">\n\t\t\t\t\t\t\t\t<div class=\"elementor-element elementor-element-c5058e9 elementor-widget elementor-widget-html\" data-id=\"c5058e9\" data-element_type=\"widget\" data-widget_type=\"html.default\">\n\t\t\t\t<div class=\"elementor-widget-container\">\n\t\t\t<div class=\"ps-widget\" ps-sku=\"6305\" ps-config=\"5bb63c77444db30018a6552e\"><\/div>\t\t<\/div>\n\t\t\t\t<\/div>\n\t\t\t\t\t<\/div>\n\t\t<\/div>\n\t\t\t\t\t\t\t<\/div>\n\t\t<\/section>\n\t\t\t\t\t\t\t<\/div>","protected":false},"excerpt":{"rendered":"<p>Cet escabeau en fibre de verre non conducteur Featherlite de 5 pieds a une capacit\u00e9 de charge de 250 lb, class\u00e9 ANSI Type I.<\/p>","protected":false},"featured_media":17262,"comment_status":"open","ping_status":"closed","template":"","meta":[],"product_cat":[192],"product_tag":[205],"class_list":["post-12466","product","type-product","status-publish","has-post-thumbnail","hentry","product_cat-stepladders","product_tag-250lb"],"aioseo_notices":[],"_links":{"self":[{"href":"https:\/\/featherliteladders.com\/fr\/wp-json\/wp\/v2\/product\/12466","targetHints":{"allow":["GET"]}}],"collection":[{"href":"https:\/\/featherliteladders.com\/fr\/wp-json\/wp\/v2\/product"}],"about":[{"href":"https:\/\/featherliteladders.com\/fr\/wp-json\/wp\/v2\/types\/product"}],"replies":[{"embeddable":true,"href":"https:\/\/featherliteladders.com\/fr\/wp-json\/wp\/v2\/comments?post=12466"}],"version-history":[{"count":0,"href":"https:\/\/featherliteladders.com\/fr\/wp-json\/wp\/v2\/product\/12466\/revisions"}],"wp:featuredmedia":[{"embeddable":true,"href":"https:\/\/featherliteladders.com\/fr\/wp-json\/wp\/v2\/media\/17262"}],"wp:attachment":[{"href":"https:\/\/featherliteladders.com\/fr\/wp-json\/wp\/v2\/media?parent=12466"}],"wp:term":[{"taxonomy":"product_cat","embeddable":true,"href":"https:\/\/featherliteladders.com\/fr\/wp-json\/wp\/v2\/product_cat?post=12466"},{"taxonomy":"product_tag","embeddable":true,"href":"https:\/\/featherliteladders.com\/fr\/wp-json\/wp\/v2\/product_tag?post=12466"}],"curies":[{"name":"wp","href":"https:\/\/api.w.org\/{rel}","templated":true}]}}