{"id":12464,"date":"2022-03-25T13:16:29","date_gmt":"2022-03-25T19:16:29","guid":{"rendered":"https:\/\/stack-cprm.valtech.systems\/featherlite\/?post_type=product&#038;p=12464"},"modified":"2024-08-19T09:39:36","modified_gmt":"2024-08-19T15:39:36","slug":"2707","status":"publish","type":"product","link":"https:\/\/featherliteladders.com\/fr\/product\/2707\/","title":{"rendered":"2707"},"content":{"rendered":"<div data-elementor-type=\"product-post\" data-elementor-id=\"12464\" class=\"elementor elementor-12464\">\n\t\t\t\t\t\t\t\t\t<section class=\"elementor-section elementor-top-section elementor-element elementor-element-dd0d50 elementor-section-boxed elementor-section-height-default elementor-section-height-default\" data-id=\"dd0d50\" data-element_type=\"section\">\n\t\t\t\t\t\t<div class=\"elementor-container elementor-column-gap-default\">\n\t\t\t\t\t<div class=\"elementor-column elementor-col-100 elementor-top-column elementor-element elementor-element-51d7de3\" data-id=\"51d7de3\" data-element_type=\"column\">\n\t\t\t<div class=\"elementor-widget-wrap elementor-element-populated\">\n\t\t\t\t\t\t\t\t<div class=\"elementor-element elementor-element-43c5eb19 elementor-widget elementor-widget-text-editor\" data-id=\"43c5eb19\" data-element_type=\"widget\" data-widget_type=\"text-editor.default\">\n\t\t\t\t<div class=\"elementor-widget-container\">\n\t\t\t<style>\/*! elementor - v3.6.6 - 08-06-2022 *\/\n.elementor-widget-text-editor.elementor-drop-cap-view-stacked .elementor-drop-cap{background-color:#818a91;color:#fff}.elementor-widget-text-editor.elementor-drop-cap-view-framed .elementor-drop-cap{color:#818a91;border:3px solid;background-color:transparent}.elementor-widget-text-editor:not(.elementor-drop-cap-view-default) .elementor-drop-cap{margin-top:8px}.elementor-widget-text-editor:not(.elementor-drop-cap-view-default) .elementor-drop-cap-letter{width:1em;height:1em}.elementor-widget-text-editor .elementor-drop-cap{float:left;text-align:center;line-height:1;font-size:50px}.elementor-widget-text-editor .elementor-drop-cap-letter{display:inline-block}<\/style>\t\t\t\t<h4><strong>S\u00c9RIE 2700<\/strong><\/h4><h2 class=\"font-weight-medium text-uppercase mb-0\">2707 7&#8242; HEAVY DUTY<\/h2><h3 class=\"font-weight-light text-uppercase\">ALUMINIUM POLYVALENT<\/h3><p class=\"font-weight-bold text-uppercase\">SATISFAIT OU D\u00c9PASSE CSA GRADE 1, ANSI TYPE I<\/p><p>Cette \u00e9chelle combin\u00e9e en aluminium Featherlite de 7 pieds a une capacit\u00e9 de charge de 250 lb, class\u00e9e Type I. Cette \u00e9chelle vous permet de travailler dans 3 positions diff\u00e9rentes. Escabeau, \u00e9chelle \u00e0 coulisse et \u00e9chelle d&#039;escalier. Il est dot\u00e9 d&#039;\u00e9pandeurs ext\u00e9rieurs anti-pincement, d&#039;embouts de rail r\u00e9sistants aux rayures et de patins antid\u00e9rapants. L&#039;\u00e9chelle combin\u00e9e en aluminium Featherlite 2707 respecte ou d\u00e9passe les normes de s\u00e9curit\u00e9 \u00e9tablies par ANSI, CSA et OSHA.<\/p><ul><li>\u00c9chelle 3 en 1<\/li><li>Marcher<\/li><li>Escalier<\/li><li>Extension<\/li><\/ul>\t\t\t\t\t\t<\/div>\n\t\t\t\t<\/div>\n\t\t\t\t\t<\/div>\n\t\t<\/div>\n\t\t\t\t\t\t\t<\/div>\n\t\t<\/section>\n\t\t\t\t<section class=\"elementor-section elementor-top-section elementor-element elementor-element-c168b63 elementor-section-boxed elementor-section-height-default elementor-section-height-default\" data-id=\"c168b63\" data-element_type=\"section\">\n\t\t\t\t\t\t<div class=\"elementor-container elementor-column-gap-default\">\n\t\t\t\t\t<div class=\"elementor-column elementor-col-100 elementor-top-column elementor-element elementor-element-67f721c\" data-id=\"67f721c\" data-element_type=\"column\">\n\t\t\t<div class=\"elementor-widget-wrap elementor-element-populated\">\n\t\t\t\t\t\t\t\t<div class=\"elementor-element elementor-element-20253d0 elementor-widget elementor-widget-html\" data-id=\"20253d0\" data-element_type=\"widget\" data-widget_type=\"html.default\">\n\t\t\t\t<div class=\"elementor-widget-container\">\n\t\t\t<div class=\"ps-widget\" ps-sku=\"2707\" ps-config=\"5bb63c77444db30018a6552e\"><\/div>\t\t<\/div>\n\t\t\t\t<\/div>\n\t\t\t\t\t<\/div>\n\t\t<\/div>\n\t\t\t\t\t\t\t<\/div>\n\t\t<\/section>\n\t\t\t\t\t\t\t<\/div>","protected":false},"excerpt":{"rendered":"<p>Cette \u00e9chelle combin\u00e9e en aluminium Featherlite de 7 pieds a une capacit\u00e9 de charge de 250 lb, class\u00e9e Type I. Cette \u00e9chelle vous permet de travailler dans 3 positions diff\u00e9rentes.<\/p>","protected":false},"featured_media":17344,"comment_status":"open","ping_status":"closed","template":"","meta":[],"product_cat":[74],"product_tag":[205],"class_list":["post-12464","product","type-product","status-publish","has-post-thumbnail","hentry","product_cat-multipurpose-ladders","product_tag-250lb"],"aioseo_notices":[],"_links":{"self":[{"href":"https:\/\/featherliteladders.com\/fr\/wp-json\/wp\/v2\/product\/12464","targetHints":{"allow":["GET"]}}],"collection":[{"href":"https:\/\/featherliteladders.com\/fr\/wp-json\/wp\/v2\/product"}],"about":[{"href":"https:\/\/featherliteladders.com\/fr\/wp-json\/wp\/v2\/types\/product"}],"replies":[{"embeddable":true,"href":"https:\/\/featherliteladders.com\/fr\/wp-json\/wp\/v2\/comments?post=12464"}],"version-history":[{"count":0,"href":"https:\/\/featherliteladders.com\/fr\/wp-json\/wp\/v2\/product\/12464\/revisions"}],"wp:featuredmedia":[{"embeddable":true,"href":"https:\/\/featherliteladders.com\/fr\/wp-json\/wp\/v2\/media\/17344"}],"wp:attachment":[{"href":"https:\/\/featherliteladders.com\/fr\/wp-json\/wp\/v2\/media?parent=12464"}],"wp:term":[{"taxonomy":"product_cat","embeddable":true,"href":"https:\/\/featherliteladders.com\/fr\/wp-json\/wp\/v2\/product_cat?post=12464"},{"taxonomy":"product_tag","embeddable":true,"href":"https:\/\/featherliteladders.com\/fr\/wp-json\/wp\/v2\/product_tag?post=12464"}],"curies":[{"name":"wp","href":"https:\/\/api.w.org\/{rel}","templated":true}]}}