{"id":12458,"date":"2022-03-25T13:16:29","date_gmt":"2022-03-25T19:16:29","guid":{"rendered":"https:\/\/stack-cprm.valtech.systems\/featherlite\/?post_type=product&#038;p=12458"},"modified":"2022-04-06T23:17:03","modified_gmt":"2022-04-07T05:17:03","slug":"4118","status":"publish","type":"product","link":"https:\/\/featherliteladders.com\/fr\/product\/4118\/","title":{"rendered":"4118"},"content":{"rendered":"<div data-elementor-type=\"product-post\" data-elementor-id=\"12458\" class=\"elementor elementor-12458\">\n\t\t\t\t\t\t\t\t\t<section class=\"elementor-section elementor-top-section elementor-element elementor-element-674b7324 elementor-section-boxed elementor-section-height-default elementor-section-height-default\" data-id=\"674b7324\" data-element_type=\"section\">\n\t\t\t\t\t\t<div class=\"elementor-container elementor-column-gap-default\">\n\t\t\t\t\t<div class=\"elementor-column elementor-col-100 elementor-top-column elementor-element elementor-element-53d002a6\" data-id=\"53d002a6\" data-element_type=\"column\">\n\t\t\t<div class=\"elementor-widget-wrap elementor-element-populated\">\n\t\t\t\t\t\t\t\t<div class=\"elementor-element elementor-element-4c5d3c6a elementor-widget elementor-widget-text-editor\" data-id=\"4c5d3c6a\" data-element_type=\"widget\" data-widget_type=\"text-editor.default\">\n\t\t\t\t<div class=\"elementor-widget-container\">\n\t\t\t<style>\/*! elementor - v3.6.6 - 08-06-2022 *\/\n.elementor-widget-text-editor.elementor-drop-cap-view-stacked .elementor-drop-cap{background-color:#818a91;color:#fff}.elementor-widget-text-editor.elementor-drop-cap-view-framed .elementor-drop-cap{color:#818a91;border:3px solid;background-color:transparent}.elementor-widget-text-editor:not(.elementor-drop-cap-view-default) .elementor-drop-cap{margin-top:8px}.elementor-widget-text-editor:not(.elementor-drop-cap-view-default) .elementor-drop-cap-letter{width:1em;height:1em}.elementor-widget-text-editor .elementor-drop-cap{float:left;text-align:center;line-height:1;font-size:50px}.elementor-widget-text-editor .elementor-drop-cap-letter{display:inline-block}<\/style>\t\t\t\t<h4><strong>S\u00c9RIE 4100<\/strong><\/h4><h2 class=\"font-weight-medium text-uppercase mb-0\">4118 18&#8242; EXTRA-HEAVY DUTY<\/h2><h3 class=\"font-weight-light text-uppercase\">RALLONGE EN ALUMINIUM<\/h3><p class=\"font-weight-bold text-uppercase\">SATISFAIT OU D\u00c9PASSE CSA GRADE 1A, ANSI TYPE IA<\/p><p>Cette \u00e9chelle simple en aluminium Featherlite de 18 pieds a une capacit\u00e9 de charge de 300 lb, class\u00e9e ANSI Type IA. Cette \u00e9chelle est dot\u00e9e d&#039;une construction \u00e0 poutre en I compl\u00e8te, d&#039;\u00e9chelons en forme de D, d&#039;embouts de rail r\u00e9sistants aux rayures et de patins de s\u00e9curit\u00e9 pivotants. L&#039;\u00e9chelle droite Featherlite AE2118 respecte ou d\u00e9passe les normes de s\u00e9curit\u00e9 \u00e9tablies par ANSI, CSA et OSHA.<\/p><ul><li>Conception de section de bo\u00eete<\/li><li>Barreau en D en aluminium<\/li><li>Chaussure pivotante<\/li><\/ul>\t\t\t\t\t\t<\/div>\n\t\t\t\t<\/div>\n\t\t\t\t\t<\/div>\n\t\t<\/div>\n\t\t\t\t\t\t\t<\/div>\n\t\t<\/section>\n\t\t\t\t<section class=\"elementor-section elementor-top-section elementor-element elementor-element-2443363 elementor-section-boxed elementor-section-height-default elementor-section-height-default\" data-id=\"2443363\" data-element_type=\"section\">\n\t\t\t\t\t\t<div class=\"elementor-container elementor-column-gap-default\">\n\t\t\t\t\t<div class=\"elementor-column elementor-col-100 elementor-top-column elementor-element elementor-element-5ce3720\" data-id=\"5ce3720\" data-element_type=\"column\">\n\t\t\t<div class=\"elementor-widget-wrap elementor-element-populated\">\n\t\t\t\t\t\t\t\t<div class=\"elementor-element elementor-element-cb4db62 elementor-widget elementor-widget-html\" data-id=\"cb4db62\" data-element_type=\"widget\" data-widget_type=\"html.default\">\n\t\t\t\t<div class=\"elementor-widget-container\">\n\t\t\t<div class=\"ps-widget\" ps-sku=\"4118\" ps-config=\"5bb63c77444db30018a6552e\"><\/div>\t\t<\/div>\n\t\t\t\t<\/div>\n\t\t\t\t\t<\/div>\n\t\t<\/div>\n\t\t\t\t\t\t\t<\/div>\n\t\t<\/section>\n\t\t\t\t\t\t\t<\/div>","protected":false},"excerpt":{"rendered":"<p>Cette \u00e9chelle simple en aluminium Featherlite de 18 pieds a une capacit\u00e9 de charge de 300 lb, class\u00e9e ANSI Type IA. Cette \u00e9chelle est dot\u00e9e d&#039;une construction \u00e0 poutre en I compl\u00e8te, d&#039;\u00e9chelons en forme de D, d&#039;embouts de rail r\u00e9sistants aux rayures et de patins de s\u00e9curit\u00e9 pivotants.<\/p>","protected":false},"featured_media":11939,"comment_status":"open","ping_status":"closed","template":"","meta":[],"product_cat":[194],"product_tag":[206],"class_list":["post-12458","product","type-product","status-publish","has-post-thumbnail","hentry","product_cat-extension-straightladders","product_tag-300lb"],"aioseo_notices":[],"_links":{"self":[{"href":"https:\/\/featherliteladders.com\/fr\/wp-json\/wp\/v2\/product\/12458","targetHints":{"allow":["GET"]}}],"collection":[{"href":"https:\/\/featherliteladders.com\/fr\/wp-json\/wp\/v2\/product"}],"about":[{"href":"https:\/\/featherliteladders.com\/fr\/wp-json\/wp\/v2\/types\/product"}],"replies":[{"embeddable":true,"href":"https:\/\/featherliteladders.com\/fr\/wp-json\/wp\/v2\/comments?post=12458"}],"version-history":[{"count":0,"href":"https:\/\/featherliteladders.com\/fr\/wp-json\/wp\/v2\/product\/12458\/revisions"}],"wp:featuredmedia":[{"embeddable":true,"href":"https:\/\/featherliteladders.com\/fr\/wp-json\/wp\/v2\/media\/11939"}],"wp:attachment":[{"href":"https:\/\/featherliteladders.com\/fr\/wp-json\/wp\/v2\/media?parent=12458"}],"wp:term":[{"taxonomy":"product_cat","embeddable":true,"href":"https:\/\/featherliteladders.com\/fr\/wp-json\/wp\/v2\/product_cat?post=12458"},{"taxonomy":"product_tag","embeddable":true,"href":"https:\/\/featherliteladders.com\/fr\/wp-json\/wp\/v2\/product_tag?post=12458"}],"curies":[{"name":"wp","href":"https:\/\/api.w.org\/{rel}","templated":true}]}}