{"id":12449,"date":"2022-03-25T13:16:28","date_gmt":"2022-03-25T19:16:28","guid":{"rendered":"https:\/\/stack-cprm.valtech.systems\/featherlite\/?post_type=product&#038;p=12449"},"modified":"2022-04-06T23:12:37","modified_gmt":"2022-04-07T05:12:37","slug":"3702","status":"publish","type":"product","link":"https:\/\/featherliteladders.com\/fr\/product\/3702\/","title":{"rendered":"3702"},"content":{"rendered":"<div data-elementor-type=\"product-post\" data-elementor-id=\"12449\" class=\"elementor elementor-12449\">\n\t\t\t\t\t\t\t\t\t<section class=\"elementor-section elementor-top-section elementor-element elementor-element-4cf44ae6 elementor-section-boxed elementor-section-height-default elementor-section-height-default\" data-id=\"4cf44ae6\" data-element_type=\"section\">\n\t\t\t\t\t\t<div class=\"elementor-container elementor-column-gap-default\">\n\t\t\t\t\t<div class=\"elementor-column elementor-col-100 elementor-top-column elementor-element elementor-element-1e417529\" data-id=\"1e417529\" data-element_type=\"column\">\n\t\t\t<div class=\"elementor-widget-wrap elementor-element-populated\">\n\t\t\t\t\t\t\t\t<div class=\"elementor-element elementor-element-776726ee elementor-widget elementor-widget-text-editor\" data-id=\"776726ee\" data-element_type=\"widget\" data-widget_type=\"text-editor.default\">\n\t\t\t\t<div class=\"elementor-widget-container\">\n\t\t\t<style>\/*! elementor - v3.6.6 - 08-06-2022 *\/\n.elementor-widget-text-editor.elementor-drop-cap-view-stacked .elementor-drop-cap{background-color:#818a91;color:#fff}.elementor-widget-text-editor.elementor-drop-cap-view-framed .elementor-drop-cap{color:#818a91;border:3px solid;background-color:transparent}.elementor-widget-text-editor:not(.elementor-drop-cap-view-default) .elementor-drop-cap{margin-top:8px}.elementor-widget-text-editor:not(.elementor-drop-cap-view-default) .elementor-drop-cap-letter{width:1em;height:1em}.elementor-widget-text-editor .elementor-drop-cap{float:left;text-align:center;line-height:1;font-size:50px}.elementor-widget-text-editor .elementor-drop-cap-letter{display:inline-block}<\/style>\t\t\t\t<h4><strong>S\u00c9RIE 3700<\/strong><\/h4><h2 class=\"font-weight-medium text-uppercase mb-0\">3702 2&#8242;<\/h2><h3 class=\"font-weight-light text-uppercase\">CHEVALET EN ALUMINIUM<\/h3><p>Ce chevalet de sciage en aluminium Featherlite de 2 pieds a une capacit\u00e9 de charge de 300 lb. Cela combine deux outils essentiels pour cr\u00e9er une surface large et l\u00e9g\u00e8re et un outil de support pour le sciage et d&#039;autres t\u00e2ches. Ce chevalet est \u00e9quip\u00e9 de pieds en caoutchouc antid\u00e9rapants en aluminium inclin\u00e9s, de charni\u00e8res en acier \u00e9pais, d&#039;un renfort de gousset robuste et d&#039;une construction \u00e0 double rivet.<\/p><ul><li>Conception large<\/li><li>Chaussure antid\u00e9rapante<\/li><li>Combinez les tailles pour cr\u00e9er une planche<\/li><\/ul>\t\t\t\t\t\t<\/div>\n\t\t\t\t<\/div>\n\t\t\t\t\t<\/div>\n\t\t<\/div>\n\t\t\t\t\t\t\t<\/div>\n\t\t<\/section>\n\t\t\t\t<section class=\"elementor-section elementor-top-section elementor-element elementor-element-94086aa elementor-section-boxed elementor-section-height-default elementor-section-height-default\" data-id=\"94086aa\" data-element_type=\"section\">\n\t\t\t\t\t\t<div class=\"elementor-container elementor-column-gap-default\">\n\t\t\t\t\t<div class=\"elementor-column elementor-col-100 elementor-top-column elementor-element elementor-element-5405389\" data-id=\"5405389\" data-element_type=\"column\">\n\t\t\t<div class=\"elementor-widget-wrap elementor-element-populated\">\n\t\t\t\t\t\t\t\t<div class=\"elementor-element elementor-element-b6c77ab elementor-widget elementor-widget-html\" data-id=\"b6c77ab\" data-element_type=\"widget\" data-widget_type=\"html.default\">\n\t\t\t\t<div class=\"elementor-widget-container\">\n\t\t\t<div class=\"ps-widget\" ps-sku=\"3702\" ps-config=\"5bb63c77444db30018a6552e\"><\/div>\t\t<\/div>\n\t\t\t\t<\/div>\n\t\t\t\t\t<\/div>\n\t\t<\/div>\n\t\t\t\t\t\t\t<\/div>\n\t\t<\/section>\n\t\t\t\t\t\t\t<\/div>","protected":false},"excerpt":{"rendered":"<p>Ce chevalet de sciage en aluminium Featherlite de 2 pieds a une capacit\u00e9 de charge de 300 lb. Cela combine deux outils essentiels pour cr\u00e9er une surface large et l\u00e9g\u00e8re et un outil de support pour le sciage et d&#039;autres t\u00e2ches.<\/p>","protected":false},"featured_media":11920,"comment_status":"open","ping_status":"closed","template":"","meta":[],"product_cat":[200],"product_tag":[206],"class_list":["post-12449","product","type-product","status-publish","has-post-thumbnail","hentry","product_cat-sawhorse","product_tag-300lb"],"aioseo_notices":[],"_links":{"self":[{"href":"https:\/\/featherliteladders.com\/fr\/wp-json\/wp\/v2\/product\/12449","targetHints":{"allow":["GET"]}}],"collection":[{"href":"https:\/\/featherliteladders.com\/fr\/wp-json\/wp\/v2\/product"}],"about":[{"href":"https:\/\/featherliteladders.com\/fr\/wp-json\/wp\/v2\/types\/product"}],"replies":[{"embeddable":true,"href":"https:\/\/featherliteladders.com\/fr\/wp-json\/wp\/v2\/comments?post=12449"}],"version-history":[{"count":0,"href":"https:\/\/featherliteladders.com\/fr\/wp-json\/wp\/v2\/product\/12449\/revisions"}],"wp:featuredmedia":[{"embeddable":true,"href":"https:\/\/featherliteladders.com\/fr\/wp-json\/wp\/v2\/media\/11920"}],"wp:attachment":[{"href":"https:\/\/featherliteladders.com\/fr\/wp-json\/wp\/v2\/media?parent=12449"}],"wp:term":[{"taxonomy":"product_cat","embeddable":true,"href":"https:\/\/featherliteladders.com\/fr\/wp-json\/wp\/v2\/product_cat?post=12449"},{"taxonomy":"product_tag","embeddable":true,"href":"https:\/\/featherliteladders.com\/fr\/wp-json\/wp\/v2\/product_tag?post=12449"}],"curies":[{"name":"wp","href":"https:\/\/api.w.org\/{rel}","templated":true}]}}