{"id":12445,"date":"2022-03-25T13:16:17","date_gmt":"2022-03-25T19:16:17","guid":{"rendered":"https:\/\/stack-cprm.valtech.systems\/featherlite\/?post_type=product&#038;p=12445"},"modified":"2022-04-13T13:38:00","modified_gmt":"2022-04-13T19:38:00","slug":"6924","status":"publish","type":"product","link":"https:\/\/featherliteladders.com\/fr\/product\/6924\/","title":{"rendered":"6924"},"content":{"rendered":"<div data-elementor-type=\"product-post\" data-elementor-id=\"12445\" class=\"elementor elementor-12445\">\n\t\t\t\t\t\t\t\t\t<section class=\"elementor-section elementor-top-section elementor-element elementor-element-427046a1 elementor-section-boxed elementor-section-height-default elementor-section-height-default\" data-id=\"427046a1\" data-element_type=\"section\">\n\t\t\t\t\t\t<div class=\"elementor-container elementor-column-gap-default\">\n\t\t\t\t\t<div class=\"elementor-column elementor-col-100 elementor-top-column elementor-element elementor-element-72e94e3d\" data-id=\"72e94e3d\" data-element_type=\"column\">\n\t\t\t<div class=\"elementor-widget-wrap elementor-element-populated\">\n\t\t\t\t\t\t\t\t<div class=\"elementor-element elementor-element-7a8415d9 elementor-widget elementor-widget-text-editor\" data-id=\"7a8415d9\" data-element_type=\"widget\" data-widget_type=\"text-editor.default\">\n\t\t\t\t<div class=\"elementor-widget-container\">\n\t\t\t<style>\/*! elementor - v3.6.6 - 08-06-2022 *\/\n.elementor-widget-text-editor.elementor-drop-cap-view-stacked .elementor-drop-cap{background-color:#818a91;color:#fff}.elementor-widget-text-editor.elementor-drop-cap-view-framed .elementor-drop-cap{color:#818a91;border:3px solid;background-color:transparent}.elementor-widget-text-editor:not(.elementor-drop-cap-view-default) .elementor-drop-cap{margin-top:8px}.elementor-widget-text-editor:not(.elementor-drop-cap-view-default) .elementor-drop-cap-letter{width:1em;height:1em}.elementor-widget-text-editor .elementor-drop-cap{float:left;text-align:center;line-height:1;font-size:50px}.elementor-widget-text-editor .elementor-drop-cap-letter{display:inline-block}<\/style>\t\t\t\t<h4><strong>S\u00c9RIE 6900E<\/strong><\/h4><h2 class=\"font-weight-medium text-uppercase mb-0\">6924 24&#8242; EXTRA-HEAVY DUTY<\/h2><h3 class=\"font-weight-light text-uppercase\">RALLONGE EN FIBRE DE VERRE<\/h3><p class=\"font-weight-bold text-uppercase\">SATISFAIT OU D\u00c9PASSE CSA GRADE 1A, ANSI TYPE IA<\/p><p>Cette \u00e9chelle \u00e0 coulisse en fibre de verre Featherlite de 24 pi a une capacit\u00e9 de 300 lb. capacit\u00e9 de charge, class\u00e9e ANSI Type IA. Il est \u00e9quip\u00e9 du verrou \u00e0 \u00e9chelon MAXLOCK, con\u00e7u sur mesure \u00e0 partir d&#039;un polym\u00e8re mol\u00e9culaire avanc\u00e9 brevet\u00e9, MAXLOCK est le verrou \u00e0 \u00e9chelon le plus solide, le plus r\u00e9sistant et le plus l\u00e9ger jamais fabriqu\u00e9. Cette \u00e9chelle comprend \u00e9galement le syst\u00e8me brevet\u00e9 QuickLatch qui fournit une m\u00e9thode simple et intuitive pour fixer les sections de braguette et de base de l&#039;\u00e9chelle lorsqu&#039;elle est d\u00e9ploy\u00e9e. L&#039;\u00e9chelle comporte des guides coulissants ext\u00e9rieurs, des \u00e9chelons en forme de D enti\u00e8rement dentel\u00e9s pour une surface antid\u00e9rapante, des embouts de rail anti-rayures, une corde et une poulie et des chaussures de s\u00e9curit\u00e9 pivotantes en acier avec \u00e9cran m\u00e9tallique \u00e0 utiliser avec la bande de roulement vers le bas ou en position de pointe. L&#039;\u00e9chelle \u00e0 coulisse en fibre de verre Featherlite 6924 respecte ou d\u00e9passe les normes de s\u00e9curit\u00e9 \u00e9tablies par ANSI, CSA et OSHA.<\/p><ul><li>Comprend notre MAXLOCK con\u00e7u sur mesure qui est fabriqu\u00e9 \u00e0 partir d&#039;un polym\u00e8re mol\u00e9culaire brevet\u00e9 et avanc\u00e9. Notre MAXLOCK est le cadenas \u00e0 \u00e9chelons le plus solide et le plus l\u00e9ger jamais fabriqu\u00e9<\/li><li>Rung D<\/li><li>Pied pivotant<\/li><\/ul>\t\t\t\t\t\t<\/div>\n\t\t\t\t<\/div>\n\t\t\t\t\t<\/div>\n\t\t<\/div>\n\t\t\t\t\t\t\t<\/div>\n\t\t<\/section>\n\t\t\t\t<section class=\"elementor-section elementor-top-section elementor-element elementor-element-1f5e326 elementor-section-boxed elementor-section-height-default elementor-section-height-default\" data-id=\"1f5e326\" data-element_type=\"section\">\n\t\t\t\t\t\t<div class=\"elementor-container elementor-column-gap-default\">\n\t\t\t\t\t<div class=\"elementor-column elementor-col-100 elementor-top-column elementor-element elementor-element-a0b42ae\" data-id=\"a0b42ae\" data-element_type=\"column\">\n\t\t\t<div class=\"elementor-widget-wrap elementor-element-populated\">\n\t\t\t\t\t\t\t\t<div class=\"elementor-element elementor-element-d02d4ba elementor-widget elementor-widget-html\" data-id=\"d02d4ba\" data-element_type=\"widget\" data-widget_type=\"html.default\">\n\t\t\t\t<div class=\"elementor-widget-container\">\n\t\t\t<div class=\"ps-widget\" ps-sku=\"6924\" ps-config=\"5bb63c77444db30018a6552e\"><\/div>\t\t<\/div>\n\t\t\t\t<\/div>\n\t\t\t\t\t<\/div>\n\t\t<\/div>\n\t\t\t\t\t\t\t<\/div>\n\t\t<\/section>\n\t\t\t\t\t\t\t<\/div>","protected":false},"excerpt":{"rendered":"<p>Cette \u00e9chelle \u00e0 coulisse en fibre de verre Featherlite de 24 pi a une capacit\u00e9 de 300 lb. capacit\u00e9 de charge, class\u00e9e ANSI Type IA.<\/p>","protected":false},"featured_media":11907,"comment_status":"open","ping_status":"closed","template":"","meta":[],"product_cat":[194],"product_tag":[206],"class_list":["post-12445","product","type-product","status-publish","has-post-thumbnail","hentry","product_cat-extension-straightladders","product_tag-300lb"],"aioseo_notices":[],"_links":{"self":[{"href":"https:\/\/featherliteladders.com\/fr\/wp-json\/wp\/v2\/product\/12445","targetHints":{"allow":["GET"]}}],"collection":[{"href":"https:\/\/featherliteladders.com\/fr\/wp-json\/wp\/v2\/product"}],"about":[{"href":"https:\/\/featherliteladders.com\/fr\/wp-json\/wp\/v2\/types\/product"}],"replies":[{"embeddable":true,"href":"https:\/\/featherliteladders.com\/fr\/wp-json\/wp\/v2\/comments?post=12445"}],"version-history":[{"count":0,"href":"https:\/\/featherliteladders.com\/fr\/wp-json\/wp\/v2\/product\/12445\/revisions"}],"wp:featuredmedia":[{"embeddable":true,"href":"https:\/\/featherliteladders.com\/fr\/wp-json\/wp\/v2\/media\/11907"}],"wp:attachment":[{"href":"https:\/\/featherliteladders.com\/fr\/wp-json\/wp\/v2\/media?parent=12445"}],"wp:term":[{"taxonomy":"product_cat","embeddable":true,"href":"https:\/\/featherliteladders.com\/fr\/wp-json\/wp\/v2\/product_cat?post=12445"},{"taxonomy":"product_tag","embeddable":true,"href":"https:\/\/featherliteladders.com\/fr\/wp-json\/wp\/v2\/product_tag?post=12445"}],"curies":[{"name":"wp","href":"https:\/\/api.w.org\/{rel}","templated":true}]}}