{"id":12443,"date":"2022-03-25T13:16:17","date_gmt":"2022-03-25T19:16:17","guid":{"rendered":"https:\/\/stack-cprm.valtech.systems\/featherlite\/?post_type=product&#038;p=12443"},"modified":"2022-04-07T00:32:34","modified_gmt":"2022-04-07T06:32:34","slug":"fl-2310-06","status":"publish","type":"product","link":"https:\/\/featherliteladders.com\/fr\/product\/fl-2310-06\/","title":{"rendered":"FL-2310-06"},"content":{"rendered":"<div data-elementor-type=\"product-post\" data-elementor-id=\"12443\" class=\"elementor elementor-12443\">\n\t\t\t\t\t\t\t\t\t<section class=\"elementor-section elementor-top-section elementor-element elementor-element-1db337ae elementor-section-boxed elementor-section-height-default elementor-section-height-default\" data-id=\"1db337ae\" data-element_type=\"section\">\n\t\t\t\t\t\t<div class=\"elementor-container elementor-column-gap-default\">\n\t\t\t\t\t<div class=\"elementor-column elementor-col-100 elementor-top-column elementor-element elementor-element-6eaf6f16\" data-id=\"6eaf6f16\" data-element_type=\"column\">\n\t\t\t<div class=\"elementor-widget-wrap elementor-element-populated\">\n\t\t\t\t\t\t\t\t<div class=\"elementor-element elementor-element-b18119 elementor-widget elementor-widget-text-editor\" data-id=\"b18119\" data-element_type=\"widget\" data-widget_type=\"text-editor.default\">\n\t\t\t\t<div class=\"elementor-widget-container\">\n\t\t\t<style>\/*! elementor - v3.6.6 - 08-06-2022 *\/\n.elementor-widget-text-editor.elementor-drop-cap-view-stacked .elementor-drop-cap{background-color:#818a91;color:#fff}.elementor-widget-text-editor.elementor-drop-cap-view-framed .elementor-drop-cap{color:#818a91;border:3px solid;background-color:transparent}.elementor-widget-text-editor:not(.elementor-drop-cap-view-default) .elementor-drop-cap{margin-top:8px}.elementor-widget-text-editor:not(.elementor-drop-cap-view-default) .elementor-drop-cap-letter{width:1em;height:1em}.elementor-widget-text-editor .elementor-drop-cap{float:left;text-align:center;line-height:1;font-size:50px}.elementor-widget-text-editor .elementor-drop-cap-letter{display:inline-block}<\/style>\t\t\t\t<h4><strong>S\u00c9RIE FL-2310<\/strong><\/h4><h2 class=\"font-weight-medium text-uppercase mb-0\">FL-2310-06 6&#8242; MEDIUM DUTY<\/h2><h3 class=\"font-weight-light text-uppercase\">ESCABEAU EN ALUMINIUM<\/h3><p class=\"font-weight-bold text-uppercase\">SATISFAIT OU D\u00c9PASSE CSA GRADE 2, ANSI TYPE II<\/p><p>Cet escabeau en aluminium l\u00e9ger de 6 pieds Featherlite a une capacit\u00e9 de charge de 200 lb, class\u00e9 Type III. Cette \u00e9chelle est \u00e9quip\u00e9e d&#039;un dessus moul\u00e9 avec des fentes pour outils, de pieds en caoutchouc antid\u00e9rapants, d&#039;un renfort de gousset en acier et d&#039;entretoises anti-pincement. L&#039;escabeau Featherlite FL-2310-06 respecte ou d\u00e9passe les normes de s\u00e9curit\u00e9 \u00e9tablies par ANSI, CSA et OSHA.<\/p><ul><li>Dessus avec fentes pour outils<\/li><li>Pieds en caoutchouc antid\u00e9rapants<\/li><li>Bretelles anti-pincement<\/li><\/ul>\t\t\t\t\t\t<\/div>\n\t\t\t\t<\/div>\n\t\t\t\t\t<\/div>\n\t\t<\/div>\n\t\t\t\t\t\t\t<\/div>\n\t\t<\/section>\n\t\t\t\t<section class=\"elementor-section elementor-top-section elementor-element elementor-element-f5e3068 elementor-section-boxed elementor-section-height-default elementor-section-height-default\" data-id=\"f5e3068\" data-element_type=\"section\">\n\t\t\t\t\t\t<div class=\"elementor-container elementor-column-gap-default\">\n\t\t\t\t\t<div class=\"elementor-column elementor-col-100 elementor-top-column elementor-element elementor-element-82df211\" data-id=\"82df211\" data-element_type=\"column\">\n\t\t\t<div class=\"elementor-widget-wrap elementor-element-populated\">\n\t\t\t\t\t\t\t\t<div class=\"elementor-element elementor-element-cb9cdaf elementor-widget elementor-widget-html\" data-id=\"cb9cdaf\" data-element_type=\"widget\" data-widget_type=\"html.default\">\n\t\t\t\t<div class=\"elementor-widget-container\">\n\t\t\t<div class=\"ps-widget\" ps-sku=\"FL-2310-06\" ps-config=\"5bb63c77444db30018a6552e\"><\/div>\t\t<\/div>\n\t\t\t\t<\/div>\n\t\t\t\t\t<\/div>\n\t\t<\/div>\n\t\t\t\t\t\t\t<\/div>\n\t\t<\/section>\n\t\t\t\t\t\t\t<\/div>","protected":false},"excerpt":{"rendered":"<p>Cet escabeau en aluminium l\u00e9ger de 6 pieds Featherlite a une capacit\u00e9 de charge de 200 lb, class\u00e9 Type III.<\/p>","protected":false},"featured_media":11905,"comment_status":"open","ping_status":"closed","template":"","meta":[],"product_cat":[192],"product_tag":[204],"class_list":["post-12443","product","type-product","status-publish","has-post-thumbnail","hentry","product_cat-stepladders","product_tag-200lb"],"aioseo_notices":[],"_links":{"self":[{"href":"https:\/\/featherliteladders.com\/fr\/wp-json\/wp\/v2\/product\/12443","targetHints":{"allow":["GET"]}}],"collection":[{"href":"https:\/\/featherliteladders.com\/fr\/wp-json\/wp\/v2\/product"}],"about":[{"href":"https:\/\/featherliteladders.com\/fr\/wp-json\/wp\/v2\/types\/product"}],"replies":[{"embeddable":true,"href":"https:\/\/featherliteladders.com\/fr\/wp-json\/wp\/v2\/comments?post=12443"}],"version-history":[{"count":0,"href":"https:\/\/featherliteladders.com\/fr\/wp-json\/wp\/v2\/product\/12443\/revisions"}],"wp:featuredmedia":[{"embeddable":true,"href":"https:\/\/featherliteladders.com\/fr\/wp-json\/wp\/v2\/media\/11905"}],"wp:attachment":[{"href":"https:\/\/featherliteladders.com\/fr\/wp-json\/wp\/v2\/media?parent=12443"}],"wp:term":[{"taxonomy":"product_cat","embeddable":true,"href":"https:\/\/featherliteladders.com\/fr\/wp-json\/wp\/v2\/product_cat?post=12443"},{"taxonomy":"product_tag","embeddable":true,"href":"https:\/\/featherliteladders.com\/fr\/wp-json\/wp\/v2\/product_tag?post=12443"}],"curies":[{"name":"wp","href":"https:\/\/api.w.org\/{rel}","templated":true}]}}