{"id":12441,"date":"2022-03-25T13:16:17","date_gmt":"2022-03-25T19:16:17","guid":{"rendered":"https:\/\/stack-cprm.valtech.systems\/featherlite\/?post_type=product&#038;p=12441"},"modified":"2022-04-07T00:04:24","modified_gmt":"2022-04-07T06:04:24","slug":"6228d","status":"publish","type":"product","link":"https:\/\/featherliteladders.com\/fr\/product\/6228d\/","title":{"rendered":"6228D"},"content":{"rendered":"<div data-elementor-type=\"product-post\" data-elementor-id=\"12441\" class=\"elementor elementor-12441\">\n\t\t\t\t\t\t\t\t\t<section class=\"elementor-section elementor-top-section elementor-element elementor-element-335ea01f elementor-section-boxed elementor-section-height-default elementor-section-height-default\" data-id=\"335ea01f\" data-element_type=\"section\">\n\t\t\t\t\t\t<div class=\"elementor-container elementor-column-gap-default\">\n\t\t\t\t\t<div class=\"elementor-column elementor-col-100 elementor-top-column elementor-element elementor-element-2cfce824\" data-id=\"2cfce824\" data-element_type=\"column\">\n\t\t\t<div class=\"elementor-widget-wrap elementor-element-populated\">\n\t\t\t\t\t\t\t\t<div class=\"elementor-element elementor-element-2fe0fbac elementor-widget elementor-widget-text-editor\" data-id=\"2fe0fbac\" data-element_type=\"widget\" data-widget_type=\"text-editor.default\">\n\t\t\t\t<div class=\"elementor-widget-container\">\n\t\t\t<style>\/*! elementor - v3.6.6 - 08-06-2022 *\/\n.elementor-widget-text-editor.elementor-drop-cap-view-stacked .elementor-drop-cap{background-color:#818a91;color:#fff}.elementor-widget-text-editor.elementor-drop-cap-view-framed .elementor-drop-cap{color:#818a91;border:3px solid;background-color:transparent}.elementor-widget-text-editor:not(.elementor-drop-cap-view-default) .elementor-drop-cap{margin-top:8px}.elementor-widget-text-editor:not(.elementor-drop-cap-view-default) .elementor-drop-cap-letter{width:1em;height:1em}.elementor-widget-text-editor .elementor-drop-cap{float:left;text-align:center;line-height:1;font-size:50px}.elementor-widget-text-editor .elementor-drop-cap-letter{display:inline-block}<\/style>\t\t\t\t<h4><strong>S\u00c9RIE 6200D<\/strong><\/h4><h2 class=\"font-weight-medium text-uppercase mb-0\">6228D 28&#8242; SUPER-HEAVY DUTY<\/h2><h3 class=\"font-weight-light text-uppercase\">RALLONGE EN FIBRE DE VERRE<\/h3><p class=\"font-weight-bold text-uppercase\">SATISFAIT OU D\u00c9PASSE CSA GRADE 1AA, ANSI TYPE IAA<\/p><p>Cette \u00e9chelle \u00e0 coulisse en fibre de verre ultra-r\u00e9sistante Featherlite de 28 pieds a une capacit\u00e9 de charge de 375 lb, class\u00e9e ANSI Type IAA. L&#039;\u00e9chelle est \u00e9quip\u00e9e de verrous en fonte robustes. L&#039;\u00e9chelle comprend des guides coulissants ext\u00e9rieurs, des plaques de connexion en aluminium, des \u00e9chelons en forme de D enti\u00e8rement dentel\u00e9s pour une surface antid\u00e9rapante, des embouts de rail non marquants, une corde et une poulie, et une botte en m\u00e9tal robuste avec des chaussures de s\u00e9curit\u00e9 pivotantes en acier \u00e0 utiliser avec la bande de roulement vers le bas ou en position cramponn\u00e9e. L&#039;\u00e9chelle \u00e0 rallonge en fibre de verre Featherlite 6228D respecte ou d\u00e9passe les normes de s\u00e9curit\u00e9 \u00e9tablies par ANSI, CSA et OSHA.<\/p><ul><li>\u00c9chelon rivet\u00e9 au rail<\/li><li>Relever de l&#039;avant<\/li><li>Ensemble de pied 1 pi\u00e8ce<\/li><li>Serrures \u00e0 \u00e9chelons en fonte robustes<\/li><\/ul>\t\t\t\t\t\t<\/div>\n\t\t\t\t<\/div>\n\t\t\t\t\t<\/div>\n\t\t<\/div>\n\t\t\t\t\t\t\t<\/div>\n\t\t<\/section>\n\t\t\t\t<section class=\"elementor-section elementor-top-section elementor-element elementor-element-3d0f7db elementor-section-boxed elementor-section-height-default elementor-section-height-default\" data-id=\"3d0f7db\" data-element_type=\"section\">\n\t\t\t\t\t\t<div class=\"elementor-container elementor-column-gap-default\">\n\t\t\t\t\t<div class=\"elementor-column elementor-col-100 elementor-top-column elementor-element elementor-element-f266d46\" data-id=\"f266d46\" data-element_type=\"column\">\n\t\t\t<div class=\"elementor-widget-wrap elementor-element-populated\">\n\t\t\t\t\t\t\t\t<div class=\"elementor-element elementor-element-039aa4c elementor-widget elementor-widget-html\" data-id=\"039aa4c\" data-element_type=\"widget\" data-widget_type=\"html.default\">\n\t\t\t\t<div class=\"elementor-widget-container\">\n\t\t\t<div class=\"ps-widget\" ps-sku=\"6228D\" ps-config=\"5bb63c77444db30018a6552e\"><\/div>\t\t<\/div>\n\t\t\t\t<\/div>\n\t\t\t\t\t<\/div>\n\t\t<\/div>\n\t\t\t\t\t\t\t<\/div>\n\t\t<\/section>\n\t\t\t\t\t\t\t<\/div>","protected":false},"excerpt":{"rendered":"<p>Cette \u00e9chelle \u00e0 coulisse en fibre de verre ultra-r\u00e9sistante Featherlite de 28 pieds a une capacit\u00e9 de charge de 375 lb, class\u00e9e ANSI Type IAA. L&#039;\u00e9chelle est \u00e9quip\u00e9e de verrous en fonte robustes.<\/p>","protected":false},"featured_media":11903,"comment_status":"open","ping_status":"closed","template":"","meta":[],"product_cat":[194],"product_tag":[207],"class_list":["post-12441","product","type-product","status-publish","has-post-thumbnail","hentry","product_cat-extension-straightladders","product_tag-375lb"],"aioseo_notices":[],"_links":{"self":[{"href":"https:\/\/featherliteladders.com\/fr\/wp-json\/wp\/v2\/product\/12441","targetHints":{"allow":["GET"]}}],"collection":[{"href":"https:\/\/featherliteladders.com\/fr\/wp-json\/wp\/v2\/product"}],"about":[{"href":"https:\/\/featherliteladders.com\/fr\/wp-json\/wp\/v2\/types\/product"}],"replies":[{"embeddable":true,"href":"https:\/\/featherliteladders.com\/fr\/wp-json\/wp\/v2\/comments?post=12441"}],"version-history":[{"count":0,"href":"https:\/\/featherliteladders.com\/fr\/wp-json\/wp\/v2\/product\/12441\/revisions"}],"wp:featuredmedia":[{"embeddable":true,"href":"https:\/\/featherliteladders.com\/fr\/wp-json\/wp\/v2\/media\/11903"}],"wp:attachment":[{"href":"https:\/\/featherliteladders.com\/fr\/wp-json\/wp\/v2\/media?parent=12441"}],"wp:term":[{"taxonomy":"product_cat","embeddable":true,"href":"https:\/\/featherliteladders.com\/fr\/wp-json\/wp\/v2\/product_cat?post=12441"},{"taxonomy":"product_tag","embeddable":true,"href":"https:\/\/featherliteladders.com\/fr\/wp-json\/wp\/v2\/product_tag?post=12441"}],"curies":[{"name":"wp","href":"https:\/\/api.w.org\/{rel}","templated":true}]}}