{"id":12437,"date":"2022-03-25T13:16:16","date_gmt":"2022-03-25T19:16:16","guid":{"rendered":"https:\/\/stack-cprm.valtech.systems\/featherlite\/?post_type=product&#038;p=12437"},"modified":"2022-04-13T12:12:49","modified_gmt":"2022-04-13T18:12:49","slug":"3406","status":"publish","type":"product","link":"https:\/\/featherliteladders.com\/fr\/product\/3406\/","title":{"rendered":"3406"},"content":{"rendered":"<div data-elementor-type=\"product-post\" data-elementor-id=\"12437\" class=\"elementor elementor-12437\">\n\t\t\t\t\t\t\t\t\t<section class=\"elementor-section elementor-top-section elementor-element elementor-element-3dc4ee71 elementor-section-boxed elementor-section-height-default elementor-section-height-default\" data-id=\"3dc4ee71\" data-element_type=\"section\">\n\t\t\t\t\t\t<div class=\"elementor-container elementor-column-gap-default\">\n\t\t\t\t\t<div class=\"elementor-column elementor-col-100 elementor-top-column elementor-element elementor-element-3badeb4d\" data-id=\"3badeb4d\" data-element_type=\"column\">\n\t\t\t<div class=\"elementor-widget-wrap elementor-element-populated\">\n\t\t\t\t\t\t\t\t<div class=\"elementor-element elementor-element-44a0299d elementor-widget elementor-widget-text-editor\" data-id=\"44a0299d\" data-element_type=\"widget\" data-widget_type=\"text-editor.default\">\n\t\t\t\t<div class=\"elementor-widget-container\">\n\t\t\t<style>\/*! elementor - v3.6.6 - 08-06-2022 *\/\n.elementor-widget-text-editor.elementor-drop-cap-view-stacked .elementor-drop-cap{background-color:#818a91;color:#fff}.elementor-widget-text-editor.elementor-drop-cap-view-framed .elementor-drop-cap{color:#818a91;border:3px solid;background-color:transparent}.elementor-widget-text-editor:not(.elementor-drop-cap-view-default) .elementor-drop-cap{margin-top:8px}.elementor-widget-text-editor:not(.elementor-drop-cap-view-default) .elementor-drop-cap-letter{width:1em;height:1em}.elementor-widget-text-editor .elementor-drop-cap{float:left;text-align:center;line-height:1;font-size:50px}.elementor-widget-text-editor .elementor-drop-cap-letter{display:inline-block}<\/style>\t\t\t\t<h4><strong>S\u00c9RIE 3400<\/strong><\/h4><h2 class=\"font-weight-medium text-uppercase mb-0\">3406 6&#8242; EXTRA-HEAVY DUTY<\/h2><h3 class=\"font-weight-light text-uppercase\">ESCABEAU EN ALUMINIUM<\/h3><p class=\"font-weight-bold text-uppercase\">SATISFAIT OU D\u00c9PASSE CSA GRADE 1A, ANSI TYPE IA<\/p><p>Cet escabeau en aluminium Featherlite de 6 pieds a une capacit\u00e9 de charge de 300 lb, class\u00e9 ANSI Type IA. Cette \u00e9chelle est \u00e9quip\u00e9e du ProTop innovant avec aimant et de multiples fentes pour outils, d&#039;une \u00e9tag\u00e8re moul\u00e9e pour seau, de pieds en caoutchouc antid\u00e9rapants en aluminium inclin\u00e9s, d&#039;un renfort de gousset en acier et d&#039;entretoises d&#039;\u00e9pandage \u00e0 tirage central. Cette \u00e9chelle est id\u00e9ale pour la peinture. L&#039;escabeau Featherlite 3406 respecte ou d\u00e9passe les normes de s\u00e9curit\u00e9 \u00e9tablies par ANSI, CSA et OSHA.<\/p><ul><li>ProTop avec plusieurs emplacements pour outils<\/li><li>\u00c9tag\u00e8re \u00e0 seau<\/li><li>Botte robuste<\/li><\/ul>\t\t\t\t\t\t<\/div>\n\t\t\t\t<\/div>\n\t\t\t\t\t<\/div>\n\t\t<\/div>\n\t\t\t\t\t\t\t<\/div>\n\t\t<\/section>\n\t\t\t\t<section class=\"elementor-section elementor-top-section elementor-element elementor-element-cd6aef0 elementor-section-boxed elementor-section-height-default elementor-section-height-default\" data-id=\"cd6aef0\" data-element_type=\"section\">\n\t\t\t\t\t\t<div class=\"elementor-container elementor-column-gap-default\">\n\t\t\t\t\t<div class=\"elementor-column elementor-col-100 elementor-top-column elementor-element elementor-element-2fba06c\" data-id=\"2fba06c\" data-element_type=\"column\">\n\t\t\t<div class=\"elementor-widget-wrap elementor-element-populated\">\n\t\t\t\t\t\t\t\t<div class=\"elementor-element elementor-element-c3c0f66 elementor-widget elementor-widget-html\" data-id=\"c3c0f66\" data-element_type=\"widget\" data-widget_type=\"html.default\">\n\t\t\t\t<div class=\"elementor-widget-container\">\n\t\t\t<div class=\"ps-widget\" ps-sku=\"3406\" ps-config=\"5bb63c77444db30018a6552e\"><\/div>\t\t<\/div>\n\t\t\t\t<\/div>\n\t\t\t\t\t<\/div>\n\t\t<\/div>\n\t\t\t\t\t\t\t<\/div>\n\t\t<\/section>\n\t\t\t\t\t\t\t<\/div>","protected":false},"excerpt":{"rendered":"<p>Cet escabeau en aluminium Featherlite de 6 pieds a une capacit\u00e9 de charge de 300 lb, class\u00e9 ANSI Type IA.<\/p>","protected":false},"featured_media":11899,"comment_status":"open","ping_status":"closed","template":"","meta":[],"product_cat":[192],"product_tag":[206],"class_list":["post-12437","product","type-product","status-publish","has-post-thumbnail","hentry","product_cat-stepladders","product_tag-300lb"],"aioseo_notices":[],"_links":{"self":[{"href":"https:\/\/featherliteladders.com\/fr\/wp-json\/wp\/v2\/product\/12437","targetHints":{"allow":["GET"]}}],"collection":[{"href":"https:\/\/featherliteladders.com\/fr\/wp-json\/wp\/v2\/product"}],"about":[{"href":"https:\/\/featherliteladders.com\/fr\/wp-json\/wp\/v2\/types\/product"}],"replies":[{"embeddable":true,"href":"https:\/\/featherliteladders.com\/fr\/wp-json\/wp\/v2\/comments?post=12437"}],"version-history":[{"count":0,"href":"https:\/\/featherliteladders.com\/fr\/wp-json\/wp\/v2\/product\/12437\/revisions"}],"wp:featuredmedia":[{"embeddable":true,"href":"https:\/\/featherliteladders.com\/fr\/wp-json\/wp\/v2\/media\/11899"}],"wp:attachment":[{"href":"https:\/\/featherliteladders.com\/fr\/wp-json\/wp\/v2\/media?parent=12437"}],"wp:term":[{"taxonomy":"product_cat","embeddable":true,"href":"https:\/\/featherliteladders.com\/fr\/wp-json\/wp\/v2\/product_cat?post=12437"},{"taxonomy":"product_tag","embeddable":true,"href":"https:\/\/featherliteladders.com\/fr\/wp-json\/wp\/v2\/product_tag?post=12437"}],"curies":[{"name":"wp","href":"https:\/\/api.w.org\/{rel}","templated":true}]}}