{"id":12436,"date":"2022-03-25T13:16:16","date_gmt":"2022-03-25T19:16:16","guid":{"rendered":"https:\/\/stack-cprm.valtech.systems\/featherlite\/?post_type=product&#038;p=12436"},"modified":"2022-04-06T23:21:15","modified_gmt":"2022-04-07T05:21:15","slug":"5316","status":"publish","type":"product","link":"https:\/\/featherliteladders.com\/fr\/product\/5316\/","title":{"rendered":"5316"},"content":{"rendered":"<div data-elementor-type=\"product-post\" data-elementor-id=\"12436\" class=\"elementor elementor-12436\">\n\t\t\t\t\t\t\t\t\t<section class=\"elementor-section elementor-top-section elementor-element elementor-element-1a492b53 elementor-section-boxed elementor-section-height-default elementor-section-height-default\" data-id=\"1a492b53\" data-element_type=\"section\">\n\t\t\t\t\t\t<div class=\"elementor-container elementor-column-gap-default\">\n\t\t\t\t\t<div class=\"elementor-column elementor-col-100 elementor-top-column elementor-element elementor-element-2f957317\" data-id=\"2f957317\" data-element_type=\"column\">\n\t\t\t<div class=\"elementor-widget-wrap elementor-element-populated\">\n\t\t\t\t\t\t\t\t<div class=\"elementor-element elementor-element-2fad77da elementor-widget elementor-widget-text-editor\" data-id=\"2fad77da\" data-element_type=\"widget\" data-widget_type=\"text-editor.default\">\n\t\t\t\t<div class=\"elementor-widget-container\">\n\t\t\t<style>\/*! elementor - v3.6.6 - 08-06-2022 *\/\n.elementor-widget-text-editor.elementor-drop-cap-view-stacked .elementor-drop-cap{background-color:#818a91;color:#fff}.elementor-widget-text-editor.elementor-drop-cap-view-framed .elementor-drop-cap{color:#818a91;border:3px solid;background-color:transparent}.elementor-widget-text-editor:not(.elementor-drop-cap-view-default) .elementor-drop-cap{margin-top:8px}.elementor-widget-text-editor:not(.elementor-drop-cap-view-default) .elementor-drop-cap-letter{width:1em;height:1em}.elementor-widget-text-editor .elementor-drop-cap{float:left;text-align:center;line-height:1;font-size:50px}.elementor-widget-text-editor .elementor-drop-cap-letter{display:inline-block}<\/style>\t\t\t\t<h4><strong>S\u00c9RIE 5300<\/strong><\/h4><h2 class=\"font-weight-medium text-uppercase mb-0\">5316 16&#8242;<\/h2><h3 class=\"font-weight-light text-uppercase\">RALLONGE EN FIBRE DE VERRE<\/h3><p>The Featherlite 16 foot Manhole ladder has a 375lb load capacity, ANSI Type IAA rated. It features double side 3ft plastic rail protectors to avoid manhole rim damage, heavy duty gussets under steps and new heavy-duty 180\u00b0 boots that allow you to work on either side of the ladder with thick non-marring thermoplastic elastomer tread bonded and mechanically fastened to the upper boot. The polypropylene copolymer upper boot provides strength, durability and fiberglass protection. This ladder is specially designed for use in manholes and meets or exceeds the safety standards set by ANSI, and OSHA. Model 5314 displayed. Outside width of 12&#8243;.<\/p><ul><li>La conception \u00e0 largeur \u00e9troite est id\u00e9ale pour travailler dans les trous d&#039;homme<\/li><li>Protecteurs de rail en plastique de 0,9 m pour \u00e9viter les dommages au bord du trou d&#039;homme.<\/li><li>18\u00b0 Heavy-Duty Boots To Work On Either Side Of The Ladder<\/li><li>Bande de roulement \u00e9paisse en \u00e9lastom\u00e8re thermoplastique non marquant<\/li><li>La botte sup\u00e9rieure en copolym\u00e8re de polypropyl\u00e8ne offre r\u00e9sistance et durabilit\u00e9<\/li><li>\u00c9chelons ronds antid\u00e9rapants<\/li><\/ul>\t\t\t\t\t\t<\/div>\n\t\t\t\t<\/div>\n\t\t\t\t\t<\/div>\n\t\t<\/div>\n\t\t\t\t\t\t\t<\/div>\n\t\t<\/section>\n\t\t\t\t<section class=\"elementor-section elementor-top-section elementor-element elementor-element-928cee5 elementor-section-boxed elementor-section-height-default elementor-section-height-default\" data-id=\"928cee5\" data-element_type=\"section\">\n\t\t\t\t\t\t<div class=\"elementor-container elementor-column-gap-default\">\n\t\t\t\t\t<div class=\"elementor-column elementor-col-100 elementor-top-column elementor-element elementor-element-a536c02\" data-id=\"a536c02\" data-element_type=\"column\">\n\t\t\t<div class=\"elementor-widget-wrap elementor-element-populated\">\n\t\t\t\t\t\t\t\t<div class=\"elementor-element elementor-element-e7189d3 elementor-widget elementor-widget-html\" data-id=\"e7189d3\" data-element_type=\"widget\" data-widget_type=\"html.default\">\n\t\t\t\t<div class=\"elementor-widget-container\">\n\t\t\t<div class=\"ps-widget\" ps-sku=\"5316\" ps-config=\"5bb63c77444db30018a6552e\"><\/div>\t\t<\/div>\n\t\t\t\t<\/div>\n\t\t\t\t\t<\/div>\n\t\t<\/div>\n\t\t\t\t\t\t\t<\/div>\n\t\t<\/section>\n\t\t\t\t\t\t\t<\/div>","protected":false},"excerpt":{"rendered":"<p>L&#039;\u00e9chelle de trou d&#039;homme Featherlite de 16 pieds a une capacit\u00e9 de charge de 375 lb, class\u00e9e ANSI Type IAA.<\/p>","protected":false},"featured_media":11891,"comment_status":"open","ping_status":"closed","template":"","meta":[],"product_cat":[194],"product_tag":[206],"class_list":["post-12436","product","type-product","status-publish","has-post-thumbnail","hentry","product_cat-extension-straightladders","product_tag-300lb"],"aioseo_notices":[],"_links":{"self":[{"href":"https:\/\/featherliteladders.com\/fr\/wp-json\/wp\/v2\/product\/12436","targetHints":{"allow":["GET"]}}],"collection":[{"href":"https:\/\/featherliteladders.com\/fr\/wp-json\/wp\/v2\/product"}],"about":[{"href":"https:\/\/featherliteladders.com\/fr\/wp-json\/wp\/v2\/types\/product"}],"replies":[{"embeddable":true,"href":"https:\/\/featherliteladders.com\/fr\/wp-json\/wp\/v2\/comments?post=12436"}],"version-history":[{"count":0,"href":"https:\/\/featherliteladders.com\/fr\/wp-json\/wp\/v2\/product\/12436\/revisions"}],"wp:featuredmedia":[{"embeddable":true,"href":"https:\/\/featherliteladders.com\/fr\/wp-json\/wp\/v2\/media\/11891"}],"wp:attachment":[{"href":"https:\/\/featherliteladders.com\/fr\/wp-json\/wp\/v2\/media?parent=12436"}],"wp:term":[{"taxonomy":"product_cat","embeddable":true,"href":"https:\/\/featherliteladders.com\/fr\/wp-json\/wp\/v2\/product_cat?post=12436"},{"taxonomy":"product_tag","embeddable":true,"href":"https:\/\/featherliteladders.com\/fr\/wp-json\/wp\/v2\/product_tag?post=12436"}],"curies":[{"name":"wp","href":"https:\/\/api.w.org\/{rel}","templated":true}]}}