{"id":12422,"date":"2022-03-25T13:16:15","date_gmt":"2022-03-25T19:16:15","guid":{"rendered":"https:\/\/stack-cprm.valtech.systems\/featherlite\/?post_type=product&#038;p=12422"},"modified":"2022-04-07T00:37:19","modified_gmt":"2022-04-07T06:37:19","slug":"fl-3020-20","status":"publish","type":"product","link":"https:\/\/featherliteladders.com\/fr\/product\/fl-3020-20\/","title":{"rendered":"FL-3020-20"},"content":{"rendered":"<div data-elementor-type=\"product-post\" data-elementor-id=\"12422\" class=\"elementor elementor-12422\">\n\t\t\t\t\t\t\t\t\t<section class=\"elementor-section elementor-top-section elementor-element elementor-element-45faeff1 elementor-section-boxed elementor-section-height-default elementor-section-height-default\" data-id=\"45faeff1\" data-element_type=\"section\">\n\t\t\t\t\t\t<div class=\"elementor-container elementor-column-gap-default\">\n\t\t\t\t\t<div class=\"elementor-column elementor-col-100 elementor-top-column elementor-element elementor-element-6ab4018b\" data-id=\"6ab4018b\" data-element_type=\"column\">\n\t\t\t<div class=\"elementor-widget-wrap elementor-element-populated\">\n\t\t\t\t\t\t\t\t<div class=\"elementor-element elementor-element-55ad784d elementor-widget elementor-widget-text-editor\" data-id=\"55ad784d\" data-element_type=\"widget\" data-widget_type=\"text-editor.default\">\n\t\t\t\t<div class=\"elementor-widget-container\">\n\t\t\t<style>\/*! elementor - v3.6.6 - 08-06-2022 *\/\n.elementor-widget-text-editor.elementor-drop-cap-view-stacked .elementor-drop-cap{background-color:#818a91;color:#fff}.elementor-widget-text-editor.elementor-drop-cap-view-framed .elementor-drop-cap{color:#818a91;border:3px solid;background-color:transparent}.elementor-widget-text-editor:not(.elementor-drop-cap-view-default) .elementor-drop-cap{margin-top:8px}.elementor-widget-text-editor:not(.elementor-drop-cap-view-default) .elementor-drop-cap-letter{width:1em;height:1em}.elementor-widget-text-editor .elementor-drop-cap{float:left;text-align:center;line-height:1;font-size:50px}.elementor-widget-text-editor .elementor-drop-cap-letter{display:inline-block}<\/style>\t\t\t\t<h4><strong>S\u00c9RIE FL-3020<\/strong><\/h4><h2 class=\"font-weight-medium text-uppercase mb-0\">FL-3020-20 20&#8242; EXTRA-HEAVY DUTY<\/h2><h3 class=\"font-weight-light text-uppercase\">RALLONGE EN FIBRE DE VERRE<\/h3><p>SATISFAIT OU D\u00c9PASSE CSA GRADE 1A, ANSI TYPE IA<\/p><p>Cette \u00e9chelle \u00e0 rallonge en fibre de verre Featherlite de 20 pi a une capacit\u00e9 de 300 lb. capacit\u00e9 de charge, nominale Type IA. Il est \u00e9quip\u00e9 du verrou \u00e0 \u00e9chelon MAXLOCK, con\u00e7u sur mesure \u00e0 partir d&#039;un polym\u00e8re mol\u00e9culaire avanc\u00e9 brevet\u00e9, MAXLOCK est le verrou \u00e0 \u00e9chelon le plus solide, le plus r\u00e9sistant et le plus l\u00e9ger jamais fabriqu\u00e9. Cette \u00e9chelle comprend \u00e9galement le syst\u00e8me brevet\u00e9 QuickLatch qui fournit une m\u00e9thode simple et intuitive pour fixer les sections de braguette et de base de l&#039;\u00e9chelle lorsqu&#039;elle est d\u00e9ploy\u00e9e. L&#039;\u00e9chelle comporte des guides coulissants ext\u00e9rieurs, des \u00e9chelons en forme de D enti\u00e8rement dentel\u00e9s pour une surface antid\u00e9rapante, des embouts de rail anti-rayures, une corde et une poulie et des chaussures de s\u00e9curit\u00e9 pivotantes en acier avec \u00e9cran m\u00e9tallique \u00e0 utiliser avec la bande de roulement vers le bas ou en position de pointe. L&#039;\u00e9chelle d&#039;extension en fibre de verre Featherlite FL-3020-20 respecte ou d\u00e9passe les normes de s\u00e9curit\u00e9 \u00e9tablies par ANSI, CSA et OSHA.<\/p><ul><li>Syst\u00e8me brevet\u00e9 de verrouillage des \u00e9chelons QuickLatch<\/li><li>Chaussure de s\u00e9curit\u00e9 pivotante en acier avec protection m\u00e9tallique<\/li><li>Glissi\u00e8res ext\u00e9rieures<\/li><li>Embouts de rail r\u00e9sistants aux chocs<\/li><li>Corde et poulie incluses<\/li><li>Comprend notre MAXLOCK con\u00e7u sur mesure qui est fabriqu\u00e9 \u00e0 partir d&#039;un polym\u00e8re mol\u00e9culaire brevet\u00e9 et avanc\u00e9. Notre MAXLOCK est le cadenas \u00e0 \u00e9chelons le plus solide et le plus l\u00e9ger jamais fabriqu\u00e9<\/li><\/ul>\t\t\t\t\t\t<\/div>\n\t\t\t\t<\/div>\n\t\t\t\t\t<\/div>\n\t\t<\/div>\n\t\t\t\t\t\t\t<\/div>\n\t\t<\/section>\n\t\t\t\t<section class=\"elementor-section elementor-top-section elementor-element elementor-element-21f05e5 elementor-section-boxed elementor-section-height-default elementor-section-height-default\" data-id=\"21f05e5\" data-element_type=\"section\">\n\t\t\t\t\t\t<div class=\"elementor-container elementor-column-gap-default\">\n\t\t\t\t\t<div class=\"elementor-column elementor-col-100 elementor-top-column elementor-element elementor-element-f47c886\" data-id=\"f47c886\" data-element_type=\"column\">\n\t\t\t<div class=\"elementor-widget-wrap elementor-element-populated\">\n\t\t\t\t\t\t\t\t<div class=\"elementor-element elementor-element-9c862a6 elementor-widget elementor-widget-html\" data-id=\"9c862a6\" data-element_type=\"widget\" data-widget_type=\"html.default\">\n\t\t\t\t<div class=\"elementor-widget-container\">\n\t\t\t<div class=\"ps-widget\" ps-sku=\"FL-3020-20\" ps-config=\"5bb63c77444db30018a6552e\"><\/div>\t\t<\/div>\n\t\t\t\t<\/div>\n\t\t\t\t\t<\/div>\n\t\t<\/div>\n\t\t\t\t\t\t\t<\/div>\n\t\t<\/section>\n\t\t\t\t\t\t\t<\/div>","protected":false},"excerpt":{"rendered":"<p>Cette \u00e9chelle \u00e0 rallonge en fibre de verre Featherlite de 20 pi a une capacit\u00e9 de 300 lb. capacit\u00e9 de charge, nominale Type IA.<\/p>","protected":false},"featured_media":11863,"comment_status":"open","ping_status":"closed","template":"","meta":[],"product_cat":[194],"product_tag":[206],"class_list":["post-12422","product","type-product","status-publish","has-post-thumbnail","hentry","product_cat-extension-straightladders","product_tag-300lb"],"aioseo_notices":[],"_links":{"self":[{"href":"https:\/\/featherliteladders.com\/fr\/wp-json\/wp\/v2\/product\/12422","targetHints":{"allow":["GET"]}}],"collection":[{"href":"https:\/\/featherliteladders.com\/fr\/wp-json\/wp\/v2\/product"}],"about":[{"href":"https:\/\/featherliteladders.com\/fr\/wp-json\/wp\/v2\/types\/product"}],"replies":[{"embeddable":true,"href":"https:\/\/featherliteladders.com\/fr\/wp-json\/wp\/v2\/comments?post=12422"}],"version-history":[{"count":0,"href":"https:\/\/featherliteladders.com\/fr\/wp-json\/wp\/v2\/product\/12422\/revisions"}],"wp:featuredmedia":[{"embeddable":true,"href":"https:\/\/featherliteladders.com\/fr\/wp-json\/wp\/v2\/media\/11863"}],"wp:attachment":[{"href":"https:\/\/featherliteladders.com\/fr\/wp-json\/wp\/v2\/media?parent=12422"}],"wp:term":[{"taxonomy":"product_cat","embeddable":true,"href":"https:\/\/featherliteladders.com\/fr\/wp-json\/wp\/v2\/product_cat?post=12422"},{"taxonomy":"product_tag","embeddable":true,"href":"https:\/\/featherliteladders.com\/fr\/wp-json\/wp\/v2\/product_tag?post=12422"}],"curies":[{"name":"wp","href":"https:\/\/api.w.org\/{rel}","templated":true}]}}