{"id":12420,"date":"2022-03-25T13:16:14","date_gmt":"2022-03-25T19:16:14","guid":{"rendered":"https:\/\/stack-cprm.valtech.systems\/featherlite\/?post_type=product&#038;p=12420"},"modified":"2022-04-13T15:22:20","modified_gmt":"2022-04-13T21:22:20","slug":"fl-3210-06s","status":"publish","type":"product","link":"https:\/\/featherliteladders.com\/fr\/product\/fl-3210-06s\/","title":{"rendered":"FL-3210-06S"},"content":{"rendered":"<div data-elementor-type=\"product-post\" data-elementor-id=\"12420\" class=\"elementor elementor-12420\">\n\t\t\t\t\t\t\t\t\t<section class=\"elementor-section elementor-top-section elementor-element elementor-element-05b4e69 elementor-section-boxed elementor-section-height-default elementor-section-height-default\" data-id=\"05b4e69\" data-element_type=\"section\">\n\t\t\t\t\t\t<div class=\"elementor-container elementor-column-gap-default\">\n\t\t\t\t\t<div class=\"elementor-column elementor-col-100 elementor-top-column elementor-element elementor-element-fff2ab7\" data-id=\"fff2ab7\" data-element_type=\"column\">\n\t\t\t<div class=\"elementor-widget-wrap elementor-element-populated\">\n\t\t\t\t\t\t\t\t<div class=\"elementor-element elementor-element-45b3163 elementor-widget elementor-widget-text-editor\" data-id=\"45b3163\" data-element_type=\"widget\" data-widget_type=\"text-editor.default\">\n\t\t\t\t<div class=\"elementor-widget-container\">\n\t\t\t<style>\/*! elementor - v3.6.6 - 08-06-2022 *\/\n.elementor-widget-text-editor.elementor-drop-cap-view-stacked .elementor-drop-cap{background-color:#818a91;color:#fff}.elementor-widget-text-editor.elementor-drop-cap-view-framed .elementor-drop-cap{color:#818a91;border:3px solid;background-color:transparent}.elementor-widget-text-editor:not(.elementor-drop-cap-view-default) .elementor-drop-cap{margin-top:8px}.elementor-widget-text-editor:not(.elementor-drop-cap-view-default) .elementor-drop-cap-letter{width:1em;height:1em}.elementor-widget-text-editor .elementor-drop-cap{float:left;text-align:center;line-height:1;font-size:50px}.elementor-widget-text-editor .elementor-drop-cap-letter{display:inline-block}<\/style>\t\t\t\t<h4><strong>S\u00c9RIE FL-3210<\/strong><\/h4><h2 class=\"font-weight-medium text-uppercase mb-0\">FL-3210-06S 6&#8242; MEDIUM DUTY<\/h2><h3 class=\"font-weight-light text-uppercase\">ESCABEAU EN FIBRE DE VERRE<\/h3><p>SATISFAIT OU D\u00c9PASSE CSA GRADE 2, ANSI TYPE II<\/p><p>Cet escabeau en fibre de verre Featherlite de 6 pieds a une capacit\u00e9 de charge de 225 lb, class\u00e9 Type II. Cette \u00e9chelle est \u00e9quip\u00e9e d&#039;un plateau moul\u00e9 avec fentes pour outils, d&#039;une \u00e9tag\u00e8re moul\u00e9e pour seau, de pieds en caoutchouc antid\u00e9rapants, d&#039;un renfort \u00e0 gousset en acier et de bras d&#039;\u00e9cartement anti-pincement. Cette \u00e9chelle est id\u00e9ale pour la peinture. L&#039;escabeau Featherlite FL-3210-06S respecte ou d\u00e9passe les normes de s\u00e9curit\u00e9 \u00e9tablies par ANSI, CSA et OSHA.<\/p><ul><li>Dessus avec fentes pour outils<\/li><li>\u00c9tag\u00e8re moul\u00e9e pour seau<\/li><li>Pieds en caoutchouc antid\u00e9rapants<\/li><li>Bras d&#039;\u00e9cartement anti-pincement<\/li><li>Syst\u00e8me d&#039;absorption des chocs SHOX<\/li><li>ProTop multifonctionnel avec plusieurs emplacements pour outils et aimant<\/li><\/ul>\t\t\t\t\t\t<\/div>\n\t\t\t\t<\/div>\n\t\t\t\t\t<\/div>\n\t\t<\/div>\n\t\t\t\t\t\t\t<\/div>\n\t\t<\/section>\n\t\t\t\t<section class=\"elementor-section elementor-top-section elementor-element elementor-element-b06f56a elementor-section-boxed elementor-section-height-default elementor-section-height-default\" data-id=\"b06f56a\" data-element_type=\"section\">\n\t\t\t\t\t\t<div class=\"elementor-container elementor-column-gap-default\">\n\t\t\t\t\t<div class=\"elementor-column elementor-col-100 elementor-top-column elementor-element elementor-element-73dae70\" data-id=\"73dae70\" data-element_type=\"column\">\n\t\t\t<div class=\"elementor-widget-wrap elementor-element-populated\">\n\t\t\t\t\t\t\t\t<div class=\"elementor-element elementor-element-18aae20 elementor-widget elementor-widget-html\" data-id=\"18aae20\" data-element_type=\"widget\" data-widget_type=\"html.default\">\n\t\t\t\t<div class=\"elementor-widget-container\">\n\t\t\t<div class=\"ps-widget\" ps-sku=\"FL-3210-06S\" ps-config=\"5bb63c77444db30018a6552e\"><\/div>\t\t<\/div>\n\t\t\t\t<\/div>\n\t\t\t\t\t<\/div>\n\t\t<\/div>\n\t\t\t\t\t\t\t<\/div>\n\t\t<\/section>\n\t\t\t\t\t\t\t<\/div>","protected":false},"excerpt":{"rendered":"<p>Cet escabeau en fibre de verre Featherlite de 6 pieds a une capacit\u00e9 de charge de 225 lb, class\u00e9 Type II. Cette \u00e9chelle est \u00e9quip\u00e9e d&#039;un plateau moul\u00e9 avec fentes pour outils, d&#039;une \u00e9tag\u00e8re moul\u00e9e pour seau, de pieds en caoutchouc antid\u00e9rapants, d&#039;un renfort \u00e0 gousset en acier et de bras d&#039;\u00e9cartement anti-pincement.<\/p>","protected":false},"featured_media":11861,"comment_status":"open","ping_status":"closed","template":"","meta":[],"product_cat":[192],"product_tag":[203],"class_list":["post-12420","product","type-product","status-publish","has-post-thumbnail","hentry","product_cat-stepladders","product_tag-225lb"],"aioseo_notices":[],"_links":{"self":[{"href":"https:\/\/featherliteladders.com\/fr\/wp-json\/wp\/v2\/product\/12420","targetHints":{"allow":["GET"]}}],"collection":[{"href":"https:\/\/featherliteladders.com\/fr\/wp-json\/wp\/v2\/product"}],"about":[{"href":"https:\/\/featherliteladders.com\/fr\/wp-json\/wp\/v2\/types\/product"}],"replies":[{"embeddable":true,"href":"https:\/\/featherliteladders.com\/fr\/wp-json\/wp\/v2\/comments?post=12420"}],"version-history":[{"count":0,"href":"https:\/\/featherliteladders.com\/fr\/wp-json\/wp\/v2\/product\/12420\/revisions"}],"wp:featuredmedia":[{"embeddable":true,"href":"https:\/\/featherliteladders.com\/fr\/wp-json\/wp\/v2\/media\/11861"}],"wp:attachment":[{"href":"https:\/\/featherliteladders.com\/fr\/wp-json\/wp\/v2\/media?parent=12420"}],"wp:term":[{"taxonomy":"product_cat","embeddable":true,"href":"https:\/\/featherliteladders.com\/fr\/wp-json\/wp\/v2\/product_cat?post=12420"},{"taxonomy":"product_tag","embeddable":true,"href":"https:\/\/featherliteladders.com\/fr\/wp-json\/wp\/v2\/product_tag?post=12420"}],"curies":[{"name":"wp","href":"https:\/\/api.w.org\/{rel}","templated":true}]}}