{"id":7184,"date":"2021-01-04T04:04:00","date_gmt":"2021-01-04T04:04:00","guid":{"rendered":"https:\/\/demo4.drfuri.com\/razzi\/?page_id=7184"},"modified":"2021-01-04T04:04:00","modified_gmt":"2021-01-04T04:04:00","slug":"product-single","status":"publish","type":"page","link":"https:\/\/featherliteladders.com\/fr\/produit-unique\/","title":{"rendered":"Produit unique"},"content":{"rendered":"<div data-elementor-type=\"wp-page\" data-elementor-id=\"7184\" class=\"elementor elementor-7184\">\n\t\t\t\t\t\t\t\t\t<section class=\"elementor-section elementor-top-section elementor-element elementor-element-30c7e55 elementor-section-stretched elementor-section-boxed elementor-section-height-default elementor-section-height-default\" data-id=\"30c7e55\" data-element_type=\"section\" data-settings=\"{&quot;stretch_section&quot;:&quot;section-stretched&quot;,&quot;background_background&quot;:&quot;classic&quot;}\">\n\t\t\t\t\t\t<div class=\"elementor-container elementor-column-gap-default\">\n\t\t\t\t\t<div class=\"elementor-column elementor-col-100 elementor-top-column elementor-element elementor-element-e7f9ed6\" data-id=\"e7f9ed6\" data-element_type=\"column\">\n\t\t\t<div class=\"elementor-widget-wrap elementor-element-populated\">\n\t\t\t\t\t\t\t\t<div class=\"elementor-element elementor-element-c14afa9 elementor-widget elementor-widget-spacer\" data-id=\"c14afa9\" data-element_type=\"widget\" data-widget_type=\"spacer.default\">\n\t\t\t\t<div class=\"elementor-widget-container\">\n\t\t\t<style>\/*! elementor - v3.6.6 - 08-06-2022 *\/\n.e-container.e-container--row .elementor-spacer-inner{width:var(--spacer-size)}.e-container.e-container--column .elementor-spacer-inner,.elementor-column .elementor-spacer-inner{height:var(--spacer-size)}<\/style>\t\t<div class=\"elementor-spacer\">\n\t\t\t<div class=\"elementor-spacer-inner\"><\/div>\n\t\t<\/div>\n\t\t\t\t<\/div>\n\t\t\t\t<\/div>\n\t\t\t\t<div class=\"elementor-element elementor-element-14088e7 elementor-widget elementor-widget-razzi-product-shortcode\" data-id=\"14088e7\" data-element_type=\"widget\" data-settings=\"{&quot;show_image_zoom&quot;:&quot;show&quot;,&quot;show_lightbox&quot;:&quot;show&quot;}\" data-widget_type=\"razzi-product-shortcode.default\">\n\t\t\t\t<div class=\"elementor-widget-container\">\n\t\t\t<div class=\"razzi-product-shortcode single-product woocommerce razzi-swiper-carousel-elementor\"><div class=\"rz-product-wrapper container\">No products were found matching your selection.<\/div><\/div>\t\t<\/div>\n\t\t\t\t<\/div>\n\t\t\t\t<div class=\"elementor-element elementor-element-e0341dc elementor-widget elementor-widget-spacer\" data-id=\"e0341dc\" data-element_type=\"widget\" data-widget_type=\"spacer.default\">\n\t\t\t\t<div class=\"elementor-widget-container\">\n\t\t\t\t\t<div class=\"elementor-spacer\">\n\t\t\t<div class=\"elementor-spacer-inner\"><\/div>\n\t\t<\/div>\n\t\t\t\t<\/div>\n\t\t\t\t<\/div>\n\t\t\t\t\t<\/div>\n\t\t<\/div>\n\t\t\t\t\t\t\t<\/div>\n\t\t<\/section>\n\t\t\t\t\t\t\t<\/div>","protected":false},"excerpt":{"rendered":"<p>GUBI Suspension Ronde 59,87 \u20ac 32,50 \u20ac (En stock) Con\u00e7u pour la simplicit\u00e9 et fabriqu\u00e9 \u00e0 partir de mat\u00e9riaux de haute qualit\u00e9. Sa g\u00e9om\u00e9trie \u00e9l\u00e9gante et ses combinaisons de mat\u00e9riaux cr\u00e9ent un look moderne. D\u00e9p\u00eache-toi! Les ventes se terminent bient\u00f4t\u00a0! Articles Vendus 56\/78 Vendus En stock GUBI Pendentif Ronde quantit\u00e9 Ajouter au panier Liste d&#039;envies<\/p>","protected":false},"author":1,"featured_media":0,"parent":0,"menu_order":39,"comment_status":"closed","ping_status":"closed","template":"","meta":{"footnotes":""},"class_list":["post-7184","page","type-page","status-publish","hentry"],"aioseo_notices":[],"_links":{"self":[{"href":"https:\/\/featherliteladders.com\/fr\/wp-json\/wp\/v2\/pages\/7184","targetHints":{"allow":["GET"]}}],"collection":[{"href":"https:\/\/featherliteladders.com\/fr\/wp-json\/wp\/v2\/pages"}],"about":[{"href":"https:\/\/featherliteladders.com\/fr\/wp-json\/wp\/v2\/types\/page"}],"author":[{"embeddable":true,"href":"https:\/\/featherliteladders.com\/fr\/wp-json\/wp\/v2\/users\/1"}],"replies":[{"embeddable":true,"href":"https:\/\/featherliteladders.com\/fr\/wp-json\/wp\/v2\/comments?post=7184"}],"version-history":[{"count":0,"href":"https:\/\/featherliteladders.com\/fr\/wp-json\/wp\/v2\/pages\/7184\/revisions"}],"wp:attachment":[{"href":"https:\/\/featherliteladders.com\/fr\/wp-json\/wp\/v2\/media?parent=7184"}],"curies":[{"name":"wp","href":"https:\/\/api.w.org\/{rel}","templated":true}]}}