{"id":606,"date":"2022-03-15T19:21:06","date_gmt":"2022-03-15T19:21:06","guid":{"rendered":"https:\/\/dev-crprm.rzr.digital\/featherlite\/?page_id=606"},"modified":"2026-03-30T17:24:00","modified_gmt":"2026-03-30T23:24:00","slug":"duty-ratings","status":"publish","type":"page","link":"https:\/\/featherliteladders.com\/fr\/support\/taux-de-service\/","title":{"rendered":"Classements de service"},"content":{"rendered":"<div data-elementor-type=\"wp-page\" data-elementor-id=\"606\" class=\"elementor elementor-606\">\n\t\t\t\t\t\t\t\t\t<section class=\"elementor-section elementor-top-section elementor-element elementor-element-00c1c50 elementor-section-full_width elementor-section-height-default elementor-section-height-default\" data-id=\"00c1c50\" data-element_type=\"section\" data-settings=\"{&quot;background_background&quot;:&quot;classic&quot;}\">\n\t\t\t\t\t\t<div class=\"elementor-container elementor-column-gap-default\">\n\t\t\t\t\t<div class=\"elementor-column elementor-col-50 elementor-top-column elementor-element elementor-element-785fa0a boxsupport\" data-id=\"785fa0a\" data-element_type=\"column\">\n\t\t\t<div class=\"elementor-widget-wrap elementor-element-populated\">\n\t\t\t\t\t\t\t\t<div class=\"elementor-element elementor-element-9e462c6 elementor-align-center elementor-widget elementor-widget-button\" data-id=\"9e462c6\" data-element_type=\"widget\" data-widget_type=\"button.default\">\n\t\t\t\t<div class=\"elementor-widget-container\">\n\t\t\t\t\t<div class=\"elementor-button-wrapper\">\n\t\t\t<a href=\"https:\/\/featherliteladders.com\/fr\/support\/\" class=\"elementor-button-link elementor-button elementor-size-lg\" role=\"button\" id=\"btn-full\">\n\t\t\t\t\t\t<span class=\"elementor-button-content-wrapper\">\n\t\t\t\t\t\t<span class=\"elementor-button-text\">Soutien<\/span>\n\t\t<\/span>\n\t\t\t\t\t<\/a>\n\t\t<\/div>\n\t\t\t\t<\/div>\n\t\t\t\t<\/div>\n\t\t\t\t<div class=\"elementor-element elementor-element-0254bdc elementor-align-center elementor-widget elementor-widget-button\" data-id=\"0254bdc\" data-element_type=\"widget\" data-widget_type=\"button.default\">\n\t\t\t\t<div class=\"elementor-widget-container\">\n\t\t\t\t\t<div class=\"elementor-button-wrapper\">\n\t\t\t<a href=\"https:\/\/featherliteladders.com\/fr\/support\/securite-echelle\/\" class=\"elementor-button-link elementor-button elementor-size-xl\" role=\"button\" id=\"btn-full\">\n\t\t\t\t\t\t<span class=\"elementor-button-content-wrapper\">\n\t\t\t\t\t\t<span class=\"elementor-button-text\">S\u00e9curit\u00e9 des \u00e9chelles<\/span>\n\t\t<\/span>\n\t\t\t\t\t<\/a>\n\t\t<\/div>\n\t\t\t\t<\/div>\n\t\t\t\t<\/div>\n\t\t\t\t<div class=\"elementor-element elementor-element-05230b3 elementor-align-center elementor-widget elementor-widget-button\" data-id=\"05230b3\" data-element_type=\"widget\" data-widget_type=\"button.default\">\n\t\t\t\t<div class=\"elementor-widget-container\">\n\t\t\t\t\t<div class=\"elementor-button-wrapper\">\n\t\t\t<a href=\"https:\/\/featherliteladders.com\/fr\/support\/taux-de-service\/\" class=\"elementor-button-link elementor-button elementor-size-xl\" role=\"button\" id=\"btn-full\">\n\t\t\t\t\t\t<span class=\"elementor-button-content-wrapper\">\n\t\t\t\t\t\t<span class=\"elementor-button-text\">Classements de service<\/span>\n\t\t<\/span>\n\t\t\t\t\t<\/a>\n\t\t<\/div>\n\t\t\t\t<\/div>\n\t\t\t\t<\/div>\n\t\t\t\t<div class=\"elementor-element elementor-element-4577128 elementor-align-center elementor-widget elementor-widget-button\" data-id=\"4577128\" data-element_type=\"widget\" data-widget_type=\"button.default\">\n\t\t\t\t<div class=\"elementor-widget-container\">\n\t\t\t\t\t<div class=\"elementor-button-wrapper\">\n\t\t\t<a href=\"https:\/\/featherliteladders.com\/fr\/support\/demander-a-un-expert\/\" class=\"elementor-button-link elementor-button elementor-size-xl\" role=\"button\" id=\"btn-full\">\n\t\t\t\t\t\t<span class=\"elementor-button-content-wrapper\">\n\t\t\t\t\t\t<span class=\"elementor-button-text\">Demandez \u00e0 un expert<\/span>\n\t\t<\/span>\n\t\t\t\t\t<\/a>\n\t\t<\/div>\n\t\t\t\t<\/div>\n\t\t\t\t<\/div>\n\t\t\t\t<div class=\"elementor-element elementor-element-a0570bc elementor-align-center elementor-widget elementor-widget-button\" data-id=\"a0570bc\" data-element_type=\"widget\" data-widget_type=\"button.default\">\n\t\t\t\t<div class=\"elementor-widget-container\">\n\t\t\t\t\t<div class=\"elementor-button-wrapper\">\n\t\t\t<a href=\"https:\/\/featherliteladders.com\/wp-content\/uploads\/2026-featherlite-catalog-20260330.pdf\" class=\"elementor-button-link elementor-button elementor-size-xl\" role=\"button\" id=\"btn-full\">\n\t\t\t\t\t\t<span class=\"elementor-button-content-wrapper\">\n\t\t\t\t\t\t<span class=\"elementor-button-text\">2026 Catalog<\/span>\n\t\t<\/span>\n\t\t\t\t\t<\/a>\n\t\t<\/div>\n\t\t\t\t<\/div>\n\t\t\t\t<\/div>\n\t\t\t\t<div class=\"elementor-element elementor-element-e776a00 elementor-align-center elementor-widget elementor-widget-button\" data-id=\"e776a00\" data-element_type=\"widget\" data-widget_type=\"button.default\">\n\t\t\t\t<div class=\"elementor-widget-container\">\n\t\t\t\t\t<div class=\"elementor-button-wrapper\">\n\t\t\t<a href=\"http:\/\/featherliteladders.com\/fr\/support\/covid-19\/\" class=\"elementor-button-link elementor-button elementor-size-xl\" role=\"button\" id=\"btn-full\">\n\t\t\t\t\t\t<span class=\"elementor-button-content-wrapper\">\n\t\t\t\t\t\t<span class=\"elementor-button-text\">COVID-19 [feminine]<\/span>\n\t\t<\/span>\n\t\t\t\t\t<\/a>\n\t\t<\/div>\n\t\t\t\t<\/div>\n\t\t\t\t<\/div>\n\t\t\t\t<div class=\"elementor-element elementor-element-1d287eb elementor-align-center elementor-widget elementor-widget-button\" data-id=\"1d287eb\" data-element_type=\"widget\" data-widget_type=\"button.default\">\n\t\t\t\t<div class=\"elementor-widget-container\">\n\t\t\t\t\t<div class=\"elementor-button-wrapper\">\n\t\t\t<a href=\"https:\/\/featherliteladders.com\/fr\/support\/conformite-aoda\/\" class=\"elementor-button-link elementor-button elementor-size-xl\" role=\"button\" id=\"btn-full\">\n\t\t\t\t\t\t<span class=\"elementor-button-content-wrapper\">\n\t\t\t\t\t\t<span class=\"elementor-button-text\">Conformit\u00e9 \u00e0 la LAPHO<\/span>\n\t\t<\/span>\n\t\t\t\t\t<\/a>\n\t\t<\/div>\n\t\t\t\t<\/div>\n\t\t\t\t<\/div>\n\t\t\t\t<div class=\"elementor-element elementor-element-596df74 elementor-align-center elementor-widget elementor-widget-button\" data-id=\"596df74\" data-element_type=\"widget\" data-widget_type=\"button.default\">\n\t\t\t\t<div class=\"elementor-widget-container\">\n\t\t\t\t\t<div class=\"elementor-button-wrapper\">\n\t\t\t<a href=\"https:\/\/featherliteladders.com\/fr\/support\/aoda-formulaire-de-commentaires-clients\/\" class=\"elementor-button-link elementor-button elementor-size-xl\" role=\"button\" id=\"btn-full\">\n\t\t\t\t\t\t<span class=\"elementor-button-content-wrapper\">\n\t\t\t\t\t\t<span class=\"elementor-button-text\">LAPHO - Formulaire de commentaires des clients<\/span>\n\t\t<\/span>\n\t\t\t\t\t<\/a>\n\t\t<\/div>\n\t\t\t\t<\/div>\n\t\t\t\t<\/div>\n\t\t\t\t\t<\/div>\n\t\t<\/div>\n\t\t\t\t<div class=\"elementor-column elementor-col-50 elementor-top-column elementor-element elementor-element-db86341\" data-id=\"db86341\" data-element_type=\"column\">\n\t\t\t<div class=\"elementor-widget-wrap elementor-element-populated\">\n\t\t\t\t\t\t\t\t<div class=\"elementor-element elementor-element-bdf1e2c elementor-widget elementor-widget-text-editor\" data-id=\"bdf1e2c\" data-element_type=\"widget\" data-widget_type=\"text-editor.default\">\n\t\t\t\t<div class=\"elementor-widget-container\">\n\t\t\t<style>\/*! elementor - v3.6.6 - 08-06-2022 *\/\n.elementor-widget-text-editor.elementor-drop-cap-view-stacked .elementor-drop-cap{background-color:#818a91;color:#fff}.elementor-widget-text-editor.elementor-drop-cap-view-framed .elementor-drop-cap{color:#818a91;border:3px solid;background-color:transparent}.elementor-widget-text-editor:not(.elementor-drop-cap-view-default) .elementor-drop-cap{margin-top:8px}.elementor-widget-text-editor:not(.elementor-drop-cap-view-default) .elementor-drop-cap-letter{width:1em;height:1em}.elementor-widget-text-editor .elementor-drop-cap{float:left;text-align:center;line-height:1;font-size:50px}.elementor-widget-text-editor .elementor-drop-cap-letter{display:inline-block}<\/style>\t\t\t\t<h2><strong>Classements de service<\/strong><\/h2>\t\t\t\t\t\t<\/div>\n\t\t\t\t<\/div>\n\t\t\t\t<div class=\"elementor-element elementor-element-3f17b57 elementor-widget elementor-widget-text-editor\" data-id=\"3f17b57\" data-element_type=\"widget\" data-widget_type=\"text-editor.default\">\n\t\t\t\t<div class=\"elementor-widget-container\">\n\t\t\t\t\t\t\t<p>L&#039;innovation est notre force. Et nos \u00e9chelles ont les chiffres pour le prouver. Les \u00e9chelles Featherlite sont rigoureusement test\u00e9es pour se conformer aux exigences de l&#039;Association canadienne de normalisation (CSA) et de l&#039;American National Standards Institute (ANSI).<\/p>\t\t\t\t\t\t<\/div>\n\t\t\t\t<\/div>\n\t\t\t\t<div class=\"elementor-element elementor-element-a6ee46d elementor-widget elementor-widget-text-editor\" data-id=\"a6ee46d\" data-element_type=\"widget\" data-widget_type=\"text-editor.default\">\n\t\t\t\t<div class=\"elementor-widget-container\">\n\t\t\t\t\t\t\t<p>La cote appropri\u00e9e pour chaque \u00e9chelle est obtenue gr\u00e2ce \u00e0 une vaste s\u00e9rie de tests requis par les diff\u00e9rentes normes.<\/p>\t\t\t\t\t\t<\/div>\n\t\t\t\t<\/div>\n\t\t\t\t<div class=\"elementor-element elementor-element-fa26d41 elementor-widget elementor-widget-text-editor\" data-id=\"fa26d41\" data-element_type=\"widget\" data-widget_type=\"text-editor.default\">\n\t\t\t\t<div class=\"elementor-widget-container\">\n\t\t\t\t\t\t\t<p><strong>Lors de la s\u00e9lection de l&#039;indice de service adapt\u00e9 \u00e0 vos besoins, vous DEVEZ tenir compte de l&#039;effet combin\u00e9 de\u00a0: le poids de l&#039;utilisateur, de l&#039;\u00e9quipement et des mat\u00e9riaux\u00a0; et, toutes les forces qui peuvent \u00eatre communiqu\u00e9es \u00e0 l&#039;\u00e9chelle tout en travaillant dessus.<\/strong><\/p>\t\t\t\t\t\t<\/div>\n\t\t\t\t<\/div>\n\t\t\t\t<div class=\"elementor-element elementor-element-f9d7261 elementor-position-left elementor-vertical-align-middle elementor-widget elementor-widget-image-box\" data-id=\"f9d7261\" data-element_type=\"widget\" data-widget_type=\"image-box.default\">\n\t\t\t\t<div class=\"elementor-widget-container\">\n\t\t\t<style>\/*! elementor - v3.6.6 - 08-06-2022 *\/\n.elementor-widget-image-box .elementor-image-box-content{width:100%}@media (min-width:768px){.elementor-widget-image-box.elementor-position-left .elementor-image-box-wrapper,.elementor-widget-image-box.elementor-position-right .elementor-image-box-wrapper{display:-webkit-box;display:-ms-flexbox;display:flex}.elementor-widget-image-box.elementor-position-right .elementor-image-box-wrapper{text-align:right;-webkit-box-orient:horizontal;-webkit-box-direction:reverse;-ms-flex-direction:row-reverse;flex-direction:row-reverse}.elementor-widget-image-box.elementor-position-left .elementor-image-box-wrapper{text-align:left;-webkit-box-orient:horizontal;-webkit-box-direction:normal;-ms-flex-direction:row;flex-direction:row}.elementor-widget-image-box.elementor-position-top .elementor-image-box-img{margin:auto}.elementor-widget-image-box.elementor-vertical-align-top .elementor-image-box-wrapper{-webkit-box-align:start;-ms-flex-align:start;align-items:flex-start}.elementor-widget-image-box.elementor-vertical-align-middle .elementor-image-box-wrapper{-webkit-box-align:center;-ms-flex-align:center;align-items:center}.elementor-widget-image-box.elementor-vertical-align-bottom .elementor-image-box-wrapper{-webkit-box-align:end;-ms-flex-align:end;align-items:flex-end}}@media (max-width:767px){.elementor-widget-image-box .elementor-image-box-img{margin-left:auto!important;margin-right:auto!important;margin-bottom:15px}}.elementor-widget-image-box .elementor-image-box-img{display:inline-block}.elementor-widget-image-box .elementor-image-box-title a{color:inherit}.elementor-widget-image-box .elementor-image-box-wrapper{text-align:center}.elementor-widget-image-box .elementor-image-box-description{margin:0}<\/style><div class=\"elementor-image-box-wrapper\"><figure class=\"elementor-image-box-img\"><img loading=\"lazy\" decoding=\"async\" width=\"501\" height=\"451\" src=\"https:\/\/featherliteladders.com\/wp-content\/uploads\/2022\/03\/duty-ratings_200-lg.png\" class=\"attachment-full size-full\" alt=\"\" \/><\/figure><div class=\"elementor-image-box-content\"><h3 class=\"elementor-image-box-title\">Type III, service l\u00e9ger, 200 lb.<\/h3><p class=\"elementor-image-box-description\">Convient pour un usage domestique, l\u00e9ger, capable de supporter 200 lb. Utilisations : Nettoyage l\u00e9ger et peinture.<\/p><\/div><\/div>\t\t<\/div>\n\t\t\t\t<\/div>\n\t\t\t\t<div class=\"elementor-element elementor-element-ecc4179 elementor-position-left elementor-vertical-align-middle elementor-widget elementor-widget-image-box\" data-id=\"ecc4179\" data-element_type=\"widget\" data-widget_type=\"image-box.default\">\n\t\t\t\t<div class=\"elementor-widget-container\">\n\t\t\t<div class=\"elementor-image-box-wrapper\"><figure class=\"elementor-image-box-img\"><img loading=\"lazy\" decoding=\"async\" width=\"501\" height=\"451\" src=\"https:\/\/featherliteladders.com\/wp-content\/uploads\/2022\/03\/duty-ratings_225-lg.png\" class=\"attachment-full size-full\" alt=\"\" \/><\/figure><div class=\"elementor-image-box-content\"><h3 class=\"elementor-image-box-title\">Type II, service moyen, 225 lb.<\/h3><p class=\"elementor-image-box-description\">Convient \u00e0 un usage commercial, \u00e0 usage moyen, capable de supporter 225 lb. Utilisations : r\u00e9paration, peinture et nettoyage commerciaux l\u00e9gers et g\u00e9n\u00e9raux.<\/p><\/div><\/div>\t\t<\/div>\n\t\t\t\t<\/div>\n\t\t\t\t<div class=\"elementor-element elementor-element-784d4ed elementor-position-left elementor-vertical-align-middle elementor-widget elementor-widget-image-box\" data-id=\"784d4ed\" data-element_type=\"widget\" data-widget_type=\"image-box.default\">\n\t\t\t\t<div class=\"elementor-widget-container\">\n\t\t\t<div class=\"elementor-image-box-wrapper\"><figure class=\"elementor-image-box-img\"><img loading=\"lazy\" decoding=\"async\" width=\"501\" height=\"451\" src=\"https:\/\/featherliteladders.com\/wp-content\/uploads\/2022\/03\/duty-ratings_250-lg.png\" class=\"attachment-full size-full\" alt=\"\" \/><\/figure><div class=\"elementor-image-box-content\"><h3 class=\"elementor-image-box-title\">Type I, usage intensif, 250 lb.<\/h3><p class=\"elementor-image-box-description\">Convient \u00e0 un usage industriel, robuste, capable de supporter 250 lb. Utilisations\u00a0: entretien de b\u00e2timents, entreprise g\u00e9n\u00e9rale et plaques de pl\u00e2tre.<\/p><\/div><\/div>\t\t<\/div>\n\t\t\t\t<\/div>\n\t\t\t\t<div class=\"elementor-element elementor-element-e4021ce elementor-position-left elementor-vertical-align-middle elementor-widget elementor-widget-image-box\" data-id=\"e4021ce\" data-element_type=\"widget\" data-widget_type=\"image-box.default\">\n\t\t\t\t<div class=\"elementor-widget-container\">\n\t\t\t<div class=\"elementor-image-box-wrapper\"><figure class=\"elementor-image-box-img\"><img loading=\"lazy\" decoding=\"async\" width=\"501\" height=\"451\" src=\"https:\/\/featherliteladders.com\/wp-content\/uploads\/2022\/03\/duty-ratings_300-lg.png\" class=\"attachment-full size-full\" alt=\"\" \/><\/figure><div class=\"elementor-image-box-content\"><h3 class=\"elementor-image-box-title\">Type IA, extra-robuste, 300 lb.<\/h3><p class=\"elementor-image-box-description\">Convient \u00e0 un usage professionnel, extra-robuste, capable de supporter 300 lb. Utilisations : Entretien de b\u00e2timents, entrepreneur et construction industrielle.<\/p><\/div><\/div>\t\t<\/div>\n\t\t\t\t<\/div>\n\t\t\t\t<div class=\"elementor-element elementor-element-e972ace elementor-position-left elementor-vertical-align-middle elementor-widget elementor-widget-image-box\" data-id=\"e972ace\" data-element_type=\"widget\" data-widget_type=\"image-box.default\">\n\t\t\t\t<div class=\"elementor-widget-container\">\n\t\t\t<div class=\"elementor-image-box-wrapper\"><figure class=\"elementor-image-box-img\"><img loading=\"lazy\" decoding=\"async\" width=\"501\" height=\"451\" src=\"https:\/\/featherliteladders.com\/wp-content\/uploads\/2022\/03\/duty-ratings_375-lg.png\" class=\"attachment-full size-full\" alt=\"\" \/><\/figure><div class=\"elementor-image-box-content\"><h3 class=\"elementor-image-box-title\">Type IAA, tr\u00e8s r\u00e9sistant, 375 lb.<\/h3><p class=\"elementor-image-box-description\">Convient \u00e0 un usage professionnel, tr\u00e8s r\u00e9sistant, capable de supporter 375 lb. Utilisations : MRO et construction industrielle.<\/p><\/div><\/div>\t\t<\/div>\n\t\t\t\t<\/div>\n\t\t\t\t\t<\/div>\n\t\t<\/div>\n\t\t\t\t\t\t\t<\/div>\n\t\t<\/section>\n\t\t\t\t\t\t\t<\/div>","protected":false},"excerpt":{"rendered":"<p>Support Ladder Safety Duty Ratings Ask An Expert 2026 Catalog COVID-19 AODA Compliance AODA &#8211; Customer Feedback Form Duty Ratings Innovation is our strength. And our ladders have the numbers to prove it. Featherlite Ladders are rigorously tested to conform to the requirements of the Canadians Standards Association (CSA) and the American National Standards Institute [&hellip;]<\/p>","protected":false},"author":1,"featured_media":0,"parent":520,"menu_order":36,"comment_status":"closed","ping_status":"closed","template":"","meta":{"footnotes":""},"class_list":["post-606","page","type-page","status-publish","hentry"],"aioseo_notices":[],"_links":{"self":[{"href":"https:\/\/featherliteladders.com\/fr\/wp-json\/wp\/v2\/pages\/606","targetHints":{"allow":["GET"]}}],"collection":[{"href":"https:\/\/featherliteladders.com\/fr\/wp-json\/wp\/v2\/pages"}],"about":[{"href":"https:\/\/featherliteladders.com\/fr\/wp-json\/wp\/v2\/types\/page"}],"author":[{"embeddable":true,"href":"https:\/\/featherliteladders.com\/fr\/wp-json\/wp\/v2\/users\/1"}],"replies":[{"embeddable":true,"href":"https:\/\/featherliteladders.com\/fr\/wp-json\/wp\/v2\/comments?post=606"}],"version-history":[{"count":0,"href":"https:\/\/featherliteladders.com\/fr\/wp-json\/wp\/v2\/pages\/606\/revisions"}],"up":[{"embeddable":true,"href":"https:\/\/featherliteladders.com\/fr\/wp-json\/wp\/v2\/pages\/520"}],"wp:attachment":[{"href":"https:\/\/featherliteladders.com\/fr\/wp-json\/wp\/v2\/media?parent=606"}],"curies":[{"name":"wp","href":"https:\/\/api.w.org\/{rel}","templated":true}]}}