{"id":310,"date":"2022-03-14T22:29:25","date_gmt":"2022-03-15T04:29:25","guid":{"rendered":"https:\/\/dev-crprm.rzr.digital\/featherlite\/?page_id=310"},"modified":"2025-12-17T09:39:46","modified_gmt":"2025-12-17T15:39:46","slug":"contact","status":"publish","type":"page","link":"https:\/\/featherliteladders.com\/fr\/contactez\/","title":{"rendered":"Contact"},"content":{"rendered":"<h2><strong>Nous contacter<\/strong><\/h2>\n<p><strong>Connectez-vous aux experts de Featherlite. Laissez le leader de l&#039;industrie des \u00e9chelles vous aider \u00e0 trouver une solution pour votre application, entretenir vos produits existants ou r\u00e9pondre \u00e0 toutes vos questions.<\/strong><\/p>\n<p>Remplissez le formulaire ou utilisez l&#039;une des options de contact ci-dessous afin d&#039;entrer en contact. Un de nos techniciens d&#039;\u00e9chelle qualifi\u00e9s vous contactera dans les plus brefs d\u00e9lais!<\/p>\n<p><strong>Si\u00e8ge social<\/strong><br \/>\n100 Dr Engelhard<br \/>\nAurora, ON, Canada, L4G 3V2<br \/>\nT\u00e9l : (905) 727-0031<br \/>\nT\u00e9l\u00e9copieur : (905) 727-7271<\/p>\n<p><strong>Entrep\u00f4t R\u00e9gional du Qu\u00e9bec<\/strong><br \/>\n2001 Francis Hughes<br \/>\nLaval, QC, Canada, H7S 2G2<br \/>\nT\u00e9l : (450) 668-4610<br \/>\nT\u00e9l\u00e9copieur : (450) 668-4611<\/p>\n<p><strong>R\u00e9gional de la Colombie-Britannique<\/strong>\u00a0Entrep\u00f4t<br \/>\n17260 Heather Dr. Unit 202<br \/>\nSurrey, BC, Canada, V3S 0B4<br \/>\nT\u00e9l : (604) 940-2972<br \/>\nT\u00e9l\u00e9copieur : (604) 940-2973<\/p>\n<p><strong>Envoyez-nous un email:<\/strong>\u00a0<a href=\"\/fr\/salesdesk@featherliteladders.com\/\">salesdesk@featherliteladders.com<\/a><\/p>","protected":false},"excerpt":{"rendered":"<p>Contact Us Connect to the experts at Featherlite. Let the industry leader in ladders help you find a solution for your application, service your existing products, or answer any questions you have. Fill out the form or use one of the contact options below in order to get in touch. One of our skilled ladder [&hellip;]<\/p>","protected":false},"author":1,"featured_media":0,"parent":0,"menu_order":5,"comment_status":"closed","ping_status":"closed","template":"","meta":{"footnotes":""},"class_list":["post-310","page","type-page","status-publish","hentry"],"aioseo_notices":[],"_links":{"self":[{"href":"https:\/\/featherliteladders.com\/fr\/wp-json\/wp\/v2\/pages\/310","targetHints":{"allow":["GET"]}}],"collection":[{"href":"https:\/\/featherliteladders.com\/fr\/wp-json\/wp\/v2\/pages"}],"about":[{"href":"https:\/\/featherliteladders.com\/fr\/wp-json\/wp\/v2\/types\/page"}],"author":[{"embeddable":true,"href":"https:\/\/featherliteladders.com\/fr\/wp-json\/wp\/v2\/users\/1"}],"replies":[{"embeddable":true,"href":"https:\/\/featherliteladders.com\/fr\/wp-json\/wp\/v2\/comments?post=310"}],"version-history":[{"count":0,"href":"https:\/\/featherliteladders.com\/fr\/wp-json\/wp\/v2\/pages\/310\/revisions"}],"wp:attachment":[{"href":"https:\/\/featherliteladders.com\/fr\/wp-json\/wp\/v2\/media?parent=310"}],"curies":[{"name":"wp","href":"https:\/\/api.w.org\/{rel}","templated":true}]}}